{"id":10835,"date":"2021-05-27T12:40:49","date_gmt":"2021-05-27T10:40:49","guid":{"rendered":"https:\/\/www.abanico.de\/abanico\/?post_type=product&#038;p=10835"},"modified":"2024-08-21T08:29:47","modified_gmt":"2024-08-21T06:29:47","slug":"a-lot-sumbrada-2-download-de","status":"publish","type":"product","link":"https:\/\/www.abanico.de\/abanico\/shop\/download-de\/seminar-videos-download-de\/alotarnisliveonlinetraining\/a-lot-sumbrada-2-download-de\/","title":{"rendered":"A-LOT-Sumbrada-2 &#8211; Download &#8211; DE"},"content":{"rendered":"<p>Dies ist das Video vom Arnis Live-Online-Training, A-LOT, das GM Datu Dieter Kn\u00fcttel, 10. Dan Modern Arnis, zum Thema:<\/p>\n<h4><strong>Sumbrada Teil 2:<\/strong><\/h4>\n<h4><strong>6 Count Sumbrada, Sumbrada mit Stich und Punyo Sumbrada<br \/>\n<\/strong><\/h4>\n<ul>\n<li><strong>Doppelstock <\/strong><\/li>\n<li><strong>Espada y Daga <\/strong><\/li>\n<li><strong>Messer <\/strong><\/li>\n<li><strong>Doppel-Messer <\/strong><\/li>\n<li><strong>Waffenlos<br \/>\n<\/strong><\/li>\n<li><strong>mit ungleichen Waffen<\/strong><\/li>\n<\/ul>\n<p>abgehalten hat.<\/p>\n<p>Es wird die Technik, Methodik und Didaktik des Unterrichtens sowie viele Details f\u00fcr die Ausf\u00fchrung der Technik erkl\u00e4rt und demonstriert.<\/p>\n<p>Das Video hat Kapitelmarker.<br \/>\nErkl\u00e4rung hier: <em><strong><a href=\"https:\/\/www.abanico.de\/abanico\/kapitel-in-download-videos\/\"><span style=\"color: #ff0000;\">Kapitelmarker<\/span><\/a><\/strong><\/em><\/p>\n<p>Hier der Inhalt des Videos:<\/p>\n<p>00:00\u00a0 Vorspann<br \/>\n00:50\u00a0 Wiederholung aus Sumbrada 1<br \/>\n01:03\u00a0\u00a0\u00a0\u00a0\u00a0 &#8211; Single Sinawali<br \/>\n01:09\u00a0\u00a0\u00a0\u00a0\u00a0 &#8211; 6 Count Sumbrada<br \/>\n01:14\u00a0\u00a0\u00a0\u00a0\u00a0 &#8211; Sumbrada mit Stich<br \/>\n01:19\u00a0\u00a0\u00a0\u00a0\u00a0 &#8211; Punyo Sumbrada<br \/>\n01:34\u00a0 Doppelstock<br \/>\n01:48\u00a0\u00a0\u00a0\u00a0\u00a0 &#8211; Doppelstock: 6 Count Sumbrada<br \/>\n02:49\u00a0\u00a0\u00a0\u00a0\u00a0\u00a0\u00a0\u00a0\u00a0 &#8211; Doppelstock &#8211; 6 Count Sumbrada: ohne Partner<br \/>\n03:19\u00a0\u00a0\u00a0\u00a0\u00a0\u00a0\u00a0\u00a0\u00a0 &#8211; Doppelstock &#8211; 6 Count mit Beinarbeit<br \/>\n03:59\u00a0\u00a0\u00a0\u00a0\u00a0\u00a0\u00a0\u00a0\u00a0\u00a0\u00a0\u00a0\u00a0 &#8211; Doppelstock &#8211; 6 Count Sumbrada mit Beinarbeit: ohne Partner<br \/>\n04:30\u00a0\u00a0\u00a0\u00a0\u00a0\u00a0\u00a0\u00a0\u00a0 &#8211; Im Doppelstock KEIN Sumbrada mit Stich und KEIN Punyo Sumbrada<br \/>\n05:18\u00a0\u00a0\u00a0\u00a0\u00a0 &#8211; Doppelstock Verkettung: Single Sinawali &#8211; 6 Count Sumbrada<br \/>\n06:16\u00a0\u00a0\u00a0\u00a0\u00a0\u00a0\u00a0\u00a0\u00a0 &#8211; Doppelstock Verkettung: Single Sinawali &#8211; 6 Count Sumbrada: ohne Partner<br \/>\n06:47\u00a0 Espada y Daga<br \/>\n06:51\u00a0\u00a0\u00a0\u00a0\u00a0 &#8211; Espada y Daga: Single Sinawali<br \/>\n07:04 \u00a0 \u00a0\u00a0 &#8211; Espada y Daga: 6 Count Sumbrada<br \/>\n08:23 \u00a0 \u00a0 \u00a0 \u00a0\u00a0 &#8211; Espada y Daga &#8211; 6 Count Sumbrada: ohne Partner<br \/>\n08:40\u00a0\u00a0\u00a0\u00a0\u00a0 &#8211; Espada y Daga Verkettung: Single Sinawali &#8211; 6 Count Sumbrada &#8211; Sumbrada mit Stich<br \/>\n09:46\u00a0\u00a0\u00a0\u00a0\u00a0\u00a0\u00a0\u00a0\u00a0 &#8211; Espada y Daga Verkettung: Single Sinawali &#8211; 6 Count Sumbrada &#8211; Sumbrada mit Stich: ohne Partner<br \/>\n10:34\u00a0\u00a0\u00a0\u00a0\u00a0 &#8211; Espada y Daga: Punyo Sumbrada<br \/>\n11:09\u00a0\u00a0\u00a0\u00a0\u00a0 &#8211; Espada y Daga Verkettung: Single Sinawali &#8211; 6 Count Sumbrada &#8211; Sumbrada mit Stich &#8211; Punyo Sumbrada<br \/>\n12:00\u00a0\u00a0\u00a0\u00a0\u00a0\u00a0\u00a0\u00a0\u00a0 &#8211; Espada y Daga &#8211; Punyo Sumbrada: ohne Partner<br \/>\n12:27\u00a0 Messer<br \/>\n12:38 \u00a0 \u00a0\u00a0 &#8211; Messer: 6 Count Sumbrada<br \/>\n13:24\u00a0\u00a0\u00a0\u00a0\u00a0\u00a0\u00a0\u00a0\u00a0 &#8211; Auf die richtige Distanz achten<br \/>\n13:56\u00a0\u00a0\u00a0\u00a0\u00a0\u00a0\u00a0\u00a0\u00a0 &#8211; Messer &#8211; 6 Count Sumbrada: ohne Partner<br \/>\n14:28\u00a0\u00a0 \u00a0\u00a0 &#8211; Messer: Sumbrada mit Stich<br \/>\n15:51\u00a0\u00a0\u00a0\u00a0\u00a0\u00a0\u00a0\u00a0\u00a0 &#8211; Messer &#8211; Sumbrada mit Stich: ohne Partner<br \/>\n16:16\u00a0\u00a0\u00a0\u00a0\u00a0\u00a0\u00a0\u00a0\u00a0 &#8211; Messer &#8211; Sumbrada mit Stich: Problem beim rumf\u00fchren mit der L\u00f6sung<br \/>\n17:11\u00a0\u00a0\u00a0\u00a0\u00a0 &#8211; Messer: Punyo Sumbrada<br \/>\n18:20\u00a0\u00a0\u00a0\u00a0\u00a0\u00a0\u00a0\u00a0\u00a0 &#8211; Messer &#8211; Punyo Sumbrada: ohne Partner<br \/>\n18:43\u00a0 Doppel-Messer<br \/>\n18:53\u00a0\u00a0\u00a0\u00a0\u00a0 &#8211; Doppel-Messer: 6 Count Sumbrada<br \/>\n19:13\u00a0\u00a0\u00a0\u00a0\u00a0 &#8211; Doppel-Messer: Sumbrada mit Stich<br \/>\n19:25\u00a0\u00a0\u00a0\u00a0\u00a0 &#8211; Doppel-Messer: Punyo Sumbrada<br \/>\n19:45 \u00a0 \u00a0 \u00a0 \u00a0\u00a0 &#8211; Doppel-Messer &#8211; Sumbrada &#8211; Sumbrada mit Stich &#8211; Punyo Sumbrada: ohne Partner<br \/>\n20:39\u00a0 Waffenlos<br \/>\n20:45\u00a0\u00a0\u00a0\u00a0\u00a0 &#8211; Waffenlos: 6 Count Sumbrada<br \/>\n21:20\u00a0\u00a0\u00a0\u00a0\u00a0\u00a0\u00a0\u00a0\u00a0 &#8211; Waffenlos &#8211; 6 Count Sumbrada: ohne Partner<br \/>\n21:37\u00a0 6 Count Sumbrada mit ungleichen Waffen<br \/>\n24:04\u00a0 Fazit: Sumbrada Teil 2<br \/>\n25:25\u00a0 Verabschiedung<br \/>\n25:34\u00a0 Abspann<br \/>\n26:02\u00a0 Ende<\/p>\n<div class=\"avia_textblock avia_textblock_style\" data-update_with=\"content\">\n<h3>Trailer<\/h3>\n<div style=\"width: 640px;\" class=\"wp-video\"><video class=\"wp-video-shortcode\" id=\"video-10835-1\" width=\"640\" height=\"360\" preload=\"metadata\" controls=\"controls\"><source type=\"video\/mp4\" src=\"https:\/\/www.abanico.de\/abanico\/wp-content\/files\/trailer\/A-LOT-Trailer-Sumbrada-2.mp4?_=1\" \/><a href=\"https:\/\/www.abanico.de\/abanico\/wp-content\/files\/trailer\/A-LOT-Trailer-Sumbrada-2.mp4\">https:\/\/www.abanico.de\/abanico\/wp-content\/files\/trailer\/A-LOT-Trailer-Sumbrada-2.mp4<\/a><\/video><\/div>\n<\/div>\n<h4>Dies alles wird im dem A-LOT (Arnis Live-Online-Training) Video detailliert erkl\u00e4rt und demonstriert.<br \/>\nDas Arnis Live -Online- Trainings Video ist Teil der neuen Serie:\u00a0 Die \u00fcber Internet abgehaltenen Arnis Live-Online-Trainings Videos von und mit GM Datu Dieter Kn\u00fcttel, 10. Dan Modern Arnis.<br \/>\nNicht nur schnelle Demos, von denen es so viele auf Youtube zu sehen gibt, sondern Unterricht mit Erkl\u00e4rungen des &#8222;Was, Warum und Wie&#8220; mit vielen wichtigen Details, die bei reinen Demos verloren gehen.<br \/>\n<strong>Videos, von denen man wirklich lernen kann.<\/strong><\/h4>\n<div class=\"avia_textblock avia_textblock_style\" data-update_with=\"content\">\n<hr \/>\n<\/div>\n<h4><a href=\"https:\/\/www.abanico.de\/dieterknuettel\/wp\/de\/kurzbiographie\/\"><strong><em><span style=\"color: #ff0000;\">Gro\u00dfmeister Datu Dieter Kn\u00fcttel<\/span><\/em><\/strong><\/a><br \/>\nist Diplom-Sportlehrer, Bundestrainer f\u00fcr Modern Arnis (seit 1985) und Modern Arnis Repr\u00e4sentant f\u00fcr Europa.<\/h4>\n<p>Er unterrichtet Selbstverteidigung seit Ende der 70er Jahre in ganz Deutschland aber auch weltweit.<\/p>\n<p>1996 wurde ihm der Titel Datu und der Grad Lakan Anim, 6. Dan Modern Arnis, von Gro\u00dfmeister Remy A. Presas (10. Dan) pers\u00f6nlich als 4. Arnis-Lehrer au\u00dferhalb der Philippinen und als erstem au\u00dferhalb der USA, verliehen<br \/>\nNachdem er den 7., 8. und 9. Dan auf den Philippinen verliehen bekommen hatte, wurde m 24.9.2016 in Dortmund \u00f6ffentlich bekanntgegeben, dass er von Gro\u00dfmeister Roberto Presas den 10. Dan Modern Arnis verliehen bekommen hatte.<\/p>\n<p>Dieter Kn\u00fcttel betreibt Kampfsport seit 1967 und philippinische Kampfk\u00fcnste seit 1978. Er unterrichtet Modern Arnis auf Lehrg\u00e4ngen \u00fcberall in Europa, Russland, Australien und in den USA.<\/p>\n<p>&nbsp;<\/p>\n<div class=\"avia_textblock avia_textblock_style\" data-update_with=\"content\">\n<hr \/>\n<\/div>\n","protected":false},"excerpt":{"rendered":"<h2><strong>A-LOT-Sumbrada-2 &#8211; Download &#8211; DE<\/strong><\/h2>\n<p><strong>Sprache: deutsch &#8211; download<\/strong><br \/>\nLaufzeit (Min.): 26<br \/>\n<strong>Produzent: ABANICO<\/strong><\/p>\n","protected":false},"featured_media":10836,"comment_status":"open","ping_status":"closed","template":"","meta":[],"product_brand":[],"product_cat":[9321,39,7329,40,2150,685],"product_tag":[913,9040,9022,1370,1372,1374,9633,5628,9231,1883,9617,1301,9629,9619,9615,2217,1321,9631,1376,9621,9163,9042,1845,9229,9211,1847,9468,9623,9637,1708,9635],"class_list":{"0":"post-10835","1":"product","2":"type-product","3":"status-publish","4":"has-post-thumbnail","6":"product_cat-alotarnisliveonlinetraining","7":"product_cat-download-de","8":"product_cat-grossmeister-und-meister-des-modern-arnis","9":"product_cat-modern-arnis-download-de","10":"product_cat-selbstverteidigung-de","11":"product_cat-seminar-videos-download-de","12":"product_tag-anwendungen-de","13":"product_tag-arnis","14":"product_tag-datu-dieter","15":"product_tag-dav-de","16":"product_tag-deutscher-arnis-verband-de","17":"product_tag-dieter-knuettel-de","18":"product_tag-doppel-messer","19":"product_tag-doppelstock","20":"product_tag-download-video","21":"product_tag-drill-de","22":"product_tag-einzelstock-drill","23":"product_tag-eskrima-de","24":"product_tag-espada-y-daga","25":"product_tag-flow-drill","26":"product_tag-haare-ziehen","27":"product_tag-kali-de","28":"product_tag-karate-de","29":"product_tag-mess3er","30":"product_tag-modern-arnis-de","31":"product_tag-punyo-sumbrada","32":"product_tag-remy-presas","33":"product_tag-selbstschutz","34":"product_tag-selbstverteidigung-de","35":"product_tag-seminar-video","36":"product_tag-sumbrada","37":"product_tag-sv-de","38":"product_tag-training-ohne-partner-in","39":"product_tag-verkettung","40":"product_tag-verkettung-von-drills","41":"product_tag-verteidigung-de","42":"product_tag-waffenlos","44":"first","45":"instock","46":"downloadable","47":"virtual","48":"sold-individually","49":"taxable","50":"purchasable","51":"product-type-simple"},"_links":{"self":[{"href":"https:\/\/www.abanico.de\/abanico\/wp-json\/wp\/v2\/product\/10835","targetHints":{"allow":["GET"]}}],"collection":[{"href":"https:\/\/www.abanico.de\/abanico\/wp-json\/wp\/v2\/product"}],"about":[{"href":"https:\/\/www.abanico.de\/abanico\/wp-json\/wp\/v2\/types\/product"}],"replies":[{"embeddable":true,"href":"https:\/\/www.abanico.de\/abanico\/wp-json\/wp\/v2\/comments?post=10835"}],"wp:featuredmedia":[{"embeddable":true,"href":"https:\/\/www.abanico.de\/abanico\/wp-json\/wp\/v2\/media\/10836"}],"wp:attachment":[{"href":"https:\/\/www.abanico.de\/abanico\/wp-json\/wp\/v2\/media?parent=10835"}],"wp:term":[{"taxonomy":"product_brand","embeddable":true,"href":"https:\/\/www.abanico.de\/abanico\/wp-json\/wp\/v2\/product_brand?post=10835"},{"taxonomy":"product_cat","embeddable":true,"href":"https:\/\/www.abanico.de\/abanico\/wp-json\/wp\/v2\/product_cat?post=10835"},{"taxonomy":"product_tag","embeddable":true,"href":"https:\/\/www.abanico.de\/abanico\/wp-json\/wp\/v2\/product_tag?post=10835"}],"curies":[{"name":"wp","href":"https:\/\/api.w.org\/{rel}","templated":true}]}}