{"id":10818,"date":"2021-05-26T13:23:30","date_gmt":"2021-05-26T11:23:30","guid":{"rendered":"https:\/\/www.abanico.de\/abanico\/?post_type=product&#038;p=10818"},"modified":"2024-08-21T08:30:04","modified_gmt":"2024-08-21T06:30:04","slug":"a-lot-sv-5-download-de","status":"publish","type":"product","link":"https:\/\/www.abanico.de\/abanico\/shop\/download-de\/seminar-videos-download-de\/alotarnisliveonlinetraining\/a-lot-sv-5-download-de\/","title":{"rendered":"A-LOT-SV-5 &#8211; Download &#8211; DE"},"content":{"rendered":"<p>Dies ist das Video vom Arnis Live-Online-Training, A-LOT, das GM Datu Dieter Kn\u00fcttel, 10. Dan Modern Arnis, zum Thema:<\/p>\n<p><strong>Selbstverteidigung Teil 5:<\/strong><\/p>\n<ul>\n<li><strong>Schwitzkasten von hinten<\/strong><\/li>\n<li><strong>Schwitzkasten von vorne<\/strong><\/li>\n<li><strong> SV gegen Schwinger<\/strong><\/li>\n<li><strong> SV gegen Grade<\/strong><\/li>\n<\/ul>\n<p>abgehalten hat.<\/p>\n<p>Es wird die Technik, Methodik und Didaktik des Unterrichtens sowie viele Details f\u00fcr die Ausf\u00fchrung der Technik erkl\u00e4rt und demonstriert.<\/p>\n<p>Das Video hat Kapitelmarker.<br \/>\nErkl\u00e4rung hier: <em><strong><a href=\"https:\/\/www.abanico.de\/abanico\/kapitel-in-download-videos\/\"><span style=\"color: #ff0000;\">Kapitelmarker<\/span><\/a><\/strong><\/em><\/p>\n<p>Hier der Inhalt des Videos:<\/p>\n<p>00:00\u00a0 Vorspann<br \/>\n00:15\u00a0 Einleitung<br \/>\n00:39\u00a0 Was passiert beim W\u00fcrgen?<br \/>\n00:54\u00a0 Schwitzkasten<br \/>\n00:59\u00a0\u00a0\u00a0\u00a0\u00a0 &#8211; Schwitzkasten von hinten<br \/>\n01:34\u00a0\u00a0\u00a0\u00a0\u00a0\u00a0\u00a0\u00a0\u00a0 &#8211; Den Griff verhindern<br \/>\n02:55\u00a0\u00a0\u00a0\u00a0\u00a0\u00a0\u00a0\u00a0\u00a0\u00a0\u00a0\u00a0\u00a0 &#8211; Den Griff verhindern: ohne Partner<br \/>\n03:14\u00a0\u00a0\u00a0\u00a0\u00a0\u00a0\u00a0\u00a0\u00a0 &#8211; Der Griff ist geschlossen<br \/>\n03:38\u00a0\u00a0\u00a0\u00a0\u00a0\u00a0\u00a0\u00a0\u00a0 &#8211; Das Gleichgewicht angreifen: Knie in die Kniekehle &#8211; Griff sprengen<br \/>\n04:12\u00a0\u00a0\u00a0\u00a0\u00a0\u00a0\u00a0\u00a0\u00a0\u00a0\u00a0\u00a0\u00a0 &#8211; Das Gleichgewicht angreifen &#8211; Knie in die Kniekehle &#8211; Griff sprengen: ohne Partner<br \/>\n04:34\u00a0\u00a0\u00a0\u00a0\u00a0\u00a0\u00a0\u00a0\u00a0 &#8211; Den Unterleib angreifen<br \/>\n05:58\u00a0\u00a0\u00a0\u00a0\u00a0\u00a0\u00a0\u00a0\u00a0\u00a0\u00a0\u00a0\u00a0 &#8211; Den Unterleib angreifen: ohne Partner<br \/>\n06:11\u00a0\u00a0\u00a0\u00a0\u00a0\u00a0\u00a0\u00a0\u00a0 &#8211; Den inneren Oberschenkel angreifen<br \/>\n07:38\u00a0\u00a0\u00a0\u00a0\u00a0\u00a0\u00a0\u00a0\u00a0\u00a0\u00a0\u00a0\u00a0 &#8211; Die die bisherigen Techniken in Kombination: ohne Partner<br \/>\n07:51\u00a0\u00a0\u00a0\u00a0\u00a0\u00a0\u00a0\u00a0\u00a0 &#8211; Die Nase angreifen<br \/>\n08:22\u00a0\u00a0\u00a0\u00a0\u00a0\u00a0\u00a0\u00a0\u00a0 &#8211; Die Haare angreifen<br \/>\n09:15\u00a0\u00a0\u00a0\u00a0\u00a0\u00a0\u00a0\u00a0\u00a0\u00a0\u00a0\u00a0 &#8211; Die Nase angreifen: ohne Partner<br \/>\n09:29\u00a0\u00a0\u00a0\u00a0\u00a0\u00a0\u00a0\u00a0\u00a0 &#8211; Sich mit allen Mitteln und Techniken wehren<br \/>\n10:30\u00a0\u00a0\u00a0\u00a0\u00a0\u00a0\u00a0\u00a0\u00a0\u00a0\u00a0\u00a0\u00a0 &#8211; Sich mit allen Mitteln und Techniken wehren: ohne Partner<br \/>\n10:48\u00a0\u00a0\u00a0\u00a0\u00a0 &#8211; Schwitzkasten von vorne<br \/>\n11:04\u00a0\u00a0\u00a0\u00a0\u00a0\u00a0\u00a0\u00a0\u00a0 &#8211; Den Griff lockern &#8211; Unterleib, Ellbogen &#8211; Griff sprengen<br \/>\n12:32 \u00a0 \u00a0 \u00a0 \u00a0 \u00a0 \u00a0\u00a0 &#8211; Den Griff lockern &#8211; Unterleib, Ellbogen &#8211; Griff sprengen: ohne Partner<br \/>\n12:56 \u00a0 \u00a0 \u00a0 \u00a0\u00a0 &#8211; Zus\u00e4tzlich Knietechniken und Stampftritt einsetzen<br \/>\n13:53\u00a0\u00a0\u00a0\u00a0\u00a0\u00a0\u00a0\u00a0\u00a0\u00a0\u00a0\u00a0\u00a0 &#8211; Zus\u00e4tzlich Knietechniken und Stampftritt einsetzen: ohne Partner<br \/>\n14:23\u00a0 Faustangriffe<br \/>\n14:28\u00a0 Schwinger \/ Ohrfeige und Grade<br \/>\n14:49\u00a0\u00a0\u00a0\u00a0\u00a0 &#8211; Auf Distanz halten<br \/>\n15:02\u00a0\u00a0\u00a0\u00a0\u00a0 &#8211; Mit Tritttechniken auf Distanz halten: Sipat<br \/>\n16:12 \u00a0 \u00a0 \u00a0 \u00a0\u00a0 &#8211; Sipat: ohne Partner<br \/>\n16:39\u00a0\u00a0\u00a0\u00a0\u00a0 &#8211; Hinweis zum Sipat: Unterschiede zu anderen Tritten<br \/>\n19:39\u00a0\u00a0\u00a0\u00a0\u00a0 &#8211; Meiden und Rollen<br \/>\n21:25\u00a0\u00a0\u00a0\u00a0\u00a0\u00a0\u00a0\u00a0\u00a0 &#8211; Meiden und Rollen: ohne Partner<br \/>\n21:44\u00a0\u00a0\u00a0\u00a0\u00a0\u00a0\u00a0\u00a0\u00a0 &#8211; Hinweis zum Meiden: im Gleichgewicht bleiben<br \/>\n23:06\u00a0\u00a0\u00a0\u00a0\u00a0 &#8211; Schwinger \/ Ohrfeige: aktive Verteidigung<br \/>\n23:37\u00a0\u00a0\u00a0\u00a0\u00a0\u00a0\u00a0\u00a0\u00a0 &#8211; Was eignet sich gegen einen Schwinger?<br \/>\n24:03\u00a0\u00a0\u00a0\u00a0\u00a0\u00a0\u00a0\u00a0\u00a0 &#8211; Die 1. Doppelstock Serie<br \/>\n24:22\u00a0\u00a0\u00a0\u00a0\u00a0\u00a0\u00a0\u00a0\u00a0\u00a0 &#8211; Mehrfach Angriffe: Einsatz der 1. Doppelstock Serie<br \/>\n27:25\u00a0\u00a0\u00a0\u00a0\u00a0\u00a0\u00a0\u00a0\u00a0\u00a0\u00a0\u00a0\u00a0 &#8211; Mehrfach Angriffe: Einsatz der 1. Doppelstock Serie: ohne Partner<br \/>\n28:14\u00a0\u00a0\u00a0\u00a0\u00a0\u00a0\u00a0\u00a0\u00a0 &#8211; Nase und Haare ziehen<br \/>\n30:19\u00a0\u00a0\u00a0\u00a0\u00a0\u00a0\u00a0\u00a0\u00a0\u00a0\u00a0\u00a0\u00a0 &#8211; Nase und Haare ziehen: ohne Partner<br \/>\n30:54\u00a0\u00a0\u00a0\u00a0\u00a0\u00a0\u00a0\u00a0\u00a0 &#8211; Schwinger \/ Ohrfeige: passives Sch\u00fctzen mit Folgetechniken<br \/>\n31:57\u00a0 \u00a0 \u00a0\u00a0 \u00a0\u00a0\u00a0\u00a0\u00a0\u00a0 &#8211; Schwinger \/ Ohrfeige &#8211; passives Sch\u00fctzen mit Folgetechniken: ohne Partner<br \/>\n32:18\u00a0\u00a0\u00a0\u00a0\u00a0\u00a0\u00a0\u00a0\u00a0\u00a0 &#8211; Schwinger \/ Ohrfeige: nach au\u00dfen kommen<br \/>\n33:24\u00a0\u00a0\u00a0\u00a0\u00a0\u00a0\u00a0\u00a0\u00a0 &#8211; Schwinger \/ Ohrfeige &#8211; nach au\u00dfen kommen: ohne Partner<br \/>\n34:11\u00a0\u00a0\u00a0\u00a0\u00a0\u00a0\u00a0\u00a0\u00a0 &#8211; Schwinger \/ Ohrfeige: anwenden, was gerade sinnvoll ist<br \/>\n35:04\u00a0\u00a0\u00a0\u00a0\u00a0 &#8211; Grade: aktive Verteidigung<br \/>\n35:26 \u00a0 \u00a0 \u00a0 \u00a0\u00a0 &#8211; Die 2. Doppelstock Serie<br \/>\n35:40 \u00a0 \u00a0 \u00a0 \u00a0\u00a0 &#8211; Mehrfach Angriffe: Einsatz der 2. Doppelstock Serie<br \/>\n37:15\u00a0\u00a0\u00a0\u00a0\u00a0\u00a0\u00a0\u00a0\u00a0 &#8211; Grade: nach au\u00dfen kommen<br \/>\n38:14\u00a0\u00a0\u00a0\u00a0\u00a0\u00a0\u00a0\u00a0\u00a0\u00a0\u00a0\u00a0\u00a0 &#8211; Mehrfach Angriffe: Einsatz der 2. Doppelstock Serie: ohne Partner<br \/>\n38:34\u00a0\u00a0\u00a0\u00a0\u00a0 &#8211; Grade: passives Sch\u00fctzen<br \/>\n39:07\u00a0\u00a0\u00a0\u00a0\u00a0 &#8211; Gemischte mehrfach Angriffe: passives Sch\u00fctzen mit Folgetechniken<br \/>\n40:06\u00a0\u00a0\u00a0\u00a0\u00a0 &#8211; Wehrt euch: seid kein Opfer<br \/>\n40:38\u00a0 Fazit: Schwitzkasten und Faustangriffe<br \/>\n42:30\u00a0 Verabschiedung<br \/>\n42:37\u00a0 Abspann<br \/>\n43:05\u00a0 Ende<\/p>\n<div class=\"avia_textblock avia_textblock_style\" data-update_with=\"content\">\n<h3>Trailer<\/h3>\n<div style=\"width: 640px;\" class=\"wp-video\"><video class=\"wp-video-shortcode\" id=\"video-10818-1\" width=\"640\" height=\"360\" preload=\"metadata\" controls=\"controls\"><source type=\"video\/mp4\" src=\"https:\/\/www.abanico.de\/abanico\/wp-content\/files\/trailer\/A-LOT-Trailer-SV-5.mp4?_=1\" \/><a href=\"https:\/\/www.abanico.de\/abanico\/wp-content\/files\/trailer\/A-LOT-Trailer-SV-5.mp4\">https:\/\/www.abanico.de\/abanico\/wp-content\/files\/trailer\/A-LOT-Trailer-SV-5.mp4<\/a><\/video><\/div>\n<\/div>\n<h4>Dies alles wird im dem A-LOT (Arnis Live-Online-Training) Video detailliert erkl\u00e4rt und demonstriert.<br \/>\nDas Arnis Live -Online- Trainings Video ist Teil der neuen Serie:\u00a0 Die \u00fcber Internet abgehaltenen Arnis Live-Online-Trainings Videos von und mit GM Datu Dieter Kn\u00fcttel, 10. Dan Modern Arnis.<br \/>\nNicht nur schnelle Demos, von denen es so viele auf Youtube zu sehen gibt, sondern Unterricht mit Erkl\u00e4rungen des &#8222;Was, Warum und Wie&#8220; mit vielen wichtigen Details, die bei reinen Demos verloren gehen.<br \/>\n<strong>Videos, von denen man wirklich lernen kann.<\/strong><\/h4>\n<div class=\"avia_textblock avia_textblock_style\" data-update_with=\"content\">\n<hr \/>\n<\/div>\n<h4><a href=\"https:\/\/www.abanico.de\/dieterknuettel\/wp\/de\/kurzbiographie\/\"><strong><em><span style=\"color: #ff0000;\">Gro\u00dfmeister Datu Dieter Kn\u00fcttel<\/span><\/em><\/strong><\/a><br \/>\nist Diplom-Sportlehrer, Bundestrainer f\u00fcr Modern Arnis (seit 1985) und Modern Arnis Repr\u00e4sentant f\u00fcr Europa.<\/h4>\n<p>Er unterrichtet Selbstverteidigung seit Ende der 70er Jahre in ganz Deutschland aber auch weltweit.<\/p>\n<p>1996 wurde ihm der Titel Datu und der Grad Lakan Anim, 6. Dan Modern Arnis, von Gro\u00dfmeister Remy A. Presas (10. Dan) pers\u00f6nlich als 4. Arnis-Lehrer au\u00dferhalb der Philippinen und als erstem au\u00dferhalb der USA, verliehen<br \/>\nNachdem er den 7., 8. und 9. Dan auf den Philippinen verliehen bekommen hatte, wurde m 24.9.2016 in Dortmund \u00f6ffentlich bekanntgegeben, dass er von Gro\u00dfmeister Roberto Presas den 10. Dan Modern Arnis verliehen bekommen hatte.<\/p>\n<p>Dieter Kn\u00fcttel betreibt Kampfsport seit 1967 und philippinische Kampfk\u00fcnste seit 1978. Er unterrichtet Modern Arnis auf Lehrg\u00e4ngen \u00fcberall in Europa, Russland, Australien und in den USA.<\/p>\n<p>&nbsp;<\/p>\n<div class=\"avia_textblock avia_textblock_style\" data-update_with=\"content\">\n<hr \/>\n<\/div>\n","protected":false},"excerpt":{"rendered":"<h2><strong>A-LOT-SV-5 &#8211; Download &#8211; DE<\/strong><\/h2>\n<p><strong>Sprache: deutsch &#8211; download<\/strong><br \/>\nLaufzeit (Min.): 43<br \/>\n<strong>Produzent: ABANICO<\/strong><\/p>\n","protected":false},"featured_media":10819,"comment_status":"open","ping_status":"closed","template":"","meta":[],"product_brand":[],"product_cat":[9321,39,7329,40,2150,685],"product_tag":[913,9040,9022,1370,1372,1374,9231,1301,9627,9615,2217,1321,9589,1376,9603,9601,9163,9625,9042,1845,9229,1847,9468,1708,4267,10263],"class_list":{"0":"post-10818","1":"product","2":"type-product","3":"status-publish","4":"has-post-thumbnail","6":"product_cat-alotarnisliveonlinetraining","7":"product_cat-download-de","8":"product_cat-grossmeister-und-meister-des-modern-arnis","9":"product_cat-modern-arnis-download-de","10":"product_cat-selbstverteidigung-de","11":"product_cat-seminar-videos-download-de","12":"product_tag-anwendungen-de","13":"product_tag-arnis","14":"product_tag-datu-dieter","15":"product_tag-dav-de","16":"product_tag-deutscher-arnis-verband-de","17":"product_tag-dieter-knuettel-de","18":"product_tag-download-video","19":"product_tag-eskrima-de","20":"product_tag-grade","21":"product_tag-haare-ziehen","22":"product_tag-kali-de","23":"product_tag-karate-de","24":"product_tag-loesen-von-griffen","25":"product_tag-modern-arnis-de","26":"product_tag-nase","27":"product_tag-ohren","28":"product_tag-remy-presas","29":"product_tag-schwinger","30":"product_tag-selbstschutz","31":"product_tag-selbstverteidigung-de","32":"product_tag-seminar-video","33":"product_tag-sv-de","34":"product_tag-training-ohne-partner-in","35":"product_tag-verteidigung-de","36":"product_tag-verteidigung-gegen-schwitzkasten-de","37":"product_tag-wuergen-de","39":"first","40":"instock","41":"downloadable","42":"virtual","43":"sold-individually","44":"taxable","45":"purchasable","46":"product-type-simple"},"_links":{"self":[{"href":"https:\/\/www.abanico.de\/abanico\/wp-json\/wp\/v2\/product\/10818","targetHints":{"allow":["GET"]}}],"collection":[{"href":"https:\/\/www.abanico.de\/abanico\/wp-json\/wp\/v2\/product"}],"about":[{"href":"https:\/\/www.abanico.de\/abanico\/wp-json\/wp\/v2\/types\/product"}],"replies":[{"embeddable":true,"href":"https:\/\/www.abanico.de\/abanico\/wp-json\/wp\/v2\/comments?post=10818"}],"wp:featuredmedia":[{"embeddable":true,"href":"https:\/\/www.abanico.de\/abanico\/wp-json\/wp\/v2\/media\/10819"}],"wp:attachment":[{"href":"https:\/\/www.abanico.de\/abanico\/wp-json\/wp\/v2\/media?parent=10818"}],"wp:term":[{"taxonomy":"product_brand","embeddable":true,"href":"https:\/\/www.abanico.de\/abanico\/wp-json\/wp\/v2\/product_brand?post=10818"},{"taxonomy":"product_cat","embeddable":true,"href":"https:\/\/www.abanico.de\/abanico\/wp-json\/wp\/v2\/product_cat?post=10818"},{"taxonomy":"product_tag","embeddable":true,"href":"https:\/\/www.abanico.de\/abanico\/wp-json\/wp\/v2\/product_tag?post=10818"}],"curies":[{"name":"wp","href":"https:\/\/api.w.org\/{rel}","templated":true}]}}