{"id":1081,"date":"2018-07-03T15:06:23","date_gmt":"2018-07-03T13:06:23","guid":{"rendered":"https:\/\/www.abanico.de\/abanico\/?post_type=product&#038;p=1081"},"modified":"2020-01-07T17:30:44","modified_gmt":"2020-01-07T16:30:44","slug":"usb-stick-balisong-1-abanico-lehrvideo-mp4-datei","status":"publish","type":"product","link":"https:\/\/www.abanico.de\/abanico\/shop\/ausruestung\/usb-sticks\/usb-stick-balisong-1-abanico-lehrvideo-mp4-datei\/","title":{"rendered":"USB-Stick Balisong &#8211; 64 GB &#8211; USB 3.0 plus 1 ABANICO Lehrvideo (.mp4 Datei) &#8211; Ausr\u00fcstung"},"content":{"rendered":"<p>Dieser Balisong USB-Stick wird mit einer aufgespielten .mp4 Lehrvideo Datei von einer ABANICO Produktion geliefert.. Bitte bei der Bestellung unter &#8222;Bemerkungen&#8220; angeben, welches Video aufgespielt werden soll<\/p>\n<p>Die Auswahl der ca. 100 zur Auswahl stehenden Videos finden Sie hier: <a href=\"https:\/\/www.abanico.de\/abanico\/produkt-kategorie\/download-de\/\"><span style=\"color: #ff0000;\"><em><strong><span style=\"color: #ff0000;\">Download Videos<\/span><\/strong><\/em><\/span><\/a><\/p>\n<p>Wenn nicht anders angegeben, wird das Video in deutsch geliefert.<\/p>\n<h4>Wenn Sie an <span style=\"color: #ff0000;\"><em><strong><a style=\"color: #ff0000;\" href=\"https:\/\/www.abanico.de\/abanico\/produkt-kategorie\/download-de\/seminar-videos-download-de\/\">Seminar Videos<\/a><\/strong><\/em><\/span> interessiert sind, die g\u00fcnstiger sind, kontaktieren Sie mich und ich machen Ihnen einen angepassten Preis.<\/h4>\n<p>Dieser USB Stick ist aus Metall in Form eines Balisongs (Butterfly- oder Schmetterlings Messer) 64 GB, USB 3.0 (damit sehr schnell) und ist voll funktionsf\u00e4hig wie ein Balisong und der &#8222;Hingucker&#8220; f\u00fcr Kampfk\u00fcnstler, besonders aus den philippinischen Kampfk\u00fcnsten.<\/p>\n<p>Ein ideales Geschenk: Ein Balisong USB-Stick mit einem Kampfkunst Video<\/p>\n","protected":false},"excerpt":{"rendered":"<h2>USB-Stick Balisong 1 ABANICO Lehrvideo (.mp4 Datei)<\/h2>\n<p>USB Stick als Balisong 1 ABANICO Kampfkunst Lehrvideo als .mp4 Datei<\/p>\n<p>64 GB, USB 3.0<\/p>\n","protected":false},"featured_media":7805,"comment_status":"open","ping_status":"closed","template":"","meta":[],"product_brand":[],"product_cat":[688,717],"product_tag":[1323,1325],"class_list":{"0":"post-1081","1":"product","2":"type-product","3":"status-publish","4":"has-post-thumbnail","6":"product_cat-ausruestung","7":"product_cat-usb-sticks","8":"product_tag-balisong-de","9":"product_tag-usb-sticks-de","10":"product_shipping_class-4689","12":"first","13":"instock","14":"taxable","15":"shipping-taxable","16":"purchasable","17":"product-type-simple"},"_links":{"self":[{"href":"https:\/\/www.abanico.de\/abanico\/wp-json\/wp\/v2\/product\/1081","targetHints":{"allow":["GET"]}}],"collection":[{"href":"https:\/\/www.abanico.de\/abanico\/wp-json\/wp\/v2\/product"}],"about":[{"href":"https:\/\/www.abanico.de\/abanico\/wp-json\/wp\/v2\/types\/product"}],"replies":[{"embeddable":true,"href":"https:\/\/www.abanico.de\/abanico\/wp-json\/wp\/v2\/comments?post=1081"}],"wp:featuredmedia":[{"embeddable":true,"href":"https:\/\/www.abanico.de\/abanico\/wp-json\/wp\/v2\/media\/7805"}],"wp:attachment":[{"href":"https:\/\/www.abanico.de\/abanico\/wp-json\/wp\/v2\/media?parent=1081"}],"wp:term":[{"taxonomy":"product_brand","embeddable":true,"href":"https:\/\/www.abanico.de\/abanico\/wp-json\/wp\/v2\/product_brand?post=1081"},{"taxonomy":"product_cat","embeddable":true,"href":"https:\/\/www.abanico.de\/abanico\/wp-json\/wp\/v2\/product_cat?post=1081"},{"taxonomy":"product_tag","embeddable":true,"href":"https:\/\/www.abanico.de\/abanico\/wp-json\/wp\/v2\/product_tag?post=1081"}],"curies":[{"name":"wp","href":"https:\/\/api.w.org\/{rel}","templated":true}]}}