{"id":10791,"date":"2021-05-20T10:33:54","date_gmt":"2021-05-20T08:33:54","guid":{"rendered":"https:\/\/www.abanico.de\/abanico\/?post_type=product&#038;p=10791"},"modified":"2024-08-21T08:30:23","modified_gmt":"2024-08-21T06:30:23","slug":"a-lot-sumbrada-1-download-de","status":"publish","type":"product","link":"https:\/\/www.abanico.de\/abanico\/shop\/download-de\/seminar-videos-download-de\/alotarnisliveonlinetraining\/a-lot-sumbrada-1-download-de\/","title":{"rendered":"A-LOT-Sumbrada-1 &#8211; Download &#8211; DE"},"content":{"rendered":"<p>Dies ist das Video vom Arnis Live-Online-Training, A-LOT, das GM Datu Dieter Kn\u00fcttel, 10. Dan Modern Arnis, zum Thema:<\/p>\n<h4><strong>Sumbrada 1:<\/strong><\/h4>\n<ul>\n<li><strong>6 Count Sumbrada<br \/>\n<\/strong><\/li>\n<li><strong>Sumbrada mit Stich<\/strong><\/li>\n<li><strong>Punyo Sumbrada<br \/>\n<\/strong><\/li>\n<li><strong>Verkettung der Drills<\/strong><\/li>\n<li><strong>Aus den Drills ausbrechen und zur\u00fcck<br \/>\n<\/strong><\/li>\n<\/ul>\n<p>abgehalten hat.<\/p>\n<p>Es wird die Technik, Methodik und Didaktik des Unterrichtens sowie viele Details f\u00fcr die Ausf\u00fchrung der Technik erkl\u00e4rt und demonstriert.<\/p>\n<p>Das Video hat Kapitelmarker.<br \/>\nErkl\u00e4rung hier: <em><strong><a href=\"https:\/\/www.abanico.de\/abanico\/kapitel-in-download-videos\/\"><span style=\"color: #ff0000;\">Kapitelmarker<\/span><\/a><\/strong><\/em><\/p>\n<p>Hier der Inhalt des Videos:<\/p>\n<p>00:00\u00a0 Vorspann<br \/>\n00:59\u00a0 6 Count Sumbrada<br \/>\n01:04\u00a0\u00a0\u00a0\u00a0\u00a0 &#8211; Grundlegende Informationen<br \/>\n01:54\u00a0\u00a0\u00a0\u00a0\u00a0 &#8211; Aufbau und Struktur des 6 Count Sumbrada<br \/>\n02:10\u00a0\u00a0\u00a0\u00a0\u00a0\u00a0\u00a0\u00a0\u00a0 &#8211; Block 12<br \/>\n02:38\u00a0\u00a0\u00a0\u00a0\u00a0\u00a0\u00a0\u00a0\u00a0 &#8211; Schlag 1<br \/>\n02:55\u00a0\u00a0\u00a0\u00a0\u00a0\u00a0\u00a0\u00a0\u00a0 &#8211; Block 8<br \/>\n03:42\u00a0\u00a0\u00a0\u00a0\u00a0\u00a0\u00a0\u00a0\u00a0 &#8211; Die ersten 3 Bewegungen: Block 12 &#8211; Schlag 1 &#8211; Block 8<br \/>\n03:54\u00a0\u00a0\u00a0\u00a0\u00a0\u00a0\u00a0\u00a0\u00a0\u00a0\u00a0\u00a0\u00a0 &#8211; Die ersten 3 Bewegungen &#8211; Block 12 &#8211; Schlag 1 &#8211; Block 8: ohne Partner<br \/>\n04:20\u00a0\u00a0\u00a0\u00a0\u00a0\u00a0\u00a0\u00a0\u00a0 &#8211; Die andere Seite: Bewegungen 4 &#8211; 6<br \/>\n04:44\u00a0\u00a0\u00a0\u00a0 \u00a0 \u00a0\u00a0 &#8211; Schlag 12<br \/>\n04:53\u00a0\u00a0\u00a0\u00a0 \u00a0 \u00a0\u00a0 &#8211; Block 1<br \/>\n04:57\u00a0\u00a0\u00a0\u00a0\u00a0\u00a0\u00a0\u00a0\u00a0 &#8211; Schlag 8<br \/>\n05:01\u00a0\u00a0\u00a0\u00a0 \u00a0 \u00a0\u00a0 &#8211; Der komplette Drill: 6 Count Sumbrada<br \/>\n05:13\u00a0\u00a0\u00a0\u00a0\u00a0\u00a0\u00a0 \u00a0 \u00a0 \u00a0 &#8211; Der komplette Drill &#8211; 6 Count Sumbrada: ohne Partner<br \/>\n05:43\u00a0\u00a0\u00a0\u00a0\u00a0\u00a0\u00a0\u00a0\u00a0 &#8211; Die Beinarbeit im 6 Count Sumbrada<br \/>\n06:14\u00a0\u00a0\u00a0\u00a0\u00a0\u00a0\u00a0\u00a0 \u00a0 \u00a0\u00a0 &#8211; Die Beinarbeit mit den Techniken<br \/>\n07:39\u00a0\u00a0\u00a0\u00a0\u00a0\u00a0\u00a0\u00a0 \u00a0 \u00a0\u00a0 &#8211; Beinarbeit des Partners: die gleiche, aber zu seiner Zeit<br \/>\n07:55\u00a0\u00a0\u00a0\u00a0\u00a0\u00a0\u00a0\u00a0\u00a0\u00a0\u00a0\u00a0 \u00a0 \u00a0\u00a0 &#8211; Die Beinarbeit mit den Techniken: ohne Partner<br \/>\n09:33\u00a0\u00a0\u00a0\u00a0\u00a0\u00a0\u00a0\u00a0\u00a0\u00a0\u00a0\u00a0\u00a0 &#8211; Anwendungen: Beispiele der Optionen bei den Bl\u00f6cken<br \/>\n09:44\u00a0\u00a0\u00a0\u00a0\u00a0\u00a0\u00a0\u00a0\u00a0 &#8211; Anwendungen bei Block 1<br \/>\n09:56\u00a0\u00a0\u00a0\u00a0\u00a0\u00a0\u00a0\u00a0\u00a0\u00a0\u00a0\u00a0\u00a0 &#8211; Anwendungen bei Block 12<br \/>\n10:04\u00a0\u00a0\u00a0\u00a0\u00a0\u00a0\u00a0\u00a0\u00a0\u00a0\u00a0\u00a0\u00a0 &#8211; Anwendungen bei Block 8<br \/>\n10:55\u00a0\u00a0\u00a0\u00a0\u00a0\u00a0\u00a0\u00a0\u00a0\u00a0\u00a0\u00a0\u00a0 &#8211; Anwendungen im Drill<br \/>\n12:24\u00a0 Sumbrada mit Stich<br \/>\n12:42\u00a0\u00a0\u00a0\u00a0\u00a0 &#8211; Stich 5<br \/>\n12:58\u00a0\u00a0\u00a0\u00a0\u00a0\u00a0\u00a0\u00a0\u00a0 &#8211; Partner: vertikaler Abanico<br \/>\n13:12\u00a0\u00a0\u00a0\u00a0\u00a0\u00a0 &#8211; Reverse Block (12) gegen den vertikalen Abanico (Blaock<br \/>\n13:18\u00a0\u00a0\u00a0\u00a0\u00a0 &#8211; Schlag 8<br \/>\n13:21\u00a0\u00a0\u00a0\u00a0\u00a0 &#8211; Block 5<br \/>\n13:22\u00a0\u00a0\u00a0\u00a0\u00a0 &#8211; Vertikaler Abanico (12)<br \/>\n13:24\u00a0\u00a0\u00a0\u00a0\u00a0 &#8211; Block 8<br \/>\n13:26\u00a0\u00a0\u00a0\u00a0\u00a0 &#8211; Der komplette Drill: Sumbarada mit Stich<br \/>\n14:10\u00a0\u00a0\u00a0\u00a0\u00a0\u00a0\u00a0\u00a0\u00a0 &#8211; Einsatz der freien Hand nach dem Abanico<br \/>\n14:54\u00a0\u00a0\u00a0\u00a0\u00a0\u00a0\u00a0\u00a0\u00a0\u00a0\u00a0\u00a0\u00a0 &#8211; Sumbrada mit Stich: ohne Partner<br \/>\n15:28\u00a0\u00a0\u00a0\u00a0\u00a0\u00a0\u00a0\u00a0\u00a0 &#8211; Die Beinarbeit im Sumbrada mit Stich<br \/>\n17:11\u00a0\u00a0\u00a0\u00a0\u00a0\u00a0\u00a0\u00a0\u00a0\u00a0\u00a0\u00a0\u00a0 &#8211; Die Beinarbeit im Sumbrada mit Stich: ohne Partner<br \/>\n17:40\u00a0 Puyo Sumbrada<br \/>\n17:51\u00a0\u00a0\u00a0\u00a0\u00a0 &#8211; Der Ablauf von Punyo Sumbrada<br \/>\n18:08 \u00a0 \u00a0\u00a0 &#8211; Die andere Struktur des Punyo Sumbrada<br \/>\n18:50\u00a0\u00a0\u00a0\u00a0\u00a0 &#8211; Puyo Sumbrada: ohne Partner<br \/>\n20:09\u00a0 Single Sinawali<br \/>\n20:14\u00a0 Verkettung der Drills<br \/>\n20:18\u00a0\u00a0\u00a0\u00a0\u00a0 &#8211; Verkettung: Single Sinawali &#8211; Sumbrada<br \/>\n20:49\u00a0\u00a0\u00a0\u00a0\u00a0 &#8211; Verkettung: Sumbrada mit Stich &#8211; Punyo Sumbrada<br \/>\n20:55\u00a0\u00a0\u00a0\u00a0\u00a0 &#8211; Verkettung: Punyo Sumbrada &#8211; Single Sinawali<br \/>\n21:02\u00a0\u00a0\u00a0\u00a0\u00a0 &#8211; Verkettung der Drills<br \/>\n21:38\u00a0\u00a0\u00a0\u00a0\u00a0 &#8211; Verkettung: Punyo Sumbrada &#8211; Sumbrada mit Stich<br \/>\n21:46\u00a0\u00a0\u00a0\u00a0\u00a0 &#8211; Verkettung: Sumbrada mit Stich &#8211; Sumbrada<br \/>\n21:52\u00a0\u00a0\u00a0\u00a0\u00a0 &#8211; Verkettung: Sumbrada &#8211; Single Sinawali<br \/>\n22:12\u00a0\u00a0\u00a0\u00a0\u00a0 &#8211; Verkettung: alle \u00dcberg\u00e4nge<br \/>\n23:06\u00a0\u00a0\u00a0\u00a0\u00a0 &#8211; Verkettung: andere \u00dcberg\u00e4nge, um die Drills anders zu verketten<br \/>\n24:23\u00a0\u00a0\u00a0\u00a0\u00a0 &#8211; Was Drills schulen<br \/>\n26:31\u00a0 Aus den Drills ausbrechen und wieder zur\u00fcck<br \/>\n28:13\u00a0\u00a0\u00a0\u00a0\u00a0 &#8211; Wie man diese Wechsel am Anfang \u00fcben kann<br \/>\n28:50\u00a0 Fazit: Sumbrada Teil 1<br \/>\n29:27\u00a0 Verabschiedung<br \/>\n29:36\u00a0 Abspann<br \/>\n30:04\u00a0 Ende<\/p>\n<div class=\"avia_textblock avia_textblock_style\" data-update_with=\"content\">\n<h3>Trailer<\/h3>\n<div style=\"width: 640px;\" class=\"wp-video\"><video class=\"wp-video-shortcode\" id=\"video-10791-1\" width=\"640\" height=\"360\" preload=\"metadata\" controls=\"controls\"><source type=\"video\/mp4\" src=\"https:\/\/www.abanico.de\/abanico\/wp-content\/files\/trailer\/A-LOT-Trailer-Sumbrada-1.mp4?_=1\" \/><a href=\"https:\/\/www.abanico.de\/abanico\/wp-content\/files\/trailer\/A-LOT-Trailer-Sumbrada-1.mp4\">https:\/\/www.abanico.de\/abanico\/wp-content\/files\/trailer\/A-LOT-Trailer-Sumbrada-1.mp4<\/a><\/video><\/div>\n<\/div>\n<h4>Dies alles wird im dem A-LOT (Arnis Live-Online-Training) Video detailliert erkl\u00e4rt und demonstriert.<br \/>\nDas Arnis Live -Online- Trainings Video ist Teil der neuen Serie:\u00a0 Die \u00fcber Internet abgehaltenen Arnis Live-Online-Trainings Videos von und mit GM Datu Dieter Kn\u00fcttel, 10. Dan Modern Arnis.<br \/>\nNicht nur schnelle Demos, von denen es so viele auf Youtube zu sehen gibt, sondern Unterricht mit Erkl\u00e4rungen des &#8222;Was, Warum und Wie&#8220; mit vielen wichtigen Details, die bei reinen Demos verloren gehen.<br \/>\n<strong>Videos, von denen man wirklich lernen kann.<\/strong><\/h4>\n<div class=\"avia_textblock avia_textblock_style\" data-update_with=\"content\">\n<hr \/>\n<\/div>\n<h4><a href=\"https:\/\/www.abanico.de\/dieterknuettel\/wp\/de\/kurzbiographie\/\"><strong><em><span style=\"color: #ff0000;\">Gro\u00dfmeister Datu Dieter Kn\u00fcttel<\/span><\/em><\/strong><\/a><br \/>\nist Diplom-Sportlehrer, Bundestrainer f\u00fcr Modern Arnis (seit 1985) und Modern Arnis Repr\u00e4sentant f\u00fcr Europa.<\/h4>\n<p>Er unterrichtet Selbstverteidigung seit Ende der 70er Jahre in ganz Deutschland aber auch weltweit.<\/p>\n<p>1996 wurde ihm der Titel Datu und der Grad Lakan Anim, 6. Dan Modern Arnis, von Gro\u00dfmeister Remy A. Presas (10. Dan) pers\u00f6nlich als 4. Arnis-Lehrer au\u00dferhalb der Philippinen und als erstem au\u00dferhalb der USA, verliehen<br \/>\nNachdem er den 7., 8. und 9. Dan auf den Philippinen verliehen bekommen hatte, wurde m 24.9.2016 in Dortmund \u00f6ffentlich bekanntgegeben, dass er von Gro\u00dfmeister Roberto Presas den 10. Dan Modern Arnis verliehen bekommen hatte.<\/p>\n<p>Dieter Kn\u00fcttel betreibt Kampfsport seit 1967 und philippinische Kampfk\u00fcnste seit 1978. Er unterrichtet Modern Arnis auf Lehrg\u00e4ngen \u00fcberall in Europa, Russland, Australien und in den USA.<\/p>\n<p>&nbsp;<\/p>\n<div class=\"avia_textblock avia_textblock_style\" data-update_with=\"content\">\n<hr \/>\n<\/div>\n","protected":false},"excerpt":{"rendered":"<h2><strong>A-LOT-Sumbrada-1 &#8211; Download &#8211; DE<\/strong><\/h2>\n<p><strong>Sprache: deutsch &#8211; download<\/strong><br \/>\nLaufzeit (Min.): 30<br \/>\n<strong>Produzent: ABANICO<\/strong><\/p>\n","protected":false},"featured_media":10792,"comment_status":"open","ping_status":"closed","template":"","meta":[],"product_brand":[],"product_cat":[9321,39,7329,40,2150,685],"product_tag":[913,9040,9022,1370,1372,1374,9231,1883,9617,1301,9619,9615,2217,1321,1376,9621,9163,9042,1845,9229,9211,1847,9468,9623,1708],"class_list":{"0":"post-10791","1":"product","2":"type-product","3":"status-publish","4":"has-post-thumbnail","6":"product_cat-alotarnisliveonlinetraining","7":"product_cat-download-de","8":"product_cat-grossmeister-und-meister-des-modern-arnis","9":"product_cat-modern-arnis-download-de","10":"product_cat-selbstverteidigung-de","11":"product_cat-seminar-videos-download-de","12":"product_tag-anwendungen-de","13":"product_tag-arnis","14":"product_tag-datu-dieter","15":"product_tag-dav-de","16":"product_tag-deutscher-arnis-verband-de","17":"product_tag-dieter-knuettel-de","18":"product_tag-download-video","19":"product_tag-drill-de","20":"product_tag-einzelstock-drill","21":"product_tag-eskrima-de","22":"product_tag-flow-drill","23":"product_tag-haare-ziehen","24":"product_tag-kali-de","25":"product_tag-karate-de","26":"product_tag-modern-arnis-de","27":"product_tag-punyo-sumbrada","28":"product_tag-remy-presas","29":"product_tag-selbstschutz","30":"product_tag-selbstverteidigung-de","31":"product_tag-seminar-video","32":"product_tag-sumbrada","33":"product_tag-sv-de","34":"product_tag-training-ohne-partner-in","35":"product_tag-verkettung","36":"product_tag-verteidigung-de","38":"first","39":"instock","40":"downloadable","41":"virtual","42":"sold-individually","43":"taxable","44":"purchasable","45":"product-type-simple"},"_links":{"self":[{"href":"https:\/\/www.abanico.de\/abanico\/wp-json\/wp\/v2\/product\/10791","targetHints":{"allow":["GET"]}}],"collection":[{"href":"https:\/\/www.abanico.de\/abanico\/wp-json\/wp\/v2\/product"}],"about":[{"href":"https:\/\/www.abanico.de\/abanico\/wp-json\/wp\/v2\/types\/product"}],"replies":[{"embeddable":true,"href":"https:\/\/www.abanico.de\/abanico\/wp-json\/wp\/v2\/comments?post=10791"}],"wp:featuredmedia":[{"embeddable":true,"href":"https:\/\/www.abanico.de\/abanico\/wp-json\/wp\/v2\/media\/10792"}],"wp:attachment":[{"href":"https:\/\/www.abanico.de\/abanico\/wp-json\/wp\/v2\/media?parent=10791"}],"wp:term":[{"taxonomy":"product_brand","embeddable":true,"href":"https:\/\/www.abanico.de\/abanico\/wp-json\/wp\/v2\/product_brand?post=10791"},{"taxonomy":"product_cat","embeddable":true,"href":"https:\/\/www.abanico.de\/abanico\/wp-json\/wp\/v2\/product_cat?post=10791"},{"taxonomy":"product_tag","embeddable":true,"href":"https:\/\/www.abanico.de\/abanico\/wp-json\/wp\/v2\/product_tag?post=10791"}],"curies":[{"name":"wp","href":"https:\/\/api.w.org\/{rel}","templated":true}]}}