{"id":1079,"date":"2018-07-02T13:28:32","date_gmt":"2018-07-02T11:28:32","guid":{"rendered":"https:\/\/www.abanico.de\/abanico\/?post_type=product&#038;p=1079"},"modified":"2020-01-06T22:35:22","modified_gmt":"2020-01-06T21:35:22","slug":"usb-stick-balisong-3-abanico-lehrvideos-als-mp4-dateien","status":"publish","type":"product","link":"https:\/\/www.abanico.de\/abanico\/shop\/ausruestung\/usb-sticks\/usb-stick-balisong-3-abanico-lehrvideos-als-mp4-dateien\/","title":{"rendered":"USB-Stick Balisong &#8211; 64 GB &#8211; USB 3.0 plus 3 ABANICO Lehrvideos (als .mp4 Dateien) &#8211; Ausr\u00fcstung"},"content":{"rendered":"<p>Dieser Balisong USB-Stick wird mit 3 aufgespielten .mp4 Lehrvideo Datei von einer ABANICO Produktion geliefert.<br \/>\nBitte bei der Bestellung unter &#8222;Bemerkungen&#8220; angeben, welches Video aufgespielt werden soll<\/p>\n<p>Die Auswahl der ca. 100 zur Auswahl stehenden Videos finden Sie hier: <a href=\"https:\/\/www.abanico.de\/abanico\/produkt-kategorie\/download-de\/\"><em><strong><span style=\"color: #ff0000;\">Download Videos<\/span><\/strong><\/em><\/a><\/p>\n<p>Wenn nicht anders angegeben, wird das Video in deutsch geliefert.<\/p>\n<h4>Wenn Sie an <em><strong><a href=\"https:\/\/www.abanico.de\/abanico\/produkt-kategorie\/download-de\/seminar-videos-download-de\/\"><span style=\"color: #ff0000;\">Seminar Videos<\/span><\/a><\/strong><\/em> interessiert sind, die g\u00fcnstiger sind, kontaktieren Sie mich und ich machen Ihnen einen angepassten Preis.<\/h4>\n<p>Dieser USB Stick ist aus Metall in Form eines Balisongs (Butterfly- oder Schmetterlings Messer) 64 GB, USB 3.0 (damit sehr schnell) und ist voll funktionsf\u00e4hig wie ein Balisong und der &#8222;Hingucker&#8220; f\u00fcr Kampfk\u00fcnstler, besonders aus den philippinischen Kampfk\u00fcnsten.<\/p>\n<p>Ein ideales Geschenk: Ein Balisong USB-Stick mit Abanico Kampfkunst Videos<\/p>\n","protected":false},"excerpt":{"rendered":"<h2>USB-Stick Balisong 3 ABANICO Lehrvideos (als .mp4 Dateien)<\/h2>\n<p>USB Stick als Balisong 3 ABANICO Kampfkunst Lehrvideos als .mp4 Dateien<\/p>\n<p>64 GB, USB 3.0<\/p>\n","protected":false},"featured_media":7805,"comment_status":"open","ping_status":"closed","template":"","meta":[],"product_brand":[],"product_cat":[688,717],"product_tag":[1323,1327],"class_list":{"0":"post-1079","1":"product","2":"type-product","3":"status-publish","4":"has-post-thumbnail","6":"product_cat-ausruestung","7":"product_cat-usb-sticks","8":"product_tag-balisong-de","9":"product_tag-usb-stick-de","10":"product_shipping_class-4689","12":"first","13":"instock","14":"taxable","15":"shipping-taxable","16":"purchasable","17":"product-type-simple"},"_links":{"self":[{"href":"https:\/\/www.abanico.de\/abanico\/wp-json\/wp\/v2\/product\/1079","targetHints":{"allow":["GET"]}}],"collection":[{"href":"https:\/\/www.abanico.de\/abanico\/wp-json\/wp\/v2\/product"}],"about":[{"href":"https:\/\/www.abanico.de\/abanico\/wp-json\/wp\/v2\/types\/product"}],"replies":[{"embeddable":true,"href":"https:\/\/www.abanico.de\/abanico\/wp-json\/wp\/v2\/comments?post=1079"}],"wp:featuredmedia":[{"embeddable":true,"href":"https:\/\/www.abanico.de\/abanico\/wp-json\/wp\/v2\/media\/7805"}],"wp:attachment":[{"href":"https:\/\/www.abanico.de\/abanico\/wp-json\/wp\/v2\/media?parent=1079"}],"wp:term":[{"taxonomy":"product_brand","embeddable":true,"href":"https:\/\/www.abanico.de\/abanico\/wp-json\/wp\/v2\/product_brand?post=1079"},{"taxonomy":"product_cat","embeddable":true,"href":"https:\/\/www.abanico.de\/abanico\/wp-json\/wp\/v2\/product_cat?post=1079"},{"taxonomy":"product_tag","embeddable":true,"href":"https:\/\/www.abanico.de\/abanico\/wp-json\/wp\/v2\/product_tag?post=1079"}],"curies":[{"name":"wp","href":"https:\/\/api.w.org\/{rel}","templated":true}]}}