{"id":10700,"date":"2021-05-06T13:28:19","date_gmt":"2021-05-06T11:28:19","guid":{"rendered":"https:\/\/www.abanico.de\/abanico\/?post_type=product&#038;p=10700"},"modified":"2025-11-12T14:08:36","modified_gmt":"2025-11-12T13:08:36","slug":"a-lot-doppelstock-tapi-tapi-4-download-de","status":"publish","type":"product","link":"https:\/\/www.abanico.de\/abanico\/shop\/gemaelde\/9548\/a-lot-doppelstock-tapi-tapi-4-download-de\/","title":{"rendered":"A-LOT-Doppelstock-Tapi-Tapi-4 &#8211; Download &#8211; DE"},"content":{"rendered":"<p>Dies ist das Video vom Arnis Live-Online-Training, A-LOT, das GM Datu Dieter Kn\u00fcttel, 10. Dan Modern Arnis, zum Thema:<\/p>\n<h4><strong>Doppelstock Tapi-Tapi 4:<\/strong><\/h4>\n<ul>\n<li><strong>Hooking und Clipping<\/strong><\/li>\n<li><strong>Presas Trappings<\/strong><\/li>\n<li><strong>Weitere Hebel- und Festlegetechniken<\/strong><\/li>\n<\/ul>\n<p>abgehalten hat.<\/p>\n<p>Es wird die Technik, Methodik und Didaktik des Unterrichtens sowie viele Details f\u00fcr die Ausf\u00fchrung der Technik erkl\u00e4rt und demonstriert.<\/p>\n<p>Das Video hat Kapitelmarker.<br \/>\nErkl\u00e4rung hier: <span style=\"color: #ff0000;\"><em><strong><a style=\"color: #ff0000;\" href=\"https:\/\/www.abanico.de\/abanico\/kapitel-in-download-videos\/\">Kapitelmarker<\/a><\/strong><\/em><\/span><\/p>\n<p>Hier der Inhalt des Videos:<\/p>\n<p>00:00\u00a0 Vorspann<br \/>\n00:15\u00a0 Einleitung<br \/>\n00:45\u00a0 Hooking und Clipping<br \/>\n01:09\u00a0\u00a0\u00a0\u00a0\u00a0 &#8211; Hooking<br \/>\n01:49\u00a0\u00a0\u00a0\u00a0\u00a0 &#8211; Clipping<br \/>\n02:50\u00a0 Presas Trappings<br \/>\n03:08 \u00a0 \u00a0\u00a0 &#8211; Rechter offener Trapp auf Angriff 2<br \/>\n04:18\u00a0\u00a0\u00a0\u00a0\u00a0 &#8211; Rechter offener Trapp auf Angriff 1<br \/>\n04:51 \u00a0 \u00a0 \u00a0 \u00a0\u00a0 &#8211; Rechter offener Trapp auf Angriff 2 + 1: ohne Partner<br \/>\n05:51\u00a0\u00a0\u00a0\u00a0\u00a0 &#8211; Linker offener Trapp auf Angriff 1<br \/>\n08:37\u00a0\u00a0\u00a0\u00a0\u00a0\u00a0\u00a0\u00a0\u00a0 &#8211; Linker offener Trapp auf Angriff 1: ohne Partner<br \/>\n09:16\u00a0\u00a0\u00a0\u00a0\u00a0 &#8211; Presas Trapp auf Angriff 1: Festlegen mit der &#8222;freien&#8220; Hand<br \/>\n09:23\u00a0\u00a0\u00a0\u00a0\u00a0\u00a0\u00a0\u00a0\u00a0 &#8211; Einzelstock &#8211; Trapp am Stock<br \/>\n11:11\u00a0\u00a0\u00a0\u00a0\u00a0\u00a0\u00a0\u00a0\u00a0 &#8211; Doppelstock &#8211; Trapp am Stock<br \/>\n12:17\u00a0\u00a0\u00a0\u00a0\u00a0\u00a0\u00a0\u00a0\u00a0\u00a0\u00a0\u00a0\u00a0 &#8211; Doppelstock &#8211; Trapp am Stock: ohne Partner<br \/>\n13:06 \u00a0 \u00a0\u00a0\u00a0\u00a0\u00a0\u00a0 &#8211; Einzelstock &#8211; Trapp am Handgelenk<br \/>\n14:22\u00a0\u00a0\u00a0\u00a0\u00a0\u00a0\u00a0\u00a0\u00a0 &#8211; Doppelstock &#8211; Trapp am Handgelenk<br \/>\n15:23\u00a0\u00a0\u00a0\u00a0\u00a0\u00a0\u00a0\u00a0\u00a0\u00a0\u00a0\u00a0\u00a0 &#8211; Doppelstock &#8211; Trapp am Handgelenk: ohne Partner<br \/>\n15:56\u00a0\u00a0\u00a0\u00a0\u00a0\u00a0\u00a0\u00a0\u00a0\u00a0\u00a0\u00a0\u00a0 &#8211; Position des linken Stockes beim Trappen<br \/>\n16:51\u00a0 Weitere Festleger und Hebel<br \/>\n16:55\u00a0\u00a0\u00a0\u00a0\u00a0 &#8211; Festlegen mit Butt von oben &#8211; Einzelstock<br \/>\n17:17\u00a0\u00a0\u00a0\u00a0\u00a0\u00a0\u00a0\u00a0\u00a0 &#8211; Festlegen mut Butt von oben &#8211; Doppelstock<br \/>\n19:38\u00a0\u00a0\u00a0\u00a0\u00a0\u00a0\u00a0\u00a0\u00a0\u00a0\u00a0\u00a0\u00a0 &#8211; Festlegen mit Butt von oben &#8211; Doppelstock: ohne Partner<br \/>\n20:17\u00a0\u00a0\u00a0\u00a0\u00a0 &#8211; Eingang 2. Entwaffnungsserie auf Angriff 2<br \/>\n20:53\u00a0\u00a0\u00a0\u00a0\u00a0\u00a0\u00a0\u00a0\u00a0 &#8211; Eingang 2. Entwaffnungsserie auf Angriff 2 &#8211; Plan B: Fauststoss &#8230;<br \/>\n23:47\u00a0\u00a0\u00a0\u00a0\u00a0\u00a0\u00a0\u00a0\u00a0\u00a0\u00a0\u00a0\u00a0 &#8211; Eingang 2. Entwaffnungsserie auf Angriff 2 &#8211; Plan B &#8211; Fauststoss &#8230;: ohne Partner<br \/>\n24:36\u00a0\u00a0\u00a0\u00a0\u00a0 &#8211; Eingang 1. Entwaffnungsserie auf Angriff 2 &#8211; Fortgeschrittenes Presas Trapping<br \/>\n26:04\u00a0\u00a0\u00a0\u00a0\u00a0\u00a0\u00a0\u00a0\u00a0 &#8211; Eingang 1. Entwaffnungsserie auf Angriff 2: ohne Partner<br \/>\n26:34\u00a0\u00a0\u00a0\u00a0\u00a0 &#8211; Eingang 2. Entwaffnungsserie auf Angriff 1 &#8211; Hooking &#8211; Festlegen<br \/>\n28:16\u00a0\u00a0\u00a0\u00a0\u00a0\u00a0\u00a0\u00a0\u00a0 &#8211; Eingang 2. Entwaffnungsserie auf Angriff 1 &#8211; Hooking &#8211; Festlegen: ohne Partner<br \/>\n28:46\u00a0\u00a0\u00a0\u00a0\u00a0 &#8211; Eingang 2. Entwaffnungsserie auf Angriff 1 &#8211; Clipping &#8211; Festlegen<br \/>\n30:29\u00a0\u00a0\u00a0\u00a0\u00a0\u00a0\u00a0\u00a0\u00a0 &#8211; Eingang 2. Entwaffnungsserie auf Angriff 1 &#8211; Clipping &#8211; Festlegen: ohne Partner<br \/>\n31:07\u00a0 Fazit: Doppelstock Tapi-Tapi<br \/>\n31:47\u00a0 Verabschiedung<br \/>\n32:08\u00a0 Abspann<br \/>\n32:36\u00a0 Ende<\/p>\n<div class=\"avia_textblock avia_textblock_style\" data-update_with=\"content\">\n<h3>Trailer<\/h3>\n<div style=\"width: 640px;\" class=\"wp-video\"><video class=\"wp-video-shortcode\" id=\"video-10700-1\" width=\"640\" height=\"360\" preload=\"metadata\" controls=\"controls\"><source type=\"video\/mp4\" src=\"https:\/\/www.abanico.de\/abanico\/wp-content\/files\/trailer\/A-LOT-Trailer-Doppelstock-Tapi-Tapi-4.mp4?_=1\" \/><a href=\"https:\/\/www.abanico.de\/abanico\/wp-content\/files\/trailer\/A-LOT-Trailer-Doppelstock-Tapi-Tapi-4.mp4\">https:\/\/www.abanico.de\/abanico\/wp-content\/files\/trailer\/A-LOT-Trailer-Doppelstock-Tapi-Tapi-4.mp4<\/a><\/video><\/div>\n<\/div>\n<h4>Dies alles wird im dem A-LOT (Arnis Live-Online-Training) Video detailliert erkl\u00e4rt und demonstriert.<br \/>\nDas Arnis Live -Online- Trainings Video ist Teil der neuen Serie:\u00a0 Die \u00fcber Internet abgehaltenen Arnis Live-Online-Trainings Videos von und mit GM Datu Dieter Kn\u00fcttel, 10. Dan Modern Arnis.<br \/>\nNicht nur schnelle Demos, von denen es so viele auf Youtube zu sehen gibt, sondern Unterricht mit Erkl\u00e4rungen des &#8222;Was, Warum und Wie&#8220; mit vielen wichtigen Details, die bei reinen Demos verloren gehen.<br \/>\n<strong>Videos, von denen man wirklich lernen kann.<\/strong><\/h4>\n<div class=\"avia_textblock avia_textblock_style\" data-update_with=\"content\">\n<hr \/>\n<\/div>\n<h4><a href=\"https:\/\/www.abanico.de\/dieterknuettel\/wp\/de\/kurzbiographie\/\"><strong><span style=\"color: #ff0000;\"><em>Gro\u00dfmeister Datu Dieter Kn\u00fcttel<\/em><\/span><\/strong><\/a><br \/>\nist Diplom-Sportlehrer, Bundestrainer f\u00fcr Modern Arnis (seit 1985) und Modern Arnis Repr\u00e4sentant f\u00fcr Europa.<\/h4>\n<p>Er unterrichtet Selbstverteidigung seit Ende der 70er Jahre in ganz Deutschland aber auch weltweit.<\/p>\n<p>1996 wurde ihm der Titel Datu und der Grad Lakan Anim, 6. Dan Modern Arnis, von Gro\u00dfmeister Remy A. Presas (10. Dan) pers\u00f6nlich als 4. Arnis-Lehrer au\u00dferhalb der Philippinen und als erstem au\u00dferhalb der USA, verliehen<br \/>\nNachdem er den 7., 8. und 9. Dan auf den Philippinen verliehen bekommen hatte, wurde m 24.9.2016 in Dortmund \u00f6ffentlich bekanntgegeben, dass er von Gro\u00dfmeister Roberto Presas den 10. Dan Modern Arnis verliehen bekommen hatte.<\/p>\n<p>Dieter Kn\u00fcttel betreibt Kampfsport seit 1967 und philippinische Kampfk\u00fcnste seit 1978. Er unterrichtet Modern Arnis auf Lehrg\u00e4ngen \u00fcberall in Europa, Russland, Australien und in den USA.<\/p>\n<div class=\"avia_textblock avia_textblock_style\" data-update_with=\"content\">\n<hr \/>\n<\/div>\n","protected":false},"excerpt":{"rendered":"<h2><strong>A-LOT-Doppelstock-Tapi-Tapi-4 &#8211; Download &#8211; DE<\/strong><\/h2>\n<p><strong>Sprache: deutsch &#8211; download<\/strong><br \/>\nLaufzeit (Min.): 32<br \/>\n<strong>Produzent: ABANICO<\/strong><\/p>\n","protected":false},"featured_media":10701,"comment_status":"open","ping_status":"closed","template":"","meta":[],"product_brand":[],"product_cat":[9548],"product_tag":[],"class_list":{"0":"post-10700","1":"product","2":"type-product","3":"status-publish","4":"has-post-thumbnail","6":"product_cat-9548","8":"first","9":"instock","10":"downloadable","11":"virtual","12":"sold-individually","13":"taxable","14":"purchasable","15":"product-type-simple"},"_links":{"self":[{"href":"https:\/\/www.abanico.de\/abanico\/wp-json\/wp\/v2\/product\/10700","targetHints":{"allow":["GET"]}}],"collection":[{"href":"https:\/\/www.abanico.de\/abanico\/wp-json\/wp\/v2\/product"}],"about":[{"href":"https:\/\/www.abanico.de\/abanico\/wp-json\/wp\/v2\/types\/product"}],"replies":[{"embeddable":true,"href":"https:\/\/www.abanico.de\/abanico\/wp-json\/wp\/v2\/comments?post=10700"}],"wp:featuredmedia":[{"embeddable":true,"href":"https:\/\/www.abanico.de\/abanico\/wp-json\/wp\/v2\/media\/10701"}],"wp:attachment":[{"href":"https:\/\/www.abanico.de\/abanico\/wp-json\/wp\/v2\/media?parent=10700"}],"wp:term":[{"taxonomy":"product_brand","embeddable":true,"href":"https:\/\/www.abanico.de\/abanico\/wp-json\/wp\/v2\/product_brand?post=10700"},{"taxonomy":"product_cat","embeddable":true,"href":"https:\/\/www.abanico.de\/abanico\/wp-json\/wp\/v2\/product_cat?post=10700"},{"taxonomy":"product_tag","embeddable":true,"href":"https:\/\/www.abanico.de\/abanico\/wp-json\/wp\/v2\/product_tag?post=10700"}],"curies":[{"name":"wp","href":"https:\/\/api.w.org\/{rel}","templated":true}]}}