{"id":10626,"date":"2021-04-28T18:09:09","date_gmt":"2021-04-28T16:09:09","guid":{"rendered":"https:\/\/www.abanico.de\/abanico\/?post_type=product&#038;p=10626"},"modified":"2024-08-21T08:38:16","modified_gmt":"2024-08-21T06:38:16","slug":"a-lot-sv-1-download-de","status":"publish","type":"product","link":"https:\/\/www.abanico.de\/abanico\/shop\/download-de\/seminar-videos-download-de\/alotarnisliveonlinetraining\/a-lot-sv-1-download-de\/","title":{"rendered":"A-LOT-SV-1 &#8211; Download &#8211; DE"},"content":{"rendered":"<p>Dies ist das Video vom Arnis Live-Online-Training, A-LOT, das GM Datu Dieter Kn\u00fcttel, 10. Dan Modern Arnis, zum Thema:<\/p>\n<h4><strong>Selbstverteidigung Teil 1:<\/strong><\/h4>\n<ul>\n<li><strong>Grundlagen der Selbstverteidigung<\/strong><\/li>\n<li><strong>Wie man Konflikte vermeiden kann<\/strong><\/li>\n<li><strong>Griffe an ein Handgelenk<\/strong><\/li>\n<li><strong> Griff an beide Handgelenke<\/strong><\/li>\n<\/ul>\n<p>abgehalten hat.<\/p>\n<p>Es wird die Technik, Methodik und Didaktik des Unterrichtens sowie viele Details f\u00fcr die Ausf\u00fchrung der Technik erkl\u00e4rt und demonstriert.<\/p>\n<p>Das Video hat Kapitelmarker.<br \/>\nErkl\u00e4rung hier: <span style=\"color: #ff0000;\"><em><strong><a style=\"color: #ff0000;\" href=\"https:\/\/www.abanico.de\/abanico\/kapitel-in-download-videos\/\">Kapitelmarker<\/a><\/strong><\/em><\/span><\/p>\n<p>Hier der Inhalt des Videos:<\/p>\n<p>00:00\u00a0 Vorspann<br \/>\n00:15\u00a0 Einleitung<br \/>\n00:34\u00a0 Wo beginnt die Selbstverteidigung?<br \/>\n01:01\u00a0\u00a0\u00a0\u00a0\u00a0 &#8211; Vorausschauendes Handeln<br \/>\n02:25\u00a0\u00a0\u00a0\u00a0\u00a0 &#8211; Verbale Selbstverteidigung: Vermeidung der Eskalation<br \/>\n03:28\u00a0\u00a0\u00a0\u00a0\u00a0\u00a0\u00a0\u00a0\u00a0 &#8211; &#8222;Von der Seite ansprechen&#8220;<br \/>\n05:09\u00a0\u00a0\u00a0\u00a0\u00a0\u00a0\u00a0\u00a0\u00a0 &#8211; Paradigmenwechsel<br \/>\n06:14\u00a0\u00a0\u00a0\u00a0\u00a0 &#8211; \u00d6ffentlichkeit schaffen<br \/>\n07:41\u00a0\u00a0\u00a0\u00a0\u00a0 &#8211; T\u00e4ter suchen Opfer, keine Gegner\/innen<br \/>\n08:30\u00a0\u00a0\u00a0\u00a0\u00a0 &#8211; Nicht mit dem T\u00e4ter mitgehen<br \/>\n08:54\u00a0\u00a0\u00a0\u00a0\u00a0 &#8211; 2 Distanzen<br \/>\n08:57\u00a0\u00a0\u00a0\u00a0\u00a0\u00a0\u00a0\u00a0\u00a0 &#8211; 1: Fluchtdistanz<br \/>\n09:11\u00a0\u00a0\u00a0\u00a0\u00a0\u00a0\u00a0\u00a0\u00a0 &#8211; 2: Privater Bereich<br \/>\n10:18\u00a0\u00a0\u00a0\u00a0\u00a0 &#8211; Wie ein Konflikt entsteht<br \/>\n11:29\u00a0 Die Techniken<br \/>\n11:37\u00a0\u00a0\u00a0\u00a0\u00a0 &#8211; Ann\u00e4herung nicht aggressiv verhindern<br \/>\n13:54\u00a0\u00a0\u00a0\u00a0\u00a0\u00a0\u00a0\u00a0\u00a0 &#8211; Ann\u00e4herung nicht aggressiv verhindern: ohne Partner<br \/>\n14:29\u00a0\u00a0\u00a0\u00a0\u00a0\u00a0\u00a0\u00a0\u00a0\u00a0\u00a0\u00a0\u00a0 &#8211; Ann\u00e4herung nicht aggressiv verhindern: Vorteile der Endposition<br \/>\n15:08\u00a0\u00a0\u00a0\u00a0\u00a0\u00a0\u00a0\u00a0\u00a0\u00a0\u00a0\u00a0\u00a0 &#8211; Ann\u00e4herung nicht aggressiv verhindern: so bitte nicht<br \/>\n16:23\u00a0\u00a0\u00a0\u00a0\u00a0\u00a0\u00a0\u00a0\u00a0 &#8211; Sich k\u00f6rperlich wehren ist muss das letzte Mittel sein<br \/>\n16:50\u00a0\u00a0\u00a0\u00a0\u00a0\u00a0\u00a0\u00a0\u00a0 &#8211; L\u00f6sen von Griffen<br \/>\n16:45\u00a0\u00a0\u00a0\u00a0\u00a0\u00a0\u00a0\u00a0\u00a0\u00a0\u00a0\u00a0\u00a0\u00a0 &#8211; H\u00e4nde sch\u00fctteln<br \/>\n17:05\u00a0\u00a0\u00a0\u00a0\u00a0 &#8211; Wie man einen Griff l\u00f6st<br \/>\n19:19 \u00a0 \u00a0 \u00a0 \u00a0\u00a0 &#8211; Diagonaler Griff am Handgelenk<br \/>\n19:29\u00a0\u00a0\u00a0\u00a0\u00a0\u00a0\u00a0\u00a0\u00a0\u00a0\u00a0\u00a0\u00a0 &#8211; 1: Griffl\u00f6sen nach rechts<br \/>\n20:30\u00a0\u00a0\u00a0\u00a0\u00a0\u00a0\u00a0\u00a0\u00a0\u00a0\u00a0\u00a0\u00a0\u00a0\u00a0\u00a0\u00a0 &#8211; Griff am Handgelenk &#8211; und dann was?<br \/>\n21:43\u00a0 M\u00f6gliches Zeichen f\u00fcr einen kurz bevorstehenden Angriff<br \/>\n23:39\u00a0\u00a0\u00a0\u00a0\u00a0\u00a0\u00a0\u00a0\u00a0\u00a0\u00a0\u00a0\u00a0\u00a0\u00a0\u00a0\u00a0 &#8211; Auf Zug reagieren<br \/>\n24:15\u00a0\u00a0\u00a0\u00a0\u00a0\u00a0\u00a0\u00a0\u00a0\u00a0\u00a0\u00a0\u00a0\u00a0\u00a0\u00a0\u00a0 &#8211; Auf Druck reagieren<br \/>\n25:05\u00a0\u00a0\u00a0\u00a0\u00a0\u00a0\u00a0\u00a0\u00a0\u00a0\u00a0\u00a0\u00a0\u00a0\u00a0\u00a0\u00a0 &#8211; Drehachsen und Hebelarme<br \/>\n26:19\u00a0\u00a0\u00a0\u00a0\u00a0\u00a0\u00a0\u00a0\u00a0\u00a0\u00a0\u00a0\u00a0\u00a0\u00a0\u00a0\u00a0 &#8211; Lockerungs- und Ablenkungs Techniken<br \/>\n29:15\u00a0\u00a0\u00a0\u00a0\u00a0\u00a0\u00a0\u00a0\u00a0\u00a0\u00a0\u00a0\u00a0 &#8211; Eher ung\u00fcnstig: Kipphandhebel<br \/>\n29:45\u00a0\u00a0\u00a0\u00a0\u00a0\u00a0\u00a0\u00a0\u00a0\u00a0\u00a0\u00a0\u00a0 &#8211; 2: Den Arm zwischen uns bringen<br \/>\n31:07\u00a0\u00a0\u00a0\u00a0\u00a0\u00a0\u00a0\u00a0\u00a0\u00a0\u00a0\u00a0\u00a0\u00a0\u00a0\u00a0\u00a0 &#8211; Den Arm zwischen uns bringen: ohne Partner<br \/>\n32:06\u00a0\u00a0\u00a0\u00a0\u00a0\u00a0\u00a0\u00a0\u00a0\u00a0\u00a0\u00a0\u00a0 &#8211; Aus dem Gleichgewicht bringen durch Haare ziehen<br \/>\n32:29\u00a0\u00a0\u00a0\u00a0\u00a0\u00a0\u00a0\u00a0\u00a0\u00a0\u00a0\u00a0\u00a0\u00a0\u00a0\u00a0\u00a0 &#8211; Wie man an den Haaren zieht<br \/>\n34:19\u00a0\u00a0\u00a0\u00a0\u00a0\u00a0\u00a0\u00a0\u00a0 &#8211; Gleichseitiger Griff am Handgelenk<br \/>\n35:06\u00a0\u00a0\u00a0\u00a0\u00a0\u00a0\u00a0\u00a0\u00a0\u00a0\u00a0\u00a0\u00a0 &#8211; 1: L\u00f6sung nach unten &#8211; Unterleib<br \/>\n36:11\u00a0\u00a0\u00a0\u00a0\u00a0\u00a0\u00a0\u00a0\u00a0\u00a0\u00a0\u00a0\u00a0\u00a0\u00a0\u00a0\u00a0 &#8211; Gleichseitiger Griff am Handgelenk: Reaktion auf Zug<br \/>\n36:33\u00a0\u00a0\u00a0\u00a0\u00a0\u00a0\u00a0\u00a0\u00a0\u00a0\u00a0\u00a0\u00a0\u00a0\u00a0\u00a0\u00a0 &#8211; L\u00f6sung nach unten &#8211; Unterleib: ohne Partner<br \/>\n36:51\u00a0\u00a0\u00a0\u00a0\u00a0\u00a0\u00a0\u00a0\u00a0\u00a0\u00a0\u00a0\u00a0 &#8211; 2: L\u00f6sung nach oben &#8211; Kontrolle von au\u00dfen<br \/>\n37:34\u00a0\u00a0\u00a0\u00a0\u00a0\u00a0\u00a0\u00a0\u00a0\u00a0\u00a0\u00a0\u00a0\u00a0\u00a0\u00a0\u00a0 &#8211; L\u00f6sung nach oben &#8211; Kontrolle von au\u00dfen: ohne Partner<br \/>\n37:46\u00a0\u00a0\u00a0\u00a0\u00a0\u00a0\u00a0\u00a0\u00a0\u00a0\u00a0\u00a0\u00a0\u00a0\u00a0\u00a0\u00a0 &#8211; L\u00f6sung nach oben &#8211; Kontrolle von au\u00dfen: warum genau so?<br \/>\n39:22\u00a0\u00a0\u00a0\u00a0\u00a0\u00a0\u00a0\u00a0\u00a0 &#8211; Griff an beiden Handgelenken<br \/>\n40:19\u00a0\u00a0\u00a0\u00a0\u00a0\u00a0\u00a0\u00a0\u00a0\u00a0\u00a0\u00a0\u00a0 &#8211; Gleichseitiger Griff am Handgelenk: ohne Partner<br \/>\n41:08\u00a0 Erfolgreiche Verteidigung durch Haare ziehen<br \/>\n41:51\u00a0 Lernen ist wie Tennisb\u00e4lle fangen<br \/>\n42:25\u00a0 Die Grenzen der Selbstverteidigung<br \/>\n43:21\u00a0 Fazit: Selbstverteidigung<br \/>\n45:09\u00a0 Verabschiedung<br \/>\n45:21\u00a0 Abspann<br \/>\n45:49\u00a0 Ende<\/p>\n<div class=\"avia_textblock avia_textblock_style\" data-update_with=\"content\">\n<h3>Trailer<\/h3>\n<div style=\"width: 640px;\" class=\"wp-video\"><video class=\"wp-video-shortcode\" id=\"video-10626-1\" width=\"640\" height=\"360\" preload=\"metadata\" controls=\"controls\"><source type=\"video\/mp4\" src=\"https:\/\/www.abanico.de\/abanico\/wp-content\/files\/trailer\/A-LOT-Trailer-SV-1.mp4?_=1\" \/><a href=\"https:\/\/www.abanico.de\/abanico\/wp-content\/files\/trailer\/A-LOT-Trailer-SV-1.mp4\">https:\/\/www.abanico.de\/abanico\/wp-content\/files\/trailer\/A-LOT-Trailer-SV-1.mp4<\/a><\/video><\/div>\n<\/div>\n<h4>Dies alles wird im dem A-LOT (Arnis Live-Online-Training) Video detailliert erkl\u00e4rt und demonstriert.<br \/>\nDas Arnis Live -Online- Trainings Video ist Teil der neuen Serie:\u00a0 Die \u00fcber Internet abgehaltenen Arnis Live-Online-Trainings Videos von und mit GM Datu Dieter Kn\u00fcttel, 10. Dan Modern Arnis.<br \/>\nNicht nur schnelle Demos, von denen es so viele auf Youtube zu sehen gibt, sondern Unterricht mit Erkl\u00e4rungen des &#8222;Was, Warum und Wie&#8220; mit vielen wichtigen Details, die bei reinen Demos verloren gehen.<br \/>\n<strong>Videos, von denen man wirklich lernen kann.<\/strong><\/h4>\n<div class=\"avia_textblock avia_textblock_style\" data-update_with=\"content\">\n<hr \/>\n<\/div>\n<h4><a href=\"https:\/\/www.abanico.de\/dieterknuettel\/wp\/de\/kurzbiographie\/\"><strong><span style=\"color: #ff0000;\"><em>Gro\u00dfmeister Datu Dieter Kn\u00fcttel<\/em><\/span><\/strong><\/a><br \/>\nist Diplom-Sportlehrer, Bundestrainer f\u00fcr Modern Arnis (seit 1985) und Modern Arnis Repr\u00e4sentant f\u00fcr Europa.<\/h4>\n<p>Er unterrichtet Selbstverteidigung seit Ende der 70er Jahre in ganz Deutschland aber auch weltweit.<\/p>\n<p>1996 wurde ihm der Titel Datu und der Grad Lakan Anim, 6. Dan Modern Arnis, von Gro\u00dfmeister Remy A. Presas (10. Dan) pers\u00f6nlich als 4. Arnis-Lehrer au\u00dferhalb der Philippinen und als erstem au\u00dferhalb der USA, verliehen<br \/>\nNachdem er den 7., 8. und 9. Dan auf den Philippinen verliehen bekommen hatte, wurde m 24.9.2016 in Dortmund \u00f6ffentlich bekanntgegeben, dass er von Gro\u00dfmeister Roberto Presas den 10. Dan Modern Arnis verliehen bekommen hatte.<\/p>\n<p>Dieter Kn\u00fcttel betreibt Kampfsport seit 1967 und philippinische Kampfk\u00fcnste seit 1978. Er unterrichtet Modern Arnis auf Lehrg\u00e4ngen \u00fcberall in Europa, Russland, Australien und in den USA.<\/p>\n<div class=\"avia_textblock avia_textblock_style\" data-update_with=\"content\">\n<hr \/>\n<\/div>\n","protected":false},"excerpt":{"rendered":"<h2><strong>A-LOT-SV-1 &#8211; Download &#8211; DE<\/strong><\/h2>\n<p><strong>Sprache: deutsch &#8211; download<\/strong><br \/>\nLaufzeit (Min.): 45<br \/>\n<strong>Produzent: ABANICO<\/strong><\/p>\n","protected":false},"featured_media":10628,"comment_status":"open","ping_status":"closed","template":"","meta":[],"product_brand":[],"product_cat":[9321,39,7329,40,2150,685],"product_tag":[913,9040,9022,1370,1372,1374,9231,1301,2217,1321,9589,1376,9163,9042,1845,9229,9227,1847,9468,9593,9591,1708],"class_list":{"0":"post-10626","1":"product","2":"type-product","3":"status-publish","4":"has-post-thumbnail","6":"product_cat-alotarnisliveonlinetraining","7":"product_cat-download-de","8":"product_cat-grossmeister-und-meister-des-modern-arnis","9":"product_cat-modern-arnis-download-de","10":"product_cat-selbstverteidigung-de","11":"product_cat-seminar-videos-download-de","12":"product_tag-anwendungen-de","13":"product_tag-arnis","14":"product_tag-datu-dieter","15":"product_tag-dav-de","16":"product_tag-deutscher-arnis-verband-de","17":"product_tag-dieter-knuettel-de","18":"product_tag-download-video","19":"product_tag-eskrima-de","20":"product_tag-kali-de","21":"product_tag-karate-de","22":"product_tag-loesen-von-griffen","23":"product_tag-modern-arnis-de","24":"product_tag-remy-presas","25":"product_tag-selbstschutz","26":"product_tag-selbstverteidigung-de","27":"product_tag-seminar-video","28":"product_tag-stockkampf","29":"product_tag-sv-de","30":"product_tag-training-ohne-partner-in","31":"product_tag-verbale-selbstverteidigung-sv","32":"product_tag-vertedigung-gegen-fassen","33":"product_tag-verteidigung-de","35":"first","36":"instock","37":"downloadable","38":"virtual","39":"sold-individually","40":"taxable","41":"purchasable","42":"product-type-simple"},"_links":{"self":[{"href":"https:\/\/www.abanico.de\/abanico\/wp-json\/wp\/v2\/product\/10626","targetHints":{"allow":["GET"]}}],"collection":[{"href":"https:\/\/www.abanico.de\/abanico\/wp-json\/wp\/v2\/product"}],"about":[{"href":"https:\/\/www.abanico.de\/abanico\/wp-json\/wp\/v2\/types\/product"}],"replies":[{"embeddable":true,"href":"https:\/\/www.abanico.de\/abanico\/wp-json\/wp\/v2\/comments?post=10626"}],"wp:featuredmedia":[{"embeddable":true,"href":"https:\/\/www.abanico.de\/abanico\/wp-json\/wp\/v2\/media\/10628"}],"wp:attachment":[{"href":"https:\/\/www.abanico.de\/abanico\/wp-json\/wp\/v2\/media?parent=10626"}],"wp:term":[{"taxonomy":"product_brand","embeddable":true,"href":"https:\/\/www.abanico.de\/abanico\/wp-json\/wp\/v2\/product_brand?post=10626"},{"taxonomy":"product_cat","embeddable":true,"href":"https:\/\/www.abanico.de\/abanico\/wp-json\/wp\/v2\/product_cat?post=10626"},{"taxonomy":"product_tag","embeddable":true,"href":"https:\/\/www.abanico.de\/abanico\/wp-json\/wp\/v2\/product_tag?post=10626"}],"curies":[{"name":"wp","href":"https:\/\/api.w.org\/{rel}","templated":true}]}}