{"id":10541,"date":"2021-04-21T19:10:10","date_gmt":"2021-04-21T17:10:10","guid":{"rendered":"https:\/\/www.abanico.de\/abanico\/?post_type=product&#038;p=10541"},"modified":"2024-08-21T08:38:47","modified_gmt":"2024-08-21T06:38:47","slug":"a-lot-sv-spazierstock-3-download-de","status":"publish","type":"product","link":"https:\/\/www.abanico.de\/abanico\/shop\/download-de\/seminar-videos-download-de\/alotarnisliveonlinetraining\/a-lot-sv-spazierstock-3-download-de\/","title":{"rendered":"A-LOT-SV-Spazierstock -3 &#8211; Download &#8211; DE"},"content":{"rendered":"<p>Dies ist das Video vom Arnis Live-Online-Training, A-LOT, das GM Datu Dieter Kn\u00fcttel, 10. Dan Modern Arnis, zum Thema:<\/p>\n<h4><strong>Verteidigung mit einem Spazierstock\/Regenschirm Teil 3:<\/strong><\/h4>\n<ul>\n<li><strong>SV gegen Tritte<br \/>\n<\/strong><\/p>\n<ul>\n<li><strong>Vorw\u00e4rts-Fu\u00dftritt<\/strong><\/li>\n<li><strong>Lowkick<\/strong><\/li>\n<li><strong>Halbkreis-Fu\u00dftritt<\/strong><\/li>\n<\/ul>\n<\/li>\n<li><strong>SV gegen Stockangriff<br \/>\n<\/strong><\/p>\n<ul>\n<li><strong>Gegen Schlag 1<\/strong><\/li>\n<li><strong>Gegen Schlag 2<\/strong><\/li>\n<\/ul>\n<\/li>\n<li><strong>&#8230; mit vielen Details zum lernen<br \/>\n<\/strong><\/li>\n<\/ul>\n<p>abgehalten hat.<\/p>\n<p>Es wird die Technik, Methodik und Didaktik des Unterrichtens sowie viele Details f\u00fcr die Ausf\u00fchrung der Technik erkl\u00e4rt und demonstriert.<\/p>\n<p>Das Video hat Kapitelmarker.<br \/>\nErkl\u00e4rung hier: <span style=\"color: #ff0000;\"><em><strong><a style=\"color: #ff0000;\" href=\"https:\/\/www.abanico.de\/abanico\/kapitel-in-download-videos\/\">Kapitelmarker<\/a><\/strong><\/em><\/span><\/p>\n<p>Hier der Inhalt des A-LOTs:<\/p>\n<p>00:00 Vorspann<br \/>\n00:15 Einleitung<br \/>\n00:40 Verteidigung gegen Tritte<br \/>\n01:06 &#8211; Vorw\u00e4rts-Fusstritt<br \/>\n01:17 &#8211; Auf Distanz halten<br \/>\n03:06 &#8211; Auf Distanz halten: ohne Partner<br \/>\n03:41 &#8211; Ableiten und ausweichen<br \/>\n04:46 &#8211; Ableiten und ausweichen: ohne Partner<br \/>\n05:03 &#8211; Ableiten mit Unterst\u00fctzung und ausweichen<br \/>\n06:10 &#8211; Ableiten mit Unterst\u00fctzung und ausweichen: ohne Partner<br \/>\n06:35 &#8211; Beidh\u00e4ndiger Block und ableiten<br \/>\n08:47 &#8211; Beidh\u00e4ndiger Block und ableiten: ohne Partner<br \/>\n09:13 &#8211; Lowkick<br \/>\n10:00 &#8211; Block mit Unterst\u00fctzung am Fu\u00df<br \/>\n10:44 &#8211; Ausweichen &#8211; Block mit Schlag 8<br \/>\n11:04 &#8211; Jamming mit Block<br \/>\n11:36 &#8211; Go with the force &#8211; den Tritt weiterleiten<br \/>\n12:14 &#8211; Verschiedene Konzepte gegen Lowkick: ohne Partner<br \/>\n12:54 &#8211; Halbkreis-Fu\u00dftritt<br \/>\n13:13 &#8211; Beidh\u00e4ndiger Block<br \/>\n14:12 &#8211; Beidh\u00e4ndiger Block mit Gegenangriffen<br \/>\n16:03 &#8211; Beidh\u00e4ndiger Block mit Gegenangriffen: ohne Partner<br \/>\n16:36 &#8211; Warum so viele Techniken?<br \/>\n16:55 &#8211; Griff am Ende &#8211; Haken vorne<br \/>\n17:36 &#8211; Griff in der Mitte &#8211; Haken vorne<br \/>\n17:47 &#8211; Beidh\u00e4ndiger Block &#8211; Einsatz des Hakens<br \/>\n20:10 &#8211; Block &#8211; Gegenangriff zum Unterleib<br \/>\n20:42 &#8211; Beidh\u00e4ndiger Block &#8211; Einsatz des Hakens: ohne Partner<br \/>\n21:35 Verteidigung gegen Stockangriffe<br \/>\n22:02 &#8211; Verteidigung gegen Angriff 1<br \/>\n22:05 &#8211; Entwaffnung mit dem Haken<br \/>\n22:26 &#8211; Entwaffnung mit dem Haken: Plan B<br \/>\n23:47 &#8211; Entwaffnung mit dem Haken: ohne Partner<br \/>\n24:20 &#8211; Go with the force &#8211; weiterleiten<br \/>\n25:50 &#8211; Entwaffnung aus Reverseblock<br \/>\n26:39 &#8211; Go with the force und Reverseblock: ohne Partner<br \/>\n27:10 &#8211; Griff in der Mitte: Entwaffnung mit dem Haken durch Zug am Handgelenk<br \/>\n27:49 &#8211; Griff in der Mitte: Entwaffnung mit dem Haken durch Zug am Handgelenk: Plan B + C<br \/>\n28:43 &#8211; Griff in der Mitte: Entwaffnung mit dem Haken durch Zug am Handgelenk &#8211; Plan B + C: ohne Partner<br \/>\n29:05 &#8211; Details der Technik<br \/>\n29:26 &#8211; Warum der Zug mit dem Haken am Bein sehr problematisch ist<br \/>\n30:42 &#8211; Armstreckhebel mit dem Haken<br \/>\n32:07 &#8211; Armstreckhebel mit dem Haken: ohne Partner<br \/>\n32:41 &#8211; Verteidigung gegen Angriff 2<br \/>\n32:46 &#8211; Block &#8211; Gegenangriffe: Entwaffnung 1 Serie<br \/>\n32:13 &#8211; Block &#8211; Gegenangriffe &#8211; Entwaffnung 1 Serie: ohne Partner<br \/>\n33:24 &#8211; Kontrolle der linken Hand mit dem Haken &#8211; Gegenangriffe<br \/>\n34:10 &#8211; Kontrolle der linken Hand mit dem Haken &#8211; Gegenangriffe: ohne Partner<br \/>\n34:28 &#8211; Mit dem Haken den Waffenarm nach unten ziehen &#8211; Gegenangriffe<br \/>\n34:58 &#8211; Mit dem Haken den Waffenarm nach unten ziehen &#8211; Gegenangriffe: ohne Partner<br \/>\n35:12 &#8211; Entwaffnung 5. Serie mit dem Haken<br \/>\n36:11 &#8211; Entwaffnung 5. Serie mit dem Haken: ohne Partner<br \/>\n36:25 &#8211; Armstreckhebel auf dem Waffenarm<br \/>\n37:18 &#8211; Weitere Techniken und potentielle Probleme damit<br \/>\n38:15 &#8211; Kreuzfesselgriff am linken Arm<br \/>\n38:29 &#8211; Haken zur Niere<br \/>\n38:44 Fazit: Spazierstock\/Schirm<br \/>\n39:54 Verabschiedung<br \/>\n40:06 Abspann<br \/>\n40:34 Ende<\/p>\n<p>Trailer<\/p>\n<div style=\"width: 640px;\" class=\"wp-video\"><video class=\"wp-video-shortcode\" id=\"video-10541-1\" width=\"640\" height=\"360\" preload=\"metadata\" controls=\"controls\"><source type=\"video\/mp4\" src=\"https:\/\/www.abanico.de\/abanico\/wp-content\/files\/trailer\/A-LOT-Trailer-SV-Spazierstock-3.mp4?_=1\" \/><a href=\"https:\/\/www.abanico.de\/abanico\/wp-content\/files\/trailer\/A-LOT-Trailer-SV-Spazierstock-3.mp4\">https:\/\/www.abanico.de\/abanico\/wp-content\/files\/trailer\/A-LOT-Trailer-SV-Spazierstock-3.mp4<\/a><\/video><\/div>\n<p>&nbsp;<\/p>\n<p><strong>Dies alles wird im dem A-LOT (Arnis Live-Online-Training) Video detailliert erkl\u00e4rt und demonstriert.<\/strong><\/p>\n<h4>Das Arnis Live -Online- Trainings Video ist Teil der neuen Serie:\u00a0 Die \u00fcber Internet abgehaltenen Arnis Live-Online-Trainings Videos von und mit GM Datu Dieter Kn\u00fcttel, 10. Dan Modern Arnis.<br \/>\nNicht nur schnelle Demos, von denen es so viele auf Youtube zu sehen gibt, sondern Unterricht mit Erkl\u00e4rungen des &#8222;Was, Warum und Wie&#8220; mit vielen wichtigen Details, die bei reinen Demos verloren gehen.<br \/>\n<strong>Videos, von denen man wirklich lernen kann.<\/strong><\/h4>\n<hr \/>\n<h4><a href=\"https:\/\/www.abanico.de\/dieterknuettel\/wp\/de\/kurzbiographie\/\"><strong><span style=\"color: #ff0000;\"><em>Gro\u00dfmeister Datu Dieter Kn\u00fcttel<\/em><\/span><\/strong><\/a><br \/>\nist Diplom-Sportlehrer, Bundestrainer f\u00fcr Modern Arnis (seit 1985) und Modern Arnis Repr\u00e4sentant f\u00fcr Europa.<\/h4>\n<p>Er unterrichtet Selbstverteidigung seit Ende der 70er Jahre in ganz Deutschland aber auch weltweit.<\/p>\n<p>1996 wurde ihm der Titel Datu und der Grad Lakan Anim, 6. Dan Modern Arnis, von Gro\u00dfmeister Remy A. Presas (10. Dan) pers\u00f6nlich als 4. Arnis-Lehrer au\u00dferhalb der Philippinen und als erstem au\u00dferhalb der USA, verliehen<br \/>\nNachdem er den 7., 8. und 9. Dan auf den Philippinen verliehen bekommen hatte, wurde m 24.9.2016 in Dortmund \u00f6ffentlich bekanntgegeben, dass er von Gro\u00dfmeister Roberto Presas den 10. Dan Modern Arnis verliehen bekommen hatte.<\/p>\n<p>Dieter Kn\u00fcttel betreibt Kampfsport seit 1967 und philippinische Kampfk\u00fcnste seit 1978. Er unterrichtet Modern Arnis auf Lehrg\u00e4ngen \u00fcberall in Europa, Russland, Australien und in den USA.<\/p>\n<div class=\"avia_textblock avia_textblock_style\" data-update_with=\"content\">\n<hr \/>\n<\/div>\n","protected":false},"excerpt":{"rendered":"<h2><strong>A-LOT-SV-Spazierstock -3 &#8211; Download &#8211; DE<\/strong><\/h2>\n<p><strong>Sprache: deutsch &#8211; download<\/strong><br \/>\nLaufzeit (Min.): 40<br \/>\n<strong>Produzent: ABANICO<\/strong><\/p>\n","protected":false},"featured_media":10542,"comment_status":"open","ping_status":"closed","template":"","meta":[],"product_brand":[],"product_cat":[9321,39,40,2150,685],"product_tag":[],"class_list":{"0":"post-10541","1":"product","2":"type-product","3":"status-publish","4":"has-post-thumbnail","6":"product_cat-alotarnisliveonlinetraining","7":"product_cat-download-de","8":"product_cat-modern-arnis-download-de","9":"product_cat-selbstverteidigung-de","10":"product_cat-seminar-videos-download-de","12":"first","13":"instock","14":"downloadable","15":"virtual","16":"sold-individually","17":"taxable","18":"purchasable","19":"product-type-simple"},"_links":{"self":[{"href":"https:\/\/www.abanico.de\/abanico\/wp-json\/wp\/v2\/product\/10541","targetHints":{"allow":["GET"]}}],"collection":[{"href":"https:\/\/www.abanico.de\/abanico\/wp-json\/wp\/v2\/product"}],"about":[{"href":"https:\/\/www.abanico.de\/abanico\/wp-json\/wp\/v2\/types\/product"}],"replies":[{"embeddable":true,"href":"https:\/\/www.abanico.de\/abanico\/wp-json\/wp\/v2\/comments?post=10541"}],"wp:featuredmedia":[{"embeddable":true,"href":"https:\/\/www.abanico.de\/abanico\/wp-json\/wp\/v2\/media\/10542"}],"wp:attachment":[{"href":"https:\/\/www.abanico.de\/abanico\/wp-json\/wp\/v2\/media?parent=10541"}],"wp:term":[{"taxonomy":"product_brand","embeddable":true,"href":"https:\/\/www.abanico.de\/abanico\/wp-json\/wp\/v2\/product_brand?post=10541"},{"taxonomy":"product_cat","embeddable":true,"href":"https:\/\/www.abanico.de\/abanico\/wp-json\/wp\/v2\/product_cat?post=10541"},{"taxonomy":"product_tag","embeddable":true,"href":"https:\/\/www.abanico.de\/abanico\/wp-json\/wp\/v2\/product_tag?post=10541"}],"curies":[{"name":"wp","href":"https:\/\/api.w.org\/{rel}","templated":true}]}}