{"id":10486,"date":"2021-04-14T16:50:33","date_gmt":"2021-04-14T14:50:33","guid":{"rendered":"https:\/\/www.abanico.de\/abanico\/?post_type=product&#038;p=10486"},"modified":"2024-08-21T08:39:37","modified_gmt":"2024-08-21T06:39:37","slug":"a-lot-sv-spazierstock-2-download-de","status":"publish","type":"product","link":"https:\/\/www.abanico.de\/abanico\/shop\/download-de\/seminar-videos-download-de\/alotarnisliveonlinetraining\/a-lot-sv-spazierstock-2-download-de\/","title":{"rendered":"A-LOT-SV-Spazierstock -2 &#8211; Download &#8211; DE"},"content":{"rendered":"<p>Dies ist das Video vom Arnis Live-Online-Training, A-LOT, das GM Datu Dieter Kn\u00fcttel, 10. Dan Modern Arnis, zum Thema:<\/p>\n<h4><strong>Verteidigung mit einem Spazierstock\/Regenschirm Teil 2:<\/strong><\/h4>\n<ul>\n<li><strong>mit dem Haken oder Knauff<\/strong><\/li>\n<li><strong> &#8230; gegen Greifen\/W\u00fcrgen<\/strong><\/li>\n<li><strong> &#8230; gegen Faustangriff<\/strong><\/li>\n<li><strong>schlagend und hebelnd<\/strong><\/li>\n<\/ul>\n<p>abgehalten hat.<\/p>\n<p>Es wird die Technik, Methodik und Didaktik des Unterrichtens sowie viele Details f\u00fcr die Ausf\u00fchrung der Technik erkl\u00e4rt und demonstriert.<\/p>\n<p>Das Video hat Kapitelmarker.<br \/>\nErkl\u00e4rung hier: <span style=\"color: #ff0000;\"><em><strong><a style=\"color: #ff0000;\" href=\"https:\/\/www.abanico.de\/abanico\/kapitel-in-download-videos\/\">Kapitelmarker<\/a><\/strong><\/em><\/span><\/p>\n<p>Hier der Inhalt des A-LOTs:<\/p>\n<p>00:00\u00a0 Vorspann<br \/>\n00:15\u00a0 Einleitung<br \/>\n00:58\u00a0 Grundlagen<br \/>\n01:04\u00a0\u00a0\u00a0\u00a0\u00a0 &#8211; Position bei Ann\u00e4herung des Gegners<br \/>\n01:25\u00a0\u00a0\u00a0\u00a0\u00a0 &#8211; Beidh\u00e4ndiges wegdr\u00fccken und mit beiden Enden schlagen<br \/>\n02:32\u00a0 Verteidigung gegen Greifen\/W\u00fcrgen<br \/>\n02:50\u00a0\u00a0\u00a0\u00a0\u00a0 &#8211; Verteidigung gegen den diagonalen Griff an die Stockhand<br \/>\n02:54\u00a0\u00a0\u00a0\u00a0\u00a0\u00a0\u00a0\u00a0\u00a0 &#8211; &#8230; mit einem Hakengriff<br \/>\n04:20\u00a0\u00a0\u00a0\u00a0\u00a0\u00a0\u00a0\u00a0\u00a0\u00a0\u00a0\u00a0\u00a0 &#8211; &#8230; mit einem Hakengriff: ohne Partner<br \/>\n04:45\u00a0\u00a0\u00a0\u00a0\u00a0\u00a0\u00a0\u00a0\u00a0 &#8211; &#8230; mit einem Knaufgriff<br \/>\n05:41\u00a0\u00a0\u00a0\u00a0\u00a0 &#8211; Verteidigung gegen den gleichseitigen Griff an die Stockhand und Faustangriff<br \/>\n08:11\u00a0\u00a0\u00a0\u00a0\u00a0\u00a0\u00a0\u00a0\u00a0 &#8211; Verteidigung gegen den gleichseitigen Griff an die Stockhand und Faustangriff: ohne Partner<br \/>\n09:26\u00a0\u00a0\u00a0\u00a0\u00a0 &#8211; Verteidigung gegen den Griff in den Nacken<br \/>\n11:25\u00a0\u00a0\u00a0\u00a0\u00a0\u00a0\u00a0\u00a0\u00a0 &#8211; Verteidigung gegen den Griff in den Nacken: ohne Partner<br \/>\n12:04\u00a0\u00a0\u00a0\u00a0\u00a0 &#8211; Verteidigung gegen den Griff in den Nacken &#8211; Haken vorne<br \/>\n14:19\u00a0\u00a0\u00a0\u00a0\u00a0\u00a0\u00a0\u00a0\u00a0 &#8211; Verteidigung gegen den Griff in den Nacken &#8211; Haken vorne: ohne Partner<br \/>\n14:58\u00a0\u00a0\u00a0\u00a0\u00a0 &#8211; Verteidigung gegen beidh\u00e4ndiges W\u00fcrgen von vorne: Variante 1<br \/>\n16:15\u00a0\u00a0\u00a0\u00a0\u00a0\u00a0\u00a0\u00a0\u00a0 &#8211; Was ist bei der Verteidigung gegen W\u00fcrgen am wichtigsten?<br \/>\n17:30\u00a0\u00a0\u00a0\u00a0\u00a0 &#8211; Bruch des Spazierstocks und ein Spazierstock aus Rattan<br \/>\n20:27\u00a0\u00a0\u00a0\u00a0\u00a0\u00a0\u00a0\u00a0\u00a0 &#8211; Verteidigung gegen beidh\u00e4ndiges W\u00fcrgen von vorne &#8211; Variante 1: ohne Partner<br \/>\n21:02\u00a0\u00a0\u00a0\u00a0\u00a0 &#8211; Verteidigung gegen beidh\u00e4ndiges W\u00fcrgen von vorne: Variante 2 + 3<br \/>\n22:59\u00a0\u00a0\u00a0\u00a0\u00a0\u00a0\u00a0\u00a0\u00a0 &#8211; Verteidigung gegen beidh\u00e4ndiges W\u00fcrgen von vorne &#8211; Variante 2 + 3: ohne Partner<br \/>\n23:44\u00a0\u00a0\u00a0\u00a0\u00a0 &#8211; Verteidigung gegen Schubsen nach vorne &#8211; von hinten<br \/>\n25:13\u00a0\u00a0\u00a0\u00a0\u00a0 &#8211; Verteidigung gegen Zug nach hinten &#8211; von hinten<br \/>\n26:38\u00a0 Verteidigung gegen Faustangriffe<br \/>\n26:42\u00a0\u00a0\u00a0\u00a0\u00a0 &#8211; Die Bl\u00f6cke<br \/>\n27:12\u00a0\u00a0\u00a0\u00a0\u00a0 &#8211; Verteidigung gegen Jab &#8211; Cross: Variante 1<br \/>\n30:04\u00a0\u00a0\u00a0\u00a0\u00a0\u00a0\u00a0\u00a0\u00a0 &#8211; Verteidigung gegen Jab &#8211; Cross &#8211; Variante 1: ohne Partner<br \/>\n30:46\u00a0\u00a0\u00a0\u00a0\u00a0 &#8211; Verteidigung gegen Jab &#8211; Cross: Varianten 2 + 3<br \/>\n32:06\u00a0\u00a0\u00a0\u00a0\u00a0 &#8211; Nervenpunkt im Nacken<br \/>\n32:39\u00a0\u00a0\u00a0\u00a0\u00a0 &#8211; Verteidigung gegen Jab &#8211; Cross: Varianten 4 &#8211; 6<br \/>\n34:03\u00a0\u00a0\u00a0\u00a0\u00a0\u00a0\u00a0\u00a0\u00a0 &#8211; Verteidigung gegen Jab &#8211; Cross &#8211; Varianten 4 &#8211; 6: ohne Partner<br \/>\n34:38\u00a0\u00a0\u00a0\u00a0\u00a0 &#8211; Verteidigung gegen Jab &#8211; Cross &#8211; Varianten 7: in der Distanz<br \/>\n36:31\u00a0\u00a0\u00a0\u00a0\u00a0 &#8211; Verteidigung gegen Jab &#8211; Cross &#8211; Varianten 8: Stockhebel<br \/>\n37:29\u00a0\u00a0\u00a0\u00a0\u00a0\u00a0\u00a0\u00a0\u00a0 &#8211; Verteidigung gegen Jab &#8211; Cross &#8211; Varianten 7 + 8: ohne Partner<br \/>\n38:22\u00a0\u00a0\u00a0\u00a0\u00a0 &#8211; Verteidigung gegen Jab &#8211; Cross &#8211; Varianten 9: Festleger<br \/>\n40:10\u00a0\u00a0\u00a0\u00a0\u00a0\u00a0\u00a0\u00a0\u00a0 &#8211; Verteidigung gegen Jab &#8211; Cross &#8211; Varianten 9 &#8211; Festleger: ohne Partner<br \/>\n40:40\u00a0 Fazit Spazierstock\/Regenschirm: einfache &amp; komplexe Techniken<br \/>\n43:18\u00a0 Die Idee von den A-LOTs mit den Videos<br \/>\n44:09\u00a0 Verabschiedung<br \/>\n44:17\u00a0 Abspann<br \/>\n44:44\u00a0 Ende<\/p>\n<p>Trailer<\/p>\n<div style=\"width: 640px;\" class=\"wp-video\"><video class=\"wp-video-shortcode\" id=\"video-10486-1\" width=\"640\" height=\"360\" preload=\"metadata\" controls=\"controls\"><source type=\"video\/mp4\" src=\"https:\/\/www.abanico.de\/abanico\/wp-content\/files\/trailer\/A-LOT-Trailer-SV-Spazierstock-2.mp4?_=1\" \/><a href=\"https:\/\/www.abanico.de\/abanico\/wp-content\/files\/trailer\/A-LOT-Trailer-SV-Spazierstock-2.mp4\">https:\/\/www.abanico.de\/abanico\/wp-content\/files\/trailer\/A-LOT-Trailer-SV-Spazierstock-2.mp4<\/a><\/video><\/div>\n<p>&nbsp;<\/p>\n<p><strong>Dies alles wird im dem A-LOT (Arnis Live-Online-Training) Video detailliert erkl\u00e4rt und demonstriert.<\/strong><\/p>\n<h4>Das Arnis Live -Online- Trainings Video ist Teil der neuen Serie:\u00a0 Die \u00fcber Internet abgehaltenen Arnis Live-Online-Trainings Videos von und mit GM Datu Dieter Kn\u00fcttel, 10. Dan Modern Arnis.<br \/>\nNicht nur schnelle Demos, von denen es so viele auf Youtube zu sehen gibt, sondern Unterricht mit Erkl\u00e4rungen des &#8222;Was, Warum und Wie&#8220; mit vielen wichtigen Details, die bei reinen Demos verloren gehen.<br \/>\n<strong>Videos, von denen man wirklich lernen kann.<\/strong><\/h4>\n<hr \/>\n<h4><a href=\"https:\/\/www.abanico.de\/dieterknuettel\/wp\/de\/kurzbiographie\/\"><strong><span style=\"color: #ff0000;\"><em>Gro\u00dfmeister Datu Dieter Kn\u00fcttel<\/em><\/span><\/strong><\/a><br \/>\nist Diplom-Sportlehrer, Bundestrainer f\u00fcr Modern Arnis (seit 1985) und Modern Arnis Repr\u00e4sentant f\u00fcr Europa.<\/h4>\n<p>Er unterrichtet Selbstverteidigung seit Ende der 70er Jahre in ganz Deutschland aber auch weltweit.<\/p>\n<p>1996 wurde ihm der Titel Datu und der Grad Lakan Anim, 6. Dan Modern Arnis, von Gro\u00dfmeister Remy A. Presas (10. Dan) pers\u00f6nlich als 4. Arnis-Lehrer au\u00dferhalb der Philippinen und als erstem au\u00dferhalb der USA, verliehen<br \/>\nNachdem er den 7., 8. und 9. Dan auf den Philippinen verliehen bekommen hatte, wurde m 24.9.2016 in Dortmund \u00f6ffentlich bekanntgegeben, dass er von Gro\u00dfmeister Roberto Presas den 10. Dan Modern Arnis verliehen bekommen hatte.<\/p>\n<p>Dieter Kn\u00fcttel betreibt Kampfsport seit 1967 und philippinische Kampfk\u00fcnste seit 1978. Er unterrichtet Modern Arnis auf Lehrg\u00e4ngen \u00fcberall in Europa, Russland, Australien und in den USA.<\/p>\n<div class=\"avia_textblock avia_textblock_style\" data-update_with=\"content\">\n<hr \/>\n<\/div>\n","protected":false},"excerpt":{"rendered":"<h2><strong>A-LOT-SV-Spazierstock -2 &#8211; Download &#8211; DE<\/strong><\/h2>\n<p><strong>Sprache: deutsch &#8211; download<\/strong><br \/>\nLaufzeit (Min.): 44<br \/>\n<strong>Produzent: ABANICO<\/strong><\/p>\n","protected":false},"featured_media":10535,"comment_status":"open","ping_status":"closed","template":"","meta":[],"product_brand":[],"product_cat":[9321,39,40,2150,685],"product_tag":[],"class_list":{"0":"post-10486","1":"product","2":"type-product","3":"status-publish","4":"has-post-thumbnail","6":"product_cat-alotarnisliveonlinetraining","7":"product_cat-download-de","8":"product_cat-modern-arnis-download-de","9":"product_cat-selbstverteidigung-de","10":"product_cat-seminar-videos-download-de","12":"first","13":"instock","14":"downloadable","15":"virtual","16":"sold-individually","17":"taxable","18":"purchasable","19":"product-type-simple"},"_links":{"self":[{"href":"https:\/\/www.abanico.de\/abanico\/wp-json\/wp\/v2\/product\/10486","targetHints":{"allow":["GET"]}}],"collection":[{"href":"https:\/\/www.abanico.de\/abanico\/wp-json\/wp\/v2\/product"}],"about":[{"href":"https:\/\/www.abanico.de\/abanico\/wp-json\/wp\/v2\/types\/product"}],"replies":[{"embeddable":true,"href":"https:\/\/www.abanico.de\/abanico\/wp-json\/wp\/v2\/comments?post=10486"}],"wp:featuredmedia":[{"embeddable":true,"href":"https:\/\/www.abanico.de\/abanico\/wp-json\/wp\/v2\/media\/10535"}],"wp:attachment":[{"href":"https:\/\/www.abanico.de\/abanico\/wp-json\/wp\/v2\/media?parent=10486"}],"wp:term":[{"taxonomy":"product_brand","embeddable":true,"href":"https:\/\/www.abanico.de\/abanico\/wp-json\/wp\/v2\/product_brand?post=10486"},{"taxonomy":"product_cat","embeddable":true,"href":"https:\/\/www.abanico.de\/abanico\/wp-json\/wp\/v2\/product_cat?post=10486"},{"taxonomy":"product_tag","embeddable":true,"href":"https:\/\/www.abanico.de\/abanico\/wp-json\/wp\/v2\/product_tag?post=10486"}],"curies":[{"name":"wp","href":"https:\/\/api.w.org\/{rel}","templated":true}]}}