{"id":10443,"date":"2021-04-08T14:58:58","date_gmt":"2021-04-08T12:58:58","guid":{"rendered":"https:\/\/www.abanico.de\/abanico\/?post_type=product&#038;p=10443"},"modified":"2025-11-12T14:08:56","modified_gmt":"2025-11-12T13:08:56","slug":"a-lot-dan-palusot-3-download-de","status":"publish","type":"product","link":"https:\/\/www.abanico.de\/abanico\/shop\/gemaelde\/9548\/a-lot-dan-palusot-3-download-de\/","title":{"rendered":"A-LOT-Dan-Palusot-3 &#8211; Download &#8211; DE"},"content":{"rendered":"<p>Dies ist das Video vom Arnis Live-Online-Training, A-LOT, das GM Datu Dieter Kn\u00fcttel, 10. Dan Modern Arnis, zum Thema:<\/p>\n<h4><strong>Palusot &#8211; Level 3<br \/>\n<\/strong><\/h4>\n<ul>\n<li><strong>Angriffe aus 360\u00b0<\/strong><\/li>\n<li><strong>5 Module<\/strong><\/li>\n<li><strong>Verschiedene Haltungen<br \/>\n<\/strong><\/li>\n<li><strong>Freie Angriffe und Fluss<br \/>\n<\/strong><\/li>\n<li><strong>und vieles mehr<\/strong><\/li>\n<\/ul>\n<p>abgehalten hat.<\/p>\n<p>Es wird die Technik, Methodik und Didaktik des Unterrichtens sowie viele Details f\u00fcr die Ausf\u00fchrung der Technik erkl\u00e4rt und demonstriert.<\/p>\n<p>Das Video hat Kapitelmarker.<br \/>\nErkl\u00e4rung hier: <span style=\"color: #ff0000;\"><em><strong><a style=\"color: #ff0000;\" href=\"https:\/\/www.abanico.de\/abanico\/kapitel-in-download-videos\/\">Kapitelmarker<\/a><\/strong><\/em><\/span><\/p>\n<p>Hier der Inhalt des A-LOTs:<\/p>\n<p>00:00\u00a0 Vorspann<br \/>\n00:15\u00a0 Einleitung<br \/>\n00:53\u00a0 Palusot &#8230; eine kurze Wiederholung<br \/>\n01:27\u00a0 Die Module &#8230; welche sind bekannt?<br \/>\n01:31 \u00a0 \u00a0\u00a0 &#8211; Modul 1<br \/>\n01:45\u00a0\u00a0\u00a0\u00a0\u00a0 &#8211; Modul 2<br \/>\n01:53\u00a0 Variation der Angriffe<br \/>\n02:05\u00a0\u00a0\u00a0\u00a0\u00a0 &#8211; Angriff 1<br \/>\n02:12\u00a0\u00a0\u00a0\u00a0\u00a0 &#8211; Modul 3<br \/>\n02:48\u00a0 \u00a0\u00a0\u00a0 &#8211; Adaption der Verteidigung bei Angriff 6<br \/>\n03:41\u00a0 \u00a0\u00a0\u00a0 &#8211; Die Wahl der Technik (des Moduls) ist abh\u00e4ngig von der Hand- und Messerposition<br \/>\n04:04 \u00a0 \u00a0\u00a0 &#8211; Modul 4<br \/>\n06:03\u00a0\u00a0\u00a0\u00a0\u00a0\u00a0\u00a0\u00a0\u00a0 &#8211; Module 1 &#8211; 4: ohne Partner<br \/>\n06:56 \u00a0\u00a0\u00a0\u00a0 &#8211; Wann muss ich wie checken? Handpositionen<br \/>\n08:41\u00a0\u00a0\u00a0\u00a0\u00a0\u00a0\u00a0\u00a0\u00a0 &#8211; Regel f\u00fcr die richtige Handposition beim checken<br \/>\n09:00\u00a0\u00a0\u00a0\u00a0\u00a0\u00a0\u00a0\u00a0\u00a0\u00a0\u00a0\u00a0\u00a0 &#8211; Diskussion dieser Regel: Vor- und Nachteile<br \/>\n11:28\u00a0\u00a0\u00a0\u00a0\u00a0\u00a0\u00a0\u00a0\u00a0 &#8211; Kann ich nach Modul 4 von rechts au\u00dfen stechen?<br \/>\n12:09\u00a0\u00a0\u00a0\u00a0\u00a0 &#8211; Angriff 12<br \/>\n12:31\u00a0\u00a0\u00a0\u00a0\u00a0\u00a0\u00a0\u00a0\u00a0\u00a0 &#8211; Welche Module gegen Angriff 12 eingesetzt werden k\u00f6nnen<br \/>\n16:01\u00a0\u00a0\u00a0\u00a0\u00a0 &#8211; Frage: Kann der Partner den Arm beim Stich zur Leber schneiden?<br \/>\n18:40\u00a0\u00a0\u00a0\u00a0\u00a0 &#8211; Modul 5<br \/>\n21:23\u00a0\u00a0\u00a0\u00a0\u00a0 &#8211; Modul 5 (+ 1-4): ohne Partner<br \/>\n22:00\u00a0\u00a0\u00a0\u00a0\u00a0 &#8211; Angriff 4<br \/>\n23:05\u00a0\u00a0\u00a0\u00a0\u00a0 &#8211; Angriffe von allen Winkleln: 360\u00b0 Kreis<br \/>\n23:42\u00a0\u00a0\u00a0\u00a0\u00a0 &#8211; Die 5 Module in der Messer-Position<br \/>\n25:25\u00a0 Verschiedene Messerhaltungen in der Messer- &amp; Dolch-Position und deren Anwendungen<br \/>\n27:10\u00a0\u00a0\u00a0\u00a0\u00a0 &#8211; Abschlusstechniken in allen 5 Moduen<br \/>\n28:48\u00a0\u00a0\u00a0\u00a0\u00a0 &#8211; Was bedeutet das alles f\u00fcr einem richtigen Kampf?<br \/>\n29:39\u00a0\u00a0\u00a0\u00a0\u00a0 &#8211; Techniken bzw. Module des Drills als Einzeltechniken<br \/>\n31:17\u00a0 Fragen und Antworten<br \/>\n31:20\u00a0\u00a0\u00a0\u00a0\u00a0 &#8211; Wie ist die Rollenverteilung? Wer initiiert die Angriffe?<br \/>\n32:55\u00a0\u00a0\u00a0\u00a0\u00a0 &#8211; Frage und Diskussion: Was kann man tun, wenn der Partner unkooperativ ist und sich nur durchsetzen will?<br \/>\n38:20\u00a0\u00a0\u00a0\u00a0\u00a0 &#8211; Bei unkooperativem Partner: aus dem Drill rausgehen und Abschlusstechniken ansetzen<br \/>\n40:44\u00a0\u00a0\u00a0\u00a0\u00a0 &#8211; Wie kann man als Trainer\/in auf ein solches Verhalten reagieren?<br \/>\n42:08\u00a0 Umgang mit anderen Angriffen vom Partner<br \/>\n43:18\u00a0\u00a0\u00a0\u00a0\u00a0 &#8211; Freier Fluss von Bewegung und Techniken im Palusot<br \/>\n44:30\u00a0\u00a0\u00a0\u00a0\u00a0 &#8211; Palusot mit 2 Messern<br \/>\n44:34\u00a0\u00a0\u00a0\u00a0\u00a0\u00a0\u00a0\u00a0\u00a0 &#8211; Rechts Dolch &#8211; links Messer<br \/>\n45:03\u00a0\u00a0\u00a0\u00a0\u00a0\u00a0\u00a0\u00a0\u00a0 &#8211; Rechts Messer &#8211; links Dolch<br \/>\n45:45\u00a0 Fazit Palusot Level 3<br \/>\n46:16\u00a0 Verabschiedung<br \/>\n46:32\u00a0 Abspann<br \/>\n46:59\u00a0 Ende<\/p>\n<h3>Trailer<\/h3>\n<div style=\"width: 640px;\" class=\"wp-video\"><video class=\"wp-video-shortcode\" id=\"video-10443-1\" width=\"640\" height=\"360\" preload=\"metadata\" controls=\"controls\"><source type=\"video\/mp4\" src=\"https:\/\/www.abanico.de\/abanico\/wp-content\/files\/trailer\/A-LOT-Modern-Arnis-Trailer-Palosut-3.mp4?_=1\" \/><a href=\"https:\/\/www.abanico.de\/abanico\/wp-content\/files\/trailer\/A-LOT-Modern-Arnis-Trailer-Palosut-3.mp4\">https:\/\/www.abanico.de\/abanico\/wp-content\/files\/trailer\/A-LOT-Modern-Arnis-Trailer-Palosut-3.mp4<\/a><\/video><\/div>\n<p>&nbsp;<\/p>\n<p><strong>Dies alles wird im dem A-LOT (Arnis Live-Online-Training) Video detailliert erkl\u00e4rt und demonstriert.<\/strong><\/p>\n<h4>Das Arnis Live -Online- Trainings Video ist Teil der neuen Serie:\u00a0 Die \u00fcber Internet abgehaltenen Arnis Live-Online-Trainings Videos von und mit GM Datu Dieter Kn\u00fcttel, 10. Dan Modern Arnis.<br \/>\nNicht nur schnelle Demos, von denen es so viele auf Youtube zu sehen gibt, sondern Unterricht mit Erkl\u00e4rungen des &#8222;Was, Warum und Wie&#8220; mit vielen wichtigen Details, die bei reinen Demos verloren gehen.<br \/>\n<strong>Videos, von denen man wirklich lernen kann.<\/strong><\/h4>\n<hr \/>\n<h4><a href=\"https:\/\/www.abanico.de\/dieterknuettel\/wp\/de\/kurzbiographie\/\"><strong><span style=\"color: #ff0000;\"><em>Gro\u00dfmeister Datu Dieter Kn\u00fcttel<\/em><\/span><\/strong><\/a><br \/>\nist Diplom-Sportlehrer, Bundestrainer f\u00fcr Modern Arnis (seit 1985) und Modern Arnis Repr\u00e4sentant f\u00fcr Europa.<\/h4>\n<p>Er unterrichtet Selbstverteidigung seit Ende der 70er Jahre in ganz Deutschland aber auch weltweit.<\/p>\n<p>1996 wurde ihm der Titel Datu und der Grad Lakan Anim, 6. Dan Modern Arnis, von Gro\u00dfmeister Remy A. Presas (10. Dan) pers\u00f6nlich als 4. Arnis-Lehrer au\u00dferhalb der Philippinen und als erstem au\u00dferhalb der USA, verliehen<br \/>\nNachdem er den 7., 8. und 9. Dan auf den Philippinen verliehen bekommen hatte, wurde m 24.9.2016 in Dortmund \u00f6ffentlich bekanntgegeben, dass er von Gro\u00dfmeister Roberto Presas den 10. Dan Modern Arnis verliehen bekommen hatte.<\/p>\n<p>Dieter Kn\u00fcttel betreibt Kampfsport seit 1967 und philippinische Kampfk\u00fcnste seit 1978. Er unterrichtet Modern Arnis auf Lehrg\u00e4ngen \u00fcberall in Europa, Russland, Australien und in den USA.<\/p>\n<div class=\"avia_textblock avia_textblock_style\" data-update_with=\"content\">\n<hr \/>\n<\/div>\n","protected":false},"excerpt":{"rendered":"<h2><strong>A-LOT-Dan-Palusot-3 &#8211; Download &#8211; DE<\/strong><\/h2>\n<p><strong>Sprache: deutsch &#8211; download<\/strong><br \/>\nLaufzeit (Min.): 47<br \/>\n<strong>Produzent: ABANICO<\/strong><\/p>\n","protected":false},"featured_media":10444,"comment_status":"open","ping_status":"closed","template":"","meta":[],"product_brand":[],"product_cat":[9548],"product_tag":[],"class_list":{"0":"post-10443","1":"product","2":"type-product","3":"status-publish","4":"has-post-thumbnail","6":"product_cat-9548","8":"first","9":"instock","10":"downloadable","11":"virtual","12":"sold-individually","13":"taxable","14":"purchasable","15":"product-type-simple"},"_links":{"self":[{"href":"https:\/\/www.abanico.de\/abanico\/wp-json\/wp\/v2\/product\/10443","targetHints":{"allow":["GET"]}}],"collection":[{"href":"https:\/\/www.abanico.de\/abanico\/wp-json\/wp\/v2\/product"}],"about":[{"href":"https:\/\/www.abanico.de\/abanico\/wp-json\/wp\/v2\/types\/product"}],"replies":[{"embeddable":true,"href":"https:\/\/www.abanico.de\/abanico\/wp-json\/wp\/v2\/comments?post=10443"}],"wp:featuredmedia":[{"embeddable":true,"href":"https:\/\/www.abanico.de\/abanico\/wp-json\/wp\/v2\/media\/10444"}],"wp:attachment":[{"href":"https:\/\/www.abanico.de\/abanico\/wp-json\/wp\/v2\/media?parent=10443"}],"wp:term":[{"taxonomy":"product_brand","embeddable":true,"href":"https:\/\/www.abanico.de\/abanico\/wp-json\/wp\/v2\/product_brand?post=10443"},{"taxonomy":"product_cat","embeddable":true,"href":"https:\/\/www.abanico.de\/abanico\/wp-json\/wp\/v2\/product_cat?post=10443"},{"taxonomy":"product_tag","embeddable":true,"href":"https:\/\/www.abanico.de\/abanico\/wp-json\/wp\/v2\/product_tag?post=10443"}],"curies":[{"name":"wp","href":"https:\/\/api.w.org\/{rel}","templated":true}]}}