{"id":10356,"date":"2021-03-31T18:32:36","date_gmt":"2021-03-31T16:32:36","guid":{"rendered":"https:\/\/www.abanico.de\/abanico\/?post_type=product&#038;p=10356"},"modified":"2024-08-21T08:40:20","modified_gmt":"2024-08-21T06:40:20","slug":"a-lot-tapi-tapi-6-download-de","status":"publish","type":"product","link":"https:\/\/www.abanico.de\/abanico\/shop\/download-de\/seminar-videos-download-de\/alotarnisliveonlinetraining\/a-lot-tapi-tapi-6-download-de\/","title":{"rendered":"A-LOT-Tapi-Tapi-6 &#8211; Download &#8211; DE"},"content":{"rendered":"<p><strong>Dies ist das Video vom Arnis Live-Online-Training, A-LOT, das GM Datu Dieter Kn\u00fcttel, 10. Dan Modern Arnis, zum Thema:<\/strong><\/p>\n<p><strong>Tapi-Tapi 6:<\/strong><\/p>\n<ul>\n<li><strong>Festleger mit links<\/strong><\/li>\n<li><strong>Standard und Variationen<\/strong><\/li>\n<li><strong>5 Trainingsformen im Tapi-Tapi<br \/>\n<\/strong><\/li>\n<\/ul>\n<p><strong>Es ist der zweite und letzte Teil der Techniken aus dem Braungurtprogramm des DAV<\/strong><br \/>\n<strong>Es wird die Technik, Methodik und Didaktik des Unterrichtens sowie viele Details f\u00fcr die Ausf\u00fchrung der Technik erkl\u00e4rt und demonstriert.<\/strong><\/p>\n<p><strong>Das Video hat Kapitelmarker.<\/strong><br \/>\n<strong>Erkl\u00e4rung hier: <em><a href=\"https:\/\/www.abanico.de\/abanico\/kapitel-in-download-videos\/\"><span style=\"color: #ff0000;\">Kapitelmarker<\/span><\/a><\/em><\/strong><\/p>\n<p><strong>Hier der Inhalt des Live-Trainings-Videos:<\/strong><\/p>\n<p><strong>00:00\u00a0 Vorspann<br \/>\n00:15\u00a0 Einleitung<br \/>\n00:48\u00a0 Festleger mit links<br \/>\n01:06\u00a0\u00a0\u00a0\u00a0\u00a0 &#8211; 2 Positionen: Doppel Sinawali &#8211; Reverse Sinawali<br \/>\n01:33\u00a0\u00a0\u00a0\u00a0\u00a0 &#8211; Wie man die Verteidigung des Gef\u00fchrten beeinflussen kann<br \/>\n01:39\u00a0\u00a0\u00a0\u00a0\u00a0\u00a0\u00a0\u00a0\u00a0 &#8211; Festleger 1: aus der Reverse Sinawali Position<br \/>\n02:06\u00a0\u00a0\u00a0\u00a0\u00a0\u00a0\u00a0\u00a0\u00a0\u00a0\u00a0\u00a0 &#8211; F1: Standard Ausf\u00fchrung: Ablauf<br \/>\n02:39\u00a0\u00a0\u00a0\u00a0\u00a0\u00a0\u00a0\u00a0\u00a0\u00a0\u00a0\u00a0 &#8211; Die Details: Schutz vor der Backfist<br \/>\n03:20\u00a0\u00a0\u00a0\u00a0\u00a0\u00a0\u00a0\u00a0\u00a0\u00a0\u00a0\u00a0 &#8211; Die Details: die Backfist &#8222;einfangen&#8220;<br \/>\n05:04\u00a0\u00a0\u00a0\u00a0\u00a0\u00a0\u00a0\u00a0\u00a0\u00a0\u00a0\u00a0 &#8211; Die Details: Wie ich seine rechte Hand mit dem linke Arm blockiere<br \/>\n06:06\u00a0\u00a0\u00a0\u00a0\u00a0\u00a0\u00a0\u00a0\u00a0\u00a0\u00a0\u00a0 &#8211; Festleger 1 &#8211; Standard: ohne Partner<br \/>\n07:01\u00a0\u00a0\u00a0\u00a0\u00a0\u00a0\u00a0\u00a0\u00a0\u00a0\u00a0\u00a0\u00a0 &#8211; Wie der Griff gel\u00f6st wird<br \/>\n09:47 \u00a0 \u00a0\u00a0\u00a0\u00a0\u00a0\u00a0\u00a0\u00a0\u00a0\u00a0 &#8211; Wie der Griff gel\u00f6st wird: ohne Partner<br \/>\n10:13\u00a0\u00a0\u00a0\u00a0\u00a0\u00a0\u00a0\u00a0\u00a0\u00a0\u00a0\u00a0\u00a0 &#8211; Weiter im Corto oder im Largo<br \/>\n11:32\u00a0\u00a0\u00a0\u00a0\u00a0\u00a0\u00a0\u00a0\u00a0 &#8211; Variation: mit Abanico<br \/>\n15:09\u00a0\u00a0\u00a0\u00a0\u00a0\u00a0\u00a0\u00a0\u00a0\u00a0\u00a0\u00a0 &#8211; Variation &#8211; mit Abanico: ohne Partner<br \/>\n16:23\u00a0\u00a0\u00a0\u00a0\u00a0\u00a0\u00a0\u00a0\u00a0 &#8211; Festleger 2: aus der Doppel Sinawali Position<br \/>\n16:54\u00a0\u00a0\u00a0\u00a0\u00a0\u00a0\u00a0\u00a0\u00a0\u00a0\u00a0\u00a0\u00a0 &#8211; F2: Standard Ausf\u00fchrung: Ablauf<br \/>\n18:22\u00a0\u00a0\u00a0\u00a0\u00a0\u00a0\u00a0\u00a0\u00a0\u00a0\u00a0\u00a0\u00a0 &#8211; Festleger 2 &#8211; Standard: ohne Partner<br \/>\n19:39\u00a0\u00a0\u00a0\u00a0\u00a0\u00a0\u00a0\u00a0\u00a0 &#8211; Variation 1: mit dem Ellbogen festlegen<br \/>\n21:25\u00a0\u00a0\u00a0\u00a0\u00a0\u00a0\u00a0\u00a0\u00a0\u00a0\u00a0\u00a0\u00a0 &#8211; Variation 1 &#8211; mit dem Ellbogen festlegen: ohne Partner<br \/>\n22:20\u00a0\u00a0\u00a0\u00a0\u00a0\u00a0\u00a0\u00a0\u00a0 &#8211; Variation 2: mit dem Stock festlegen<br \/>\n24:48\u00a0\u00a0\u00a0\u00a0\u00a0\u00a0\u00a0\u00a0\u00a0\u00a0\u00a0\u00a0\u00a0 &#8211; Variation 2 &#8211; mit dem Stock festlegen: ohne Partner<br \/>\n25:59\u00a0 Wie k\u00f6nnen wir Tapi-Tapi trainieren?<br \/>\n26:11\u00a0\u00a0\u00a0\u00a0\u00a0 &#8211; Trainingsform 1: langsam fliessen<br \/>\n27:32\u00a0\u00a0\u00a0\u00a0\u00a0 &#8211; Trainingsform 2: schnell fliessen<br \/>\n29:36\u00a0 \u00a0 \u00a0 &#8211; Trainingsform 3: Intensit\u00e4tswechsel<br \/>\n31:36\u00a0\u00a0\u00a0\u00a0\u00a0 &#8211; Trainingsform 4: den Gef\u00fchrten fordern<br \/>\n33:10\u00a0\u00a0\u00a0\u00a0\u00a0 &#8211; Trainingsform 5: Reaktionen kreieren und ausnutzen<br \/>\n35:01\u00a0 Fazit: Festleger mit links und Trainingsformen im Tapi-Tapi<br \/>\n36:47\u00a0 Verabschiedung<br \/>\n36:56\u00a0 Abspann<br \/>\n37:24\u00a0 Ende<\/strong><\/p>\n<h3>Trailer<\/h3>\n<div style=\"width: 640px;\" class=\"wp-video\"><video class=\"wp-video-shortcode\" id=\"video-10356-1\" width=\"640\" height=\"360\" preload=\"metadata\" controls=\"controls\"><source type=\"video\/mp4\" src=\"https:\/\/www.abanico.de\/abanico\/wp-content\/files\/trailer\/A-LOT-Modern-Arnis-Tapi-Tapi-6.mp4?_=1\" \/><a href=\"https:\/\/www.abanico.de\/abanico\/wp-content\/files\/trailer\/A-LOT-Modern-Arnis-Tapi-Tapi-6.mp4\">https:\/\/www.abanico.de\/abanico\/wp-content\/files\/trailer\/A-LOT-Modern-Arnis-Tapi-Tapi-6.mp4<\/a><\/video><\/div>\n<h4>Dies <strong>alles wird im dem A-LOT (Arnis Live-Online-Training) Video detailliert erkl\u00e4rt und demonstriert.<\/strong><br \/>\n<strong>Das Arnis Live -Online- Trainings Video ist Teil der neuen Serie:\u00a0 Die \u00fcber Internet abgehaltenen Arnis Live-Online-Trainings Videos von und mit GM Datu Dieter Kn\u00fcttel, 10. Dan Modern Arnis.<\/strong><br \/>\n<strong>Nicht nur schnelle Demos, von denen es so viele auf Youtube zu sehen gibt, sondern Unterricht mit Erkl\u00e4rungen des &#8222;Was, Warum und Wie&#8220; mit vielen wichtigen Details, die bei reinen Demos verloren gehen.<\/strong><br \/>\n<strong>Videos, von denen man wirklich lernen kann.<\/strong><\/h4>\n<h4><strong><a href=\"https:\/\/www.abanico.de\/dieterknuettel\/wp\/de\/kurzbiographie\/\"><em><span style=\"color: #ff0000;\">Gro\u00dfmeister Datu Dieter Kn\u00fcttel<\/span><\/em><\/a><\/strong><br \/>\n<strong>ist Diplom-Sportlehrer, Bundestrainer f\u00fcr Modern Arnis (seit 1985) und Modern Arnis Repr\u00e4sentant f\u00fcr Europa.<\/strong><\/h4>\n<p><strong>Er unterrichtet Selbstverteidigung seit Ende der 70er Jahre in ganz Deutschland aber auch weltweit.<\/strong><\/p>\n<p><strong>1996 wurde ihm der Titel Datu und der Grad Lakan Anim, 6. Dan Modern Arnis, von Gro\u00dfmeister Remy A. Presas (10. Dan) pers\u00f6nlich als 4. Arnis-Lehrer au\u00dferhalb der Philippinen und als erstem au\u00dferhalb der USA, verliehen<\/strong><br \/>\n<strong>Nachdem er den 7., 8. und 9. Dan auf den Philippinen verliehen bekommen hatte, wurde m 24.9.2016 in Dortmund \u00f6ffentlich bekanntgegeben, dass er von Gro\u00dfmeister Roberto Presas den 10. Dan Modern Arnis verliehen bekommen hatte.<\/strong><\/p>\n<p><strong>Dieter Kn\u00fcttel betreibt Kampfsport seit 1967 und philippinische Kampfk\u00fcnste seit 1978. Er unterrichtet Modern Arnis auf Lehrg\u00e4ngen \u00fcberall in Europa, Russland, Australien und in den USA.<\/strong><\/p>\n<div class=\"avia_textblock avia_textblock_style\" data-update_with=\"content\">\n<hr \/>\n<\/div>\n","protected":false},"excerpt":{"rendered":"<h2><strong>A-LOT-Tapi-6 &#8211; Download &#8211; DE<\/strong><\/h2>\n<p><strong>Sprache: deutsch &#8211; download<\/strong><br \/>\nLaufzeit (Min.): 37<br \/>\n<strong>Produzent: ABANICO<\/strong><\/p>\n","protected":false},"featured_media":10357,"comment_status":"open","ping_status":"closed","template":"","meta":[],"product_brand":[],"product_cat":[9321,39,7329,40,685],"product_tag":[9335,9550,9040,2319,9022,1370,1372,1374,9540,9516,9231,9552,9554,1301,2217,1321,2327,2317,1376,9163,9042,1845,9225,9227,9556,2329,9468],"class_list":{"0":"post-10356","1":"product","2":"type-product","3":"status-publish","4":"has-post-thumbnail","6":"product_cat-alotarnisliveonlinetraining","7":"product_cat-download-de","8":"product_cat-grossmeister-und-meister-des-modern-arnis","9":"product_cat-modern-arnis-download-de","10":"product_cat-seminar-videos-download-de","11":"product_tag-a-lot","12":"product_tag-abanico-aus-reversebloecken","13":"product_tag-arnis","14":"product_tag-corto","15":"product_tag-datu-dieter","16":"product_tag-dav-de","17":"product_tag-deutscher-arnis-verband-de","18":"product_tag-dieter-knuettel-de","19":"product_tag-distanzwechsel","20":"product_tag-doppel-sinawali","21":"product_tag-download-video","22":"product_tag-entwaffnungen-im-tapi","23":"product_tag-entwaffnungsansaetze","24":"product_tag-eskrima-de","25":"product_tag-kali-de","26":"product_tag-karate-de","27":"product_tag-largo-de","28":"product_tag-medio","29":"product_tag-modern-arnis-de","30":"product_tag-remy-presas","31":"product_tag-selbstschutz","32":"product_tag-selbstverteidigung-de","33":"product_tag-stickfighting","34":"product_tag-stockkampf","35":"product_tag-tapi-blaugurt","36":"product_tag-tapi-tapi-de","37":"product_tag-training-ohne-partner-in","39":"first","40":"instock","41":"downloadable","42":"virtual","43":"sold-individually","44":"taxable","45":"purchasable","46":"product-type-simple"},"_links":{"self":[{"href":"https:\/\/www.abanico.de\/abanico\/wp-json\/wp\/v2\/product\/10356","targetHints":{"allow":["GET"]}}],"collection":[{"href":"https:\/\/www.abanico.de\/abanico\/wp-json\/wp\/v2\/product"}],"about":[{"href":"https:\/\/www.abanico.de\/abanico\/wp-json\/wp\/v2\/types\/product"}],"replies":[{"embeddable":true,"href":"https:\/\/www.abanico.de\/abanico\/wp-json\/wp\/v2\/comments?post=10356"}],"wp:featuredmedia":[{"embeddable":true,"href":"https:\/\/www.abanico.de\/abanico\/wp-json\/wp\/v2\/media\/10357"}],"wp:attachment":[{"href":"https:\/\/www.abanico.de\/abanico\/wp-json\/wp\/v2\/media?parent=10356"}],"wp:term":[{"taxonomy":"product_brand","embeddable":true,"href":"https:\/\/www.abanico.de\/abanico\/wp-json\/wp\/v2\/product_brand?post=10356"},{"taxonomy":"product_cat","embeddable":true,"href":"https:\/\/www.abanico.de\/abanico\/wp-json\/wp\/v2\/product_cat?post=10356"},{"taxonomy":"product_tag","embeddable":true,"href":"https:\/\/www.abanico.de\/abanico\/wp-json\/wp\/v2\/product_tag?post=10356"}],"curies":[{"name":"wp","href":"https:\/\/api.w.org\/{rel}","templated":true}]}}