{"id":10306,"date":"2021-03-24T18:02:18","date_gmt":"2021-03-24T17:02:18","guid":{"rendered":"https:\/\/www.abanico.de\/abanico\/?post_type=product&#038;p=10306"},"modified":"2024-08-21T08:41:00","modified_gmt":"2024-08-21T06:41:00","slug":"a-lot-tapi-tapi-5-download-de","status":"publish","type":"product","link":"https:\/\/www.abanico.de\/abanico\/shop\/download-de\/seminar-videos-download-de\/alotarnisliveonlinetraining\/a-lot-tapi-tapi-5-download-de\/","title":{"rendered":"A-LOT-Tapi-Tapi-5 &#8211; Download &#8211; DE"},"content":{"rendered":"<p><strong>Dies ist das Video vom Arnis Live-Online-Training, A-LOT, das GM Datu Dieter Kn\u00fcttel, 10. Dan Modern Arnis, zum Thema:<\/strong><\/p>\n<h4><strong>Tapi-Tapi 5:<br \/>\n<\/strong><\/h4>\n<ul>\n<li><strong>6 Hebeltechniken<\/strong><\/li>\n<li><strong> 8 Presas Trappings<\/strong>\n<ul>\n<li><strong>mit rechts und links<\/strong><\/li>\n<\/ul>\n<\/li>\n<li><strong>mit vielen Details<\/strong><\/li>\n<\/ul>\n<p><strong>Es ist der erste Teil der Techniken aus dem Braungurtprogramm des DAV<\/strong><br \/>\n<strong>Es wird die Technik, Methodik und Didaktik des Unterrichtens sowie viele Details f\u00fcr die Ausf\u00fchrung der Technik erkl\u00e4rt und demonstriert.<\/strong><\/p>\n<p><strong>Das Video hat Kapitelmarker.<\/strong><br \/>\n<strong>Erkl\u00e4rung hier: <em><a href=\"https:\/\/www.abanico.de\/abanico\/kapitel-in-download-videos\/\"><span style=\"color: #ff0000;\">Kapitelmarker<\/span><\/a><\/em><\/strong><\/p>\n<p><strong>Hier der Inhalt des Live-Trainings-Videos:<\/strong><\/p>\n<p><strong>00:00\u00a0 Vorspann<br \/>\n00:15\u00a0 Einleitung<br \/>\n01:18\u00a0 6 Hebeltechniken<br \/>\n01:23\u00a0\u00a0\u00a0\u00a0\u00a0 &#8211; Schlag 1: Achselhebel<br \/>\n02:00\u00a0\u00a0\u00a0\u00a0\u00a0\u00a0\u00a0\u00a0 &#8211; Variante 1: 2 Ausf\u00fchrungen<br \/>\n02:25\u00a0\u00a0\u00a0\u00a0\u00a0\u00a0\u00a0\u00a0\u00a0\u00a0\u00a0\u00a0\u00a0 &#8211; V1: 1. Ausf\u00fchrung<br \/>\n02:41\u00a0\u00a0\u00a0\u00a0\u00a0\u00a0\u00a0\u00a0\u00a0\u00a0\u00a0\u00a0\u00a0 &#8211; V1: 2. Ausf\u00fchrung<br \/>\n03:45\u00a0\u00a0\u00a0\u00a0\u00a0\u00a0\u00a0\u00a0\u00a0\u00a0\u00a0\u00a0\u00a0 &#8211; V1: Ausf\u00fchrung zum Wurf<br \/>\n04:06\u00a0\u00a0\u00a0\u00a0\u00a0\u00a0\u00a0\u00a0\u00a0 &#8211; Variante 2<br \/>\n05:00\u00a0\u00a0\u00a0\u00a0\u00a0\u00a0\u00a0\u00a0\u00a0\u00a0\u00a0\u00a0\u00a0 &#8211; Variante 1 und 2: ohne Partner<br \/>\n05:42\u00a0\u00a0\u00a0\u00a0\u00a0\u00a0\u00a0\u00a0\u00a0 &#8211; Variante 3<br \/>\n07:16\u00a0\u00a0\u00a0\u00a0\u00a0\u00a0\u00a0\u00a0\u00a0\u00a0\u00a0\u00a0\u00a0 &#8211; Variante 3: ohne Partner<br \/>\n07:51\u00a0\u00a0\u00a0\u00a0\u00a0 &#8211; Ellbogenstreckhebel<br \/>\n09:01\u00a0\u00a0\u00a0\u00a0\u00a0\u00a0\u00a0\u00a0\u00a0 &#8211; Ellbogenstreckhebel: ohne Partner<br \/>\n09:39\u00a0\u00a0\u00a0\u00a0\u00a0\u00a0\u00a0\u00a0\u00a0 &#8211; Schritte beim Ellbogenstreckhebel<br \/>\n10:31\u00a0\u00a0\u00a0\u00a0\u00a0\u00a0\u00a0\u00a0\u00a0 &#8211; Befreiungstechnik: Ellbogenstreckhebel mit Schritten<br \/>\n11:39\u00a0\u00a0\u00a0\u00a0\u00a0 &#8211; Schlag 1: Quetscher am rechten Arm \u00fcber Speiche und Oberarm<br \/>\n14:17\u00a0\u00a0\u00a0\u00a0\u00a0\u00a0\u00a0\u00a0\u00a0 &#8211; Schlag 1 &#8211; Quetscher am rechten Arm \u00fcber Speiche und Oberarm: ohne Partner<br \/>\n14:42\u00a0\u00a0\u00a0\u00a0\u00a0 &#8211; Schlag 1: Quetscher nach Ansatz 2. Entwaffnungserie<br \/>\n15:30\u00a0\u00a0\u00a0\u00a0\u00a0\u00a0\u00a0\u00a0\u00a0 &#8211; Problem beim Fassen mit der L\u00f6sung<br \/>\n17:09\u00a0\u00a0\u00a0\u00a0\u00a0\u00a0\u00a0\u00a0\u00a0 &#8211; Schlag 1: Quetscher nach Ansatz 2. Entwaffnungserie: ohne Partner<br \/>\n17:46\u00a0\u00a0\u00a0\u00a0\u00a0 &#8211; Quetscher am linken Arm \u00fcber Speiche und Oberarm<br \/>\n19:12\u00a0\u00a0\u00a0\u00a0\u00a0\u00a0\u00a0\u00a0\u00a0 &#8211; Quetscher am linken Arm \u00fcber Speiche und Oberarm: ohne Partner<br \/>\n19:43\u00a0\u00a0\u00a0\u00a0\u00a0 &#8211; Umgekehrter Z-Hebel am linken Arm<br \/>\n19:49\u00a0\u00a0\u00a0\u00a0\u00a0\u00a0\u00a0\u00a0\u00a0 &#8211; Gelenk-Geometrie: Wie der Arm f\u00fcr diesen Hebel stehen muss<br \/>\n20:06\u00a0\u00a0\u00a0\u00a0\u00a0\u00a0\u00a0\u00a0\u00a0 &#8211; Der &#8222;Sweet Spot&#8220; f\u00fcr den umgekehrten Z-Hebel<br \/>\n20:48\u00a0\u00a0\u00a0\u00a0\u00a0\u00a0\u00a0\u00a0\u00a0 &#8211; Ausf\u00fchrung Umgekehrter Z-Hebel<br \/>\n22:31\u00a0\u00a0\u00a0\u00a0\u00a0\u00a0\u00a0\u00a0\u00a0 &#8211; Umgekehrter Z-Hebel am linken Arm: ohne Partner<br \/>\n23:00\u00a0 Presas Trappings<br \/>\n23:15\u00a0\u00a0\u00a0\u00a0\u00a0 &#8211; Grunds\u00e4tzliche \u00dcberlegung zum Presas Trapping und zum Trapping allgemein<br \/>\n23:54\u00a0\u00a0\u00a0\u00a0\u00a0 &#8211; Das Prinzip der Presas Trappings<br \/>\n24:27\u00a0\u00a0\u00a0\u00a0\u00a0 &#8211; Die Struktur der Presas Trappings<br \/>\n25:17\u00a0\u00a0\u00a0\u00a0\u00a0\u00a0\u00a0\u00a0\u00a0 &#8211; Rechts &#8211; Schlag 1 &#8211; Angriff von links<br \/>\n26:26\u00a0\u00a0\u00a0\u00a0\u00a0\u00a0\u00a0\u00a0\u00a0\u00a0\u00a0\u00a0\u00a0 &#8211; Rechts &#8211; Schlag 1 &#8211; Angriff von links: ohne Partner<br \/>\n26:44\u00a0\u00a0\u00a0\u00a0\u00a0\u00a0\u00a0\u00a0\u00a0 &#8211; Rechts &#8211; Schlag 1 &#8211; Angriff von rechts<br \/>\n29:04\u00a0\u00a0\u00a0\u00a0\u00a0\u00a0\u00a0\u00a0\u00a0\u00a0\u00a0\u00a0\u00a0 &#8211; Rechts &#8211; Schlag 1 &#8211; Angriff von rechts: ohne Partner<br \/>\n29:26\u00a0 \u00a0\u00a0\u00a0\u00a0\u00a0\u00a0\u00a0 &#8211; Rechts &#8211; Schlag 2 &#8211; Angriff von links<br \/>\n29:57\u00a0\u00a0\u00a0\u00a0\u00a0\u00a0\u00a0\u00a0\u00a0\u00a0\u00a0\u00a0\u00a0 &#8211; Rechts &#8211; Schlag 2 &#8211; Angriff von links: Ausf\u00fchrungs Details<br \/>\n31:23\u00a0\u00a0\u00a0\u00a0\u00a0\u00a0\u00a0\u00a0\u00a0\u00a0\u00a0\u00a0\u00a0 &#8211; Rechts &#8211; Schlag 2 &#8211; Angriff von links: ohne Partner<br \/>\n31:58\u00a0\u00a0\u00a0\u00a0\u00a0\u00a0\u00a0\u00a0\u00a0 &#8211; Rechts &#8211; Schlag 2 &#8211; Angriff von rechts<br \/>\n33:13\u00a0\u00a0\u00a0\u00a0\u00a0\u00a0\u00a0\u00a0\u00a0\u00a0\u00a0\u00a0\u00a0 &#8211; Rechts &#8211; Schlag 2 &#8211; Angriff von rechts: ohne Partner<br \/>\n33:35\u00a0\u00a0\u00a0\u00a0\u00a0\u00a0\u00a0\u00a0\u00a0 &#8211; Links &#8211; Schlag 1 &#8211; Angriff von links<br \/>\n34:36\u00a0\u00a0\u00a0\u00a0\u00a0\u00a0\u00a0\u00a0\u00a0\u00a0\u00a0\u00a0\u00a0 &#8211; Links &#8211; Schlag 1 &#8211; Angriff von links: ohne Partner<br \/>\n35:05\u00a0\u00a0\u00a0\u00a0\u00a0 &#8211; Was tun, wenn der Verteidiger nicht fasst<br \/>\n35:40\u00a0\u00a0\u00a0\u00a0\u00a0\u00a0\u00a0\u00a0\u00a0 &#8211; Links &#8211; Schlag 1 &#8211; Angriff von rechts<br \/>\n36:14\u00a0\u00a0\u00a0\u00a0\u00a0\u00a0\u00a0\u00a0\u00a0\u00a0\u00a0\u00a0\u00a0 &#8211; Links &#8211; Schlag 1 &#8211; Angriff von rechts: ohne Partner<br \/>\n36:45\u00a0\u00a0\u00a0\u00a0\u00a0\u00a0\u00a0\u00a0\u00a0 &#8211; Links &#8211; Schlag 2 &#8211; Angriff von links<br \/>\n37:31\u00a0\u00a0\u00a0\u00a0\u00a0\u00a0\u00a0\u00a0\u00a0\u00a0\u00a0\u00a0\u00a0 &#8211; Links &#8211; Schlag 2 &#8211; Angriff von links: ohne Partner<br \/>\n38:00\u00a0\u00a0\u00a0\u00a0\u00a0\u00a0\u00a0\u00a0\u00a0 &#8211; Links &#8211; Schlag 2 &#8211; Angriff von rechts<br \/>\n39:10\u00a0\u00a0\u00a0\u00a0\u00a0\u00a0\u00a0\u00a0\u00a0\u00a0\u00a0\u00a0\u00a0 &#8211; Links &#8211; Schlag 2 &#8211; Angriff von rechts: ohne Partner<br \/>\n39:41\u00a0\u00a0\u00a0\u00a0\u00a0 &#8211; Alle 8 Presas Trappings im Tapi-Tapi mit Ausg\u00e4ngen<br \/>\n39:58\u00a0\u00a0\u00a0\u00a0\u00a0\u00a0\u00a0\u00a0\u00a0 &#8211; Nummer 1<br \/>\n40:23\u00a0\u00a0\u00a0\u00a0\u00a0\u00a0\u00a0\u00a0\u00a0 &#8211; Nummer 2<br \/>\n40:48\u00a0\u00a0\u00a0\u00a0\u00a0\u00a0\u00a0\u00a0\u00a0 &#8211; Nummer 3<br \/>\n41:04\u00a0\u00a0\u00a0\u00a0\u00a0\u00a0\u00a0\u00a0\u00a0 &#8211; Nummer 4<br \/>\n41:26\u00a0\u00a0\u00a0\u00a0\u00a0\u00a0\u00a0\u00a0\u00a0 &#8211; Nummer 5<br \/>\n41:56\u00a0\u00a0\u00a0\u00a0\u00a0\u00a0\u00a0\u00a0\u00a0 &#8211; Nummer 6<br \/>\n42:07\u00a0\u00a0\u00a0\u00a0\u00a0\u00a0\u00a0\u00a0\u00a0 &#8211; Nummer 7<br \/>\n42:23\u00a0\u00a0\u00a0\u00a0\u00a0\u00a0\u00a0\u00a0\u00a0 &#8211; Nummer 8<br \/>\n43:09\u00a0 Verabschiedung<br \/>\n43:30\u00a0 Abspann<br \/>\n43:57\u00a0 Ende<\/strong><\/p>\n<h3>Trailer<\/h3>\n<div style=\"width: 640px;\" class=\"wp-video\"><video class=\"wp-video-shortcode\" id=\"video-10306-1\" width=\"640\" height=\"360\" preload=\"metadata\" controls=\"controls\"><source type=\"video\/mp4\" src=\"https:\/\/www.abanico.de\/abanico\/wp-content\/files\/trailer\/A-LOT-Modern-Arnis-Tapi-Tapi-5.mp4?_=1\" \/><a href=\"https:\/\/www.abanico.de\/abanico\/wp-content\/files\/trailer\/A-LOT-Modern-Arnis-Tapi-Tapi-5.mp4\">https:\/\/www.abanico.de\/abanico\/wp-content\/files\/trailer\/A-LOT-Modern-Arnis-Tapi-Tapi-5.mp4<\/a><\/video><\/div>\n<h4>Dies <strong>alles wird im dem A-LOT (Arnis Live-Online-Training) Video detailliert erkl\u00e4rt und demonstriert.<\/strong><br \/>\n<strong>Das Arnis Live -Online- Trainings Video ist Teil der neuen Serie:\u00a0 Die \u00fcber Internet abgehaltenen Arnis Live-Online-Trainings Videos von und mit GM Datu Dieter Kn\u00fcttel, 10. Dan Modern Arnis.<\/strong><br \/>\n<strong>Nicht nur schnelle Demos, von denen es so viele auf Youtube zu sehen gibt, sondern Unterricht mit Erkl\u00e4rungen des &#8222;Was, Warum und Wie&#8220; mit vielen wichtigen Details, die bei reinen Demos verloren gehen.<\/strong><br \/>\n<strong>Videos, von denen man wirklich lernen kann.<\/strong><\/h4>\n<h4><strong><a href=\"https:\/\/www.abanico.de\/dieterknuettel\/wp\/de\/kurzbiographie\/\"><em><span style=\"color: #ff0000;\">Gro\u00dfmeister Datu Dieter Kn\u00fcttel<\/span><\/em><\/a><\/strong><br \/>\n<strong>ist Diplom-Sportlehrer, Bundestrainer f\u00fcr Modern Arnis (seit 1985) und Modern Arnis Repr\u00e4sentant f\u00fcr Europa.<\/strong><\/h4>\n<p><strong>Er unterrichtet Selbstverteidigung seit Ende der 70er Jahre in ganz Deutschland aber auch weltweit.<\/strong><\/p>\n<p><strong>1996 wurde ihm der Titel Datu und der Grad Lakan Anim, 6. Dan Modern Arnis, von Gro\u00dfmeister Remy A. Presas (10. Dan) pers\u00f6nlich als 4. Arnis-Lehrer au\u00dferhalb der Philippinen und als erstem au\u00dferhalb der USA, verliehen<\/strong><br \/>\n<strong>Nachdem er den 7., 8. und 9. Dan auf den Philippinen verliehen bekommen hatte, wurde m 24.9.2016 in Dortmund \u00f6ffentlich bekanntgegeben, dass er von Gro\u00dfmeister Roberto Presas den 10. Dan Modern Arnis verliehen bekommen hatte.<\/strong><\/p>\n<p><strong>Dieter Kn\u00fcttel betreibt Kampfsport seit 1967 und philippinische Kampfk\u00fcnste seit 1978. Er unterrichtet Modern Arnis auf Lehrg\u00e4ngen \u00fcberall in Europa, Russland, Australien und in den USA.<\/strong><\/p>\n<div class=\"avia_textblock avia_textblock_style\" data-update_with=\"content\">\n<hr \/>\n<\/div>\n","protected":false},"excerpt":{"rendered":"<h2><strong>A-LOT-Tapi-5 &#8211; Download &#8211; DE<\/strong><\/h2>\n<p><strong>Sprache: deutsch &#8211; download<\/strong><br \/>\nLaufzeit (Min.): 44<br \/>\n<strong>Produzent: ABANICO<\/strong><\/p>\n","protected":false},"featured_media":10300,"comment_status":"open","ping_status":"closed","template":"","meta":[],"product_brand":[],"product_cat":[9321,39,7329,40,685],"product_tag":[9335,9550,9040,2319,9022,1370,1372,1374,9540,9516,9231,9552,9554,1301,2217,1321,2327,2317,1376,9163,9042,1845,9225,9227,9556,2329,9468],"class_list":{"0":"post-10306","1":"product","2":"type-product","3":"status-publish","4":"has-post-thumbnail","6":"product_cat-alotarnisliveonlinetraining","7":"product_cat-download-de","8":"product_cat-grossmeister-und-meister-des-modern-arnis","9":"product_cat-modern-arnis-download-de","10":"product_cat-seminar-videos-download-de","11":"product_tag-a-lot","12":"product_tag-abanico-aus-reversebloecken","13":"product_tag-arnis","14":"product_tag-corto","15":"product_tag-datu-dieter","16":"product_tag-dav-de","17":"product_tag-deutscher-arnis-verband-de","18":"product_tag-dieter-knuettel-de","19":"product_tag-distanzwechsel","20":"product_tag-doppel-sinawali","21":"product_tag-download-video","22":"product_tag-entwaffnungen-im-tapi","23":"product_tag-entwaffnungsansaetze","24":"product_tag-eskrima-de","25":"product_tag-kali-de","26":"product_tag-karate-de","27":"product_tag-largo-de","28":"product_tag-medio","29":"product_tag-modern-arnis-de","30":"product_tag-remy-presas","31":"product_tag-selbstschutz","32":"product_tag-selbstverteidigung-de","33":"product_tag-stickfighting","34":"product_tag-stockkampf","35":"product_tag-tapi-blaugurt","36":"product_tag-tapi-tapi-de","37":"product_tag-training-ohne-partner-in","39":"first","40":"instock","41":"downloadable","42":"virtual","43":"sold-individually","44":"taxable","45":"purchasable","46":"product-type-simple"},"_links":{"self":[{"href":"https:\/\/www.abanico.de\/abanico\/wp-json\/wp\/v2\/product\/10306","targetHints":{"allow":["GET"]}}],"collection":[{"href":"https:\/\/www.abanico.de\/abanico\/wp-json\/wp\/v2\/product"}],"about":[{"href":"https:\/\/www.abanico.de\/abanico\/wp-json\/wp\/v2\/types\/product"}],"replies":[{"embeddable":true,"href":"https:\/\/www.abanico.de\/abanico\/wp-json\/wp\/v2\/comments?post=10306"}],"wp:featuredmedia":[{"embeddable":true,"href":"https:\/\/www.abanico.de\/abanico\/wp-json\/wp\/v2\/media\/10300"}],"wp:attachment":[{"href":"https:\/\/www.abanico.de\/abanico\/wp-json\/wp\/v2\/media?parent=10306"}],"wp:term":[{"taxonomy":"product_brand","embeddable":true,"href":"https:\/\/www.abanico.de\/abanico\/wp-json\/wp\/v2\/product_brand?post=10306"},{"taxonomy":"product_cat","embeddable":true,"href":"https:\/\/www.abanico.de\/abanico\/wp-json\/wp\/v2\/product_cat?post=10306"},{"taxonomy":"product_tag","embeddable":true,"href":"https:\/\/www.abanico.de\/abanico\/wp-json\/wp\/v2\/product_tag?post=10306"}],"curies":[{"name":"wp","href":"https:\/\/api.w.org\/{rel}","templated":true}]}}