{"id":11045,"date":"2021-07-12T20:26:52","date_gmt":"2021-07-12T18:26:52","guid":{"rendered":"https:\/\/www.abanico.de\/abanico\/?page_id=11045"},"modified":"2021-12-17T17:24:48","modified_gmt":"2021-12-17T16:24:48","slug":"biographie","status":"publish","type":"page","link":"https:\/\/www.abanico.de\/abanico\/en\/dieter-knuettel-en\/biographie\/","title":{"rendered":"Biographie"},"content":{"rendered":"<div class='clear'><\/div><div id='sub_menu1'  class='av-submenu-container av-jo8x1bf3-99352414354d6d0cf7169ace8d312c18 header_color av-switch-768  avia-builder-el-0  el_before_av_section  avia-builder-el-first  av-sticky-submenu container_wrap sidebar_right' style='z-index:301' ><div class='container av-menu-mobile-active av-submenu-pos-center'><a href=\"#\" class=\"mobile_menu_toggle\" aria-hidden='true' data-av_icon='\ue8a5' data-av_iconfont='entypo-fontello'><span class=\"av-current-placeholder\">Men\u00fc<\/span><\/a><ul id=\"menu-dieter-knuettel-en\" class=\"av-subnav-menu\"><li role=\"menuitem\" id=\"menu-item-11097\" class=\"menu-item menu-item-type-post_type menu-item-object-page menu-item-top-level menu-item-top-level-1\"><a href=\"https:\/\/www.abanico.de\/abanico\/en\/dieter-knuettel-en\/\" itemprop=\"url\" tabindex=\"0\"><span class=\"avia-bullet\"><\/span><span class=\"avia-menu-text\">Dieter Kn\u00fcttel<\/span><span class=\"avia-menu-fx\"><span class=\"avia-arrow-wrap\"><span class=\"avia-arrow\"><\/span><\/span><\/span><\/a><\/li>\n<li role=\"menuitem\" id=\"menu-item-11080\" class=\"menu-item menu-item-type-post_type menu-item-object-page menu-item-has-children menu-item-top-level menu-item-top-level-2\"><a href=\"https:\/\/www.abanico.de\/abanico\/en\/dieter-knuettel-en\/biographie\/\" itemprop=\"url\" tabindex=\"0\"><span class=\"avia-bullet\"><\/span><span class=\"avia-menu-text\">Biographie<\/span><span class=\"avia-menu-fx\"><span class=\"avia-arrow-wrap\"><span class=\"avia-arrow\"><\/span><\/span><\/span><\/a>\n\n\n<ul class=\"sub-menu\">\n\t<li role=\"menuitem\" id=\"menu-item-12088\" class=\"menu-item menu-item-type-post_type menu-item-object-page\"><a href=\"https:\/\/www.abanico.de\/abanico\/en\/dieter-knuettel-en\/biographie\/chronology\/\" itemprop=\"url\" tabindex=\"0\"><span class=\"avia-bullet\"><\/span><span class=\"avia-menu-text\">Chronology<\/span><\/a><\/li>\n<\/ul>\n<\/li>\n<li role=\"menuitem\" id=\"menu-item-11054\" class=\"menu-item menu-item-type-post_type menu-item-object-page menu-item-top-level menu-item-top-level-3\"><a href=\"https:\/\/www.abanico.de\/abanico\/en\/dieter-knuettel-en\/modern-arnis\/\" itemprop=\"url\" tabindex=\"0\"><span class=\"avia-bullet\"><\/span><span class=\"avia-menu-text\">Modern Arnis<\/span><span class=\"avia-menu-fx\"><span class=\"avia-arrow-wrap\"><span class=\"avia-arrow\"><\/span><\/span><\/span><\/a><\/li>\n<li role=\"menuitem\" id=\"menu-item-11082\" class=\"menu-item menu-item-type-post_type menu-item-object-page menu-item-top-level menu-item-top-level-4\"><a href=\"https:\/\/www.abanico.de\/abanico\/en\/dieter-knuettel-en\/interview\/\" itemprop=\"url\" tabindex=\"0\"><span class=\"avia-bullet\"><\/span><span class=\"avia-menu-text\">Interview<\/span><span class=\"avia-menu-fx\"><span class=\"avia-arrow-wrap\"><span class=\"avia-arrow\"><\/span><\/span><\/span><\/a><\/li>\n<li role=\"menuitem\" id=\"menu-item-11109\" class=\"menu-item menu-item-type-post_type menu-item-object-page menu-item-top-level menu-item-top-level-5\"><a href=\"https:\/\/www.abanico.de\/abanico\/en\/contact\/imprint\/\" itemprop=\"url\" tabindex=\"0\"><span class=\"avia-bullet\"><\/span><span class=\"avia-menu-text\">Imprint<\/span><span class=\"avia-menu-fx\"><span class=\"avia-arrow-wrap\"><span class=\"avia-arrow\"><\/span><\/span><\/span><\/a><\/li>\n<li role=\"menuitem\" id=\"menu-item-11110\" class=\"menu-item menu-item-type-post_type menu-item-object-page menu-item-top-level menu-item-top-level-6\"><a href=\"https:\/\/www.abanico.de\/abanico\/en\/informations\/privacy-notice\/\" itemprop=\"url\" tabindex=\"0\"><span class=\"avia-bullet\"><\/span><span class=\"avia-menu-text\">Privacy Notice<\/span><span class=\"avia-menu-fx\"><span class=\"avia-arrow-wrap\"><span class=\"avia-arrow\"><\/span><\/span><\/span><\/a><\/li>\n<li role=\"menuitem\" id=\"menu-item-11108\" class=\"menu-item menu-item-type-post_type menu-item-object-page menu-item-top-level menu-item-top-level-7\"><a href=\"https:\/\/www.abanico.de\/abanico\/en\/home\/\" itemprop=\"url\" tabindex=\"0\"><span class=\"avia-bullet\"><\/span><span class=\"avia-menu-text\">Abanico<\/span><span class=\"avia-menu-fx\"><span class=\"avia-arrow-wrap\"><span class=\"avia-arrow\"><\/span><\/span><\/span><\/a><\/li>\n<li role=\"menuitem\" id=\"menu-item-11022\" class=\"menu-item menu-item-type-custom menu-item-object-custom menu-item-top-level menu-item-top-level-8\"><a href=\"#pll_switcher\" itemprop=\"url\" tabindex=\"0\"><span class=\"avia-bullet\"><\/span><span class=\"avia-menu-text\">Sprachen<\/span><span class=\"avia-menu-fx\"><span class=\"avia-arrow-wrap\"><span class=\"avia-arrow\"><\/span><\/span><\/span><\/a><\/li>\n<\/ul><\/div><\/div><div class='sticky_placeholder'><\/div>\n\n<style type=\"text\/css\" data-created_by=\"avia_inline_auto\" id=\"style-css-av-jix5oqdh-b3dfd00bd44e49d2f30c518e0285a833\">\n.avia-section.av-jix5oqdh-b3dfd00bd44e49d2f30c518e0285a833{\nbackground-color:#000000;\nbackground-repeat:no-repeat;\nbackground-image:url(https:\/\/www.abanico.de\/abanico\/wp-content\/uploads\/2021\/12\/Header-Arnis.png);\nbackground-position:50% 0%;\nbackground-attachment:scroll;\n}\n.avia-section.av-jix5oqdh-b3dfd00bd44e49d2f30c518e0285a833 .av-section-color-overlay{\nopacity:0.2;\n}\n#top .avia-section.av-jix5oqdh-b3dfd00bd44e49d2f30c518e0285a833 .scroll-down-link{\ncolor:#d10000;\n}\n.avia-section.av-jix5oqdh-b3dfd00bd44e49d2f30c518e0285a833 .av-extra-border-element .av-extra-border-inner{\nbackground-color:#000000;\n}\n<\/style>\n<div id='av_section_1'  class='avia-section av-jix5oqdh-b3dfd00bd44e49d2f30c518e0285a833 main_color avia-section-large avia-shadow  avia-builder-el-1  el_after_av_submenu  el_before_av_section  avia-full-contain avia-bg-style-scroll av-section-color-overlay-active av-arrow-down-section av-minimum-height av-minimum-height-25  container_wrap sidebar_right'  data-section-bg-repeat='contain' data-av_minimum_height_pc='25'><div class='av-section-color-overlay-wrap'><div class=\"av-section-color-overlay\"><\/div><a href='#next-section' title='' class='scroll-down-link av-custom-scroll-down-color' aria-hidden='true' data-av_icon='\ue877' data-av_iconfont='entypo-fontello'><\/a><div class='container av-section-cont-open' ><div class='template-page content  av-content-small alpha units'><div class='post-entry post-entry-type-page post-entry-11045'><div class='entry-content-wrapper clearfix'>\n\n\n<\/div><\/div><\/div><!-- close content main div --><\/div><div class='av-extra-border-element border-extra-arrow-down'><div class='av-extra-border-outer'><div class='av-extra-border-inner'><\/div><\/div><\/div><\/div><\/div>\n<style type=\"text\/css\" data-created_by=\"avia_inline_auto\" id=\"style-css-av-jix5n6uv-2cb17b6cdbe57874ea4e16363d8764b1\">\n.avia-section.av-jix5n6uv-2cb17b6cdbe57874ea4e16363d8764b1{\nbackground-color:#dcdcdc;\n}\n.avia-section.av-jix5n6uv-2cb17b6cdbe57874ea4e16363d8764b1 .av-extra-border-element .av-extra-border-inner{\nbackground-color:#dcdcdc;\n}\n<\/style>\n<div id='av_section_2'  class='avia-section av-jix5n6uv-2cb17b6cdbe57874ea4e16363d8764b1 main_color avia-section-huge avia-no-border-styling  avia-builder-el-3  el_after_av_section  el_before_av_section  avia-bg-style-scroll av-arrow-down-section container_wrap sidebar_right'  ><div class='container av-section-cont-open' ><div class='template-page content  av-content-small alpha units'><div class='post-entry post-entry-type-page post-entry-11045'><div class='entry-content-wrapper clearfix'>\n\n<style type=\"text\/css\" data-created_by=\"avia_inline_auto\" id=\"style-css-av-2eisv6-6e0988c57de096135145147607138e54\">\n.flex_column.av-2eisv6-6e0988c57de096135145147607138e54{\nborder-radius:0px 0px 0px 0px;\n-webkit-border-radius:0px 0px 0px 0px;\n-moz-border-radius:0px 0px 0px 0px;\n}\n<\/style>\n<div class='flex_column av-2eisv6-6e0988c57de096135145147607138e54 av_one_full  avia-builder-el-4  avia-builder-el-no-sibling  first flex_column_div  av-animated-generic pop-up av-zero-column-padding '   ><style type=\"text\/css\" data-created_by=\"avia_inline_auto\" id=\"style-css-av-jo8xh9ie-8103d8e7c9dc4eabe5387eb8ae141880\">\n#top .av_textblock_section.av-jo8xh9ie-8103d8e7c9dc4eabe5387eb8ae141880 .avia_textblock{\nfont-size:18px;\ncolor:#000000;\n}\n<\/style>\n<section  class='av_textblock_section av-jo8xh9ie-8103d8e7c9dc4eabe5387eb8ae141880'  itemscope=\"itemscope\" itemtype=\"https:\/\/schema.org\/CreativeWork\" ><div class='avia_textblock av_inherit_color'  itemprop=\"text\" ><ul>\n<li style=\"list-style-type: none;\">\n<ul>\n<li>GM Datu Dieter Knuettel began his Arnis training in 1978, his first FMA teacher was Jackson Cui Brocka, whose teachers were Ernesto and Roberto Presas<\/li>\n<li>In 1983, he traveled to the Philippines for a three-month training stay to train with the following Modern Arnis Grandmasters: Ernesto Presas, Roberto Presas, Cristino Vasquez, Rene Tongson, Rodel Dagooc, Willie Annang, Roland Dantes and others, such as Eulogio, Momoy, Cacoy and Dionisio Canete.<\/li>\n<li>Since 1984, he and the DAV (not only) regularly invites Filipino grandmasters to Germany for courses. GM Datu Dieter is a graduate sports teacher and was co-founder of the DAV in 1985.<\/li>\n<li>Since the founding he is DAV national coach and was European Modern Arnis representative of Grandmaster Remy Presas from 1996 until his death in 2001.<\/li>\n<li>In 1996 he received the title of DATU (as the 4th of 6 people and the only European) and the 6th Dan from Grandmaster Remy Presas.<\/li>\n<li>In March 2003, he was awarded the Lakan Pito, 7th Dan Modern Arnis by a panel of four 8th Dan and one 9th Dan in Manila.<\/li>\n<li>On July 25, 2008, in IloIlo (Philippines), he received the 8th Dan Modern Arnis with the simultaneous appointment of Grand Master.<\/li>\n<li>On March 20, 2014, he received in Subic (Philippines) the 9th Dan Modern Arnis the Philippine Modern Arnis Grand Masters.<\/li>\n<li>In 2014 he received the LAKAN SIYAM (9th Dan) from the Modern Arnis Council and FMA Council of the Philippines during the 7th FMA World Festival Subic (Philippines)<\/li>\n<\/ul>\n<\/li>\n<\/ul>\n<p>.<\/p>\n<ul>\n<li>In September 2016, he was awarded the 10th Dan Modern Arnis by GM Roberto Presas, 10th Dan, the only non-Filipino to do so.<\/li>\n<\/ul>\n<p>GM Datu Dieter has been exam chairman for over 500 Dan exams in the DAV, which according to international opinion (USA, Philippines) is one of the largest and best organized national Modern Arnis associations in the world.<br \/>\nSince 1985 almost 7000 people have been members of the DAV and the summer camps and special courses (Best of the West, 25 years DAV) are always very well attended with sometimes over 200 participants.<\/p>\n<p>Since 1980 GM Datu Dieter has given about 800 weekend courses, about 100 of them abroad, in the following countries:<br \/>\nDenmark, Sweden, Norway, Netherlands, France, England, Spain, Austria, Switzerland, Czech Republic, Israel, Ukraine, Russia, USA, Australia and the Philippines.<\/p>\n<p>Today, one of his main goals is to maintain a good contact with all Modern Arnis associations in the world, which is why he founded the FMA Festival in Germany in 2002, together with Alfred Plath, and was a founding member of the &#8222;Worldwide Family of Modern Arnis&#8220;, WFMA, in the Philippines in 2006.<\/p>\n<\/div><\/section><br \/>\n\n<style type=\"text\/css\" data-created_by=\"avia_inline_auto\" id=\"style-css-av-jo94gs8o-66f63cb8e6f94657c8b03e18930bcfce\">\n#top .hr.av-jo94gs8o-66f63cb8e6f94657c8b03e18930bcfce{\nmargin-top:30px;\nmargin-bottom:30px;\n}\n.hr.av-jo94gs8o-66f63cb8e6f94657c8b03e18930bcfce .hr-inner{\nwidth:30%;\nborder-color:#d10000;\nmax-width:45%;\n}\n.hr.av-jo94gs8o-66f63cb8e6f94657c8b03e18930bcfce .av-seperator-icon{\ncolor:#d10000;\n}\n<\/style>\n<div  class='hr av-jo94gs8o-66f63cb8e6f94657c8b03e18930bcfce hr-custom  avia-builder-el-6  el_after_av_textblock  avia-builder-el-last  hr-center hr-icon-yes'><span class='hr-inner inner-border-av-border-thin'><span class=\"hr-inner-style\"><\/span><\/span><span class='av-seperator-icon' aria-hidden='true' data-av_icon='\ue87b' data-av_iconfont='entypo-fontello'><\/span><span class='hr-inner inner-border-av-border-thin'><span class=\"hr-inner-style\"><\/span><\/span><\/div><\/p><\/div>\n\n<\/div><\/div><\/div><!-- close content main div --><\/div><div class='av-extra-border-element border-extra-arrow-down'><div class='av-extra-border-outer'><div class='av-extra-border-inner'><\/div><\/div><\/div><\/div>\n<style type=\"text\/css\" data-created_by=\"avia_inline_auto\" id=\"style-css-av-5dh3z6-6ac14557cd7c874c35f35d222d9e00ad\">\n.avia-section.av-5dh3z6-6ac14557cd7c874c35f35d222d9e00ad{\nbackground-color:#000000;\n}\n<\/style>\n<div id='av_section_3'  class='avia-section av-5dh3z6-6ac14557cd7c874c35f35d222d9e00ad main_color avia-section-huge avia-no-border-styling  avia-builder-el-7  el_after_av_section  avia-builder-el-last  avia-bg-style-scroll container_wrap sidebar_right'  ><div class='container av-section-cont-open' ><div class='template-page content  av-content-small alpha units'><div class='post-entry post-entry-type-page post-entry-11045'><div class='entry-content-wrapper clearfix'>\n\n<style type=\"text\/css\" data-created_by=\"avia_inline_auto\" id=\"style-css-av-4eatk2-e7d5a2799775181b7dfb151c8a22264b\">\n.flex_column.av-4eatk2-e7d5a2799775181b7dfb151c8a22264b{\nborder-radius:0px 0px 0px 0px;\n-webkit-border-radius:0px 0px 0px 0px;\n-moz-border-radius:0px 0px 0px 0px;\n}\n<\/style>\n<div class='flex_column av-4eatk2-e7d5a2799775181b7dfb151c8a22264b av_one_half  avia-builder-el-8  el_before_av_one_half  avia-builder-el-first  first flex_column_div av-zero-column-padding '   ><section  class='av_textblock_section av-jo90hvm5-ab6bee4c92b107f79693f625e6a349f9'  itemscope=\"itemscope\" itemtype=\"https:\/\/schema.org\/CreativeWork\" ><div class='avia_textblock'  itemprop=\"text\" ><h3><span style=\"color: #ffff00;\">GM Datu Dieter Kn\u00fcttel<\/span><\/h3>\n<p>GM Datu Dieter Kn\u00fcttel ist Tr\u00e4ger des 10. Dan und Gro\u00dfmeister des Modern Arnis. Er ist Diplom-Sportlehrer und Bundestrainer des <a href=\"http:\/\/www.modern-arnis.de\">Deutschen Arnis Verbandes e.V. (DAV)<\/a>. Mit seiner Firma \u201e<a href=\"http:\/\/www.abanico.de\/shop\/\">ABANICO<\/a>\u201c produziert er Kampfkunst Lehrvideos, DVDs und downloadbare Medien.<\/p>\n<p><small>@2017 Dieter Kn\u00fcttel<\/small><\/p>\n<\/div><\/section><\/div>\n<style type=\"text\/css\" data-created_by=\"avia_inline_auto\" id=\"style-css-av-4eatk2-44a50b267df83e4b0920978137ca2286\">\n.flex_column.av-4eatk2-44a50b267df83e4b0920978137ca2286{\nborder-radius:0px 0px 0px 0px;\n-webkit-border-radius:0px 0px 0px 0px;\n-moz-border-radius:0px 0px 0px 0px;\n}\n<\/style>\n<div class='flex_column av-4eatk2-44a50b267df83e4b0920978137ca2286 av_one_half  avia-builder-el-10  el_after_av_one_half  el_before_av_one_half  flex_column_div av-zero-column-padding '   ><section  class='av_textblock_section av-2r4jqq-45ee2b01df1f15fea017d0c6f43ace55'  itemscope=\"itemscope\" itemtype=\"https:\/\/schema.org\/CreativeWork\" ><div class='avia_textblock'  itemprop=\"text\" ><h3><span style=\"color: #ffff00;\">Kontakt<\/span><\/h3>\n<p><strong>Adresse<\/strong><br \/>\nKnyphausenstr. 2b<br \/>\n44287 Dortmund<\/p>\n<p><strong>Kontakt<\/strong><br \/>\nTel.: + 49 (0)231 &#8211; 494 80 60<br \/>\nEmail: <a href=\"mailto:dk@abanico.de\">E-Mail<\/a><\/p>\n<\/div><\/section><\/div>\n<style type=\"text\/css\" data-created_by=\"avia_inline_auto\" id=\"style-css-av-4eatk2-e7d5a2799775181b7dfb151c8a22264b\">\n.flex_column.av-4eatk2-e7d5a2799775181b7dfb151c8a22264b{\nborder-radius:0px 0px 0px 0px;\n-webkit-border-radius:0px 0px 0px 0px;\n-moz-border-radius:0px 0px 0px 0px;\n}\n<\/style>\n<div class='flex_column av-4eatk2-e7d5a2799775181b7dfb151c8a22264b av_one_half  avia-builder-el-12  el_after_av_one_half  el_before_av_one_half  first flex_column_div av-zero-column-padding column-top-margin'   ><style type=\"text\/css\" data-created_by=\"avia_inline_auto\" id=\"style-css-av-jo90bz99-a46fe9b3f2a331db7c5716f1d2a5f9c9\">\n.avia-image-container.av-jo90bz99-a46fe9b3f2a331db7c5716f1d2a5f9c9 .av-image-caption-overlay-center{\ncolor:#ffffff;\n}\n<\/style>\n<div  class='avia-image-container av-jo90bz99-a46fe9b3f2a331db7c5716f1d2a5f9c9 av-styling- av-hover-grow avia-align-center  avia-builder-el-13  avia-builder-el-no-sibling '  itemprop=\"image\" itemscope=\"itemscope\" itemtype=\"https:\/\/schema.org\/ImageObject\" ><div class=\"avia-image-container-inner\"><div class=\"avia-image-overlay-wrap\"><img decoding=\"async\" class='wp-image-4240 avia-img-lazy-loading-not-4240 avia_image' src=\"https:\/\/www.abanico.de\/abanico\/wp-content\/uploads\/2018\/11\/Verbandslogos.png\" alt='' title='Verbandslogos'  height=\"105\" width=\"201\"  itemprop=\"thumbnailUrl\" srcset=\"https:\/\/www.abanico.de\/abanico\/wp-content\/uploads\/2018\/11\/Verbandslogos.png 201w, https:\/\/www.abanico.de\/abanico\/wp-content\/uploads\/2018\/11\/Verbandslogos-200x105.png 200w\" sizes=\"(max-width: 201px) 100vw, 201px\" \/><\/div><\/div><\/div><\/div>\n<style type=\"text\/css\" data-created_by=\"avia_inline_auto\" id=\"style-css-av-2gdo9u-930bbac8a04c09fb83df72fdf1f90575\">\n.flex_column.av-2gdo9u-930bbac8a04c09fb83df72fdf1f90575{\nborder-radius:0px 0px 0px 0px;\n-webkit-border-radius:0px 0px 0px 0px;\n-moz-border-radius:0px 0px 0px 0px;\n}\n<\/style>\n<div class='flex_column av-2gdo9u-930bbac8a04c09fb83df72fdf1f90575 av_one_half  avia-builder-el-14  el_after_av_one_half  el_before_av_codeblock  flex_column_div av-zero-column-padding column-top-margin'   ><\/div>\n<\/div><\/div><\/div><!-- close content main div --><\/div><\/div><div id='after_section_3'  class='main_color av_default_container_wrap container_wrap sidebar_right'  ><div class='container av-section-cont-open' ><div class='template-page content  av-content-small alpha units'><div class='post-entry post-entry-type-page post-entry-11045'><div class='entry-content-wrapper clearfix'>\n","protected":false},"excerpt":{"rendered":"","protected":false},"author":1,"featured_media":0,"parent":11006,"menu_order":102,"comment_status":"closed","ping_status":"closed","template":"","meta":{"footnotes":""},"tags":[9670],"class_list":["post-11045","page","type-page","status-publish","hentry","tag-biographie"],"_links":{"self":[{"href":"https:\/\/www.abanico.de\/abanico\/wp-json\/wp\/v2\/pages\/11045","targetHints":{"allow":["GET"]}}],"collection":[{"href":"https:\/\/www.abanico.de\/abanico\/wp-json\/wp\/v2\/pages"}],"about":[{"href":"https:\/\/www.abanico.de\/abanico\/wp-json\/wp\/v2\/types\/page"}],"author":[{"embeddable":true,"href":"https:\/\/www.abanico.de\/abanico\/wp-json\/wp\/v2\/users\/1"}],"replies":[{"embeddable":true,"href":"https:\/\/www.abanico.de\/abanico\/wp-json\/wp\/v2\/comments?post=11045"}],"version-history":[{"count":7,"href":"https:\/\/www.abanico.de\/abanico\/wp-json\/wp\/v2\/pages\/11045\/revisions"}],"predecessor-version":[{"id":11863,"href":"https:\/\/www.abanico.de\/abanico\/wp-json\/wp\/v2\/pages\/11045\/revisions\/11863"}],"up":[{"embeddable":true,"href":"https:\/\/www.abanico.de\/abanico\/wp-json\/wp\/v2\/pages\/11006"}],"wp:attachment":[{"href":"https:\/\/www.abanico.de\/abanico\/wp-json\/wp\/v2\/media?parent=11045"}],"wp:term":[{"taxonomy":"post_tag","embeddable":true,"href":"https:\/\/www.abanico.de\/abanico\/wp-json\/wp\/v2\/tags?post=11045"}],"curies":[{"name":"wp","href":"https:\/\/api.w.org\/{rel}","templated":true}]}}