{"id":11040,"date":"2021-07-12T20:21:19","date_gmt":"2021-07-12T18:21:19","guid":{"rendered":"https:\/\/www.abanico.de\/abanico\/?page_id=11040"},"modified":"2021-07-13T16:51:52","modified_gmt":"2021-07-13T14:51:52","slug":"biografie","status":"publish","type":"page","link":"https:\/\/www.abanico.de\/abanico\/dieter-knuettel-de\/biografie\/","title":{"rendered":"Biografie"},"content":{"rendered":"<div class='clear'><\/div><div id='sub_menu1'  class='av-submenu-container av-jo8x1bf3-d205a9c3d6166d183402d0907914c18c header_color av-switch-768  avia-builder-el-0  el_before_av_section  avia-builder-el-first  av-sticky-submenu container_wrap sidebar_right' style='z-index:301' ><div class='container av-menu-mobile-active av-submenu-pos-center'><a href=\"#\" class=\"mobile_menu_toggle\" aria-hidden='true' data-av_icon='\ue8a5' data-av_iconfont='entypo-fontello'><span class=\"av-current-placeholder\">Men\u00fc<\/span><\/a><ul id=\"menu-dieter-knuettel-de\" class=\"av-subnav-menu\"><li role=\"menuitem\" id=\"menu-item-11125\" class=\"menu-item menu-item-type-post_type menu-item-object-page menu-item-top-level menu-item-top-level-1\"><a href=\"https:\/\/www.abanico.de\/abanico\/dieter-knuettel-de\/\" itemprop=\"url\" tabindex=\"0\"><span class=\"avia-bullet\"><\/span><span class=\"avia-menu-text\">Dieter Kn\u00fcttel<\/span><span class=\"avia-menu-fx\"><span class=\"avia-arrow-wrap\"><span class=\"avia-arrow\"><\/span><\/span><\/span><\/a><\/li>\n<li role=\"menuitem\" id=\"menu-item-11055\" class=\"menu-item menu-item-type-post_type menu-item-object-page menu-item-top-level menu-item-top-level-2\"><a href=\"https:\/\/www.abanico.de\/abanico\/dieter-knuettel-de\/biografie\/\" itemprop=\"url\" tabindex=\"0\"><span class=\"avia-bullet\"><\/span><span class=\"avia-menu-text\">Biografie<\/span><span class=\"avia-menu-fx\"><span class=\"avia-arrow-wrap\"><span class=\"avia-arrow\"><\/span><\/span><\/span><\/a><\/li>\n<li role=\"menuitem\" id=\"menu-item-12089\" class=\"menu-item menu-item-type-post_type menu-item-object-page menu-item-top-level menu-item-top-level-3\"><a href=\"https:\/\/www.abanico.de\/abanico\/dieter-knuettel-de\/biografie\/chronologie\/\" itemprop=\"url\" tabindex=\"0\"><span class=\"avia-bullet\"><\/span><span class=\"avia-menu-text\">Chronologie<\/span><span class=\"avia-menu-fx\"><span class=\"avia-arrow-wrap\"><span class=\"avia-arrow\"><\/span><\/span><\/span><\/a><\/li>\n<li role=\"menuitem\" id=\"menu-item-11056\" class=\"menu-item menu-item-type-post_type menu-item-object-page menu-item-top-level menu-item-top-level-4\"><a href=\"https:\/\/www.abanico.de\/abanico\/dieter-knuettel-de\/modern-arnis\/\" itemprop=\"url\" tabindex=\"0\"><span class=\"avia-bullet\"><\/span><span class=\"avia-menu-text\">Modern Arnis<\/span><span class=\"avia-menu-fx\"><span class=\"avia-arrow-wrap\"><span class=\"avia-arrow\"><\/span><\/span><\/span><\/a><\/li>\n<li role=\"menuitem\" id=\"menu-item-11083\" class=\"menu-item menu-item-type-post_type menu-item-object-page menu-item-top-level menu-item-top-level-5\"><a href=\"https:\/\/www.abanico.de\/abanico\/dieter-knuettel-de\/interview\/\" itemprop=\"url\" tabindex=\"0\"><span class=\"avia-bullet\"><\/span><span class=\"avia-menu-text\">Interview<\/span><span class=\"avia-menu-fx\"><span class=\"avia-arrow-wrap\"><span class=\"avia-arrow\"><\/span><\/span><\/span><\/a><\/li>\n<li role=\"menuitem\" id=\"menu-item-11112\" class=\"menu-item menu-item-type-post_type menu-item-object-page menu-item-top-level menu-item-top-level-6\"><a href=\"https:\/\/www.abanico.de\/abanico\/kontakt\/impressum\/\" itemprop=\"url\" tabindex=\"0\"><span class=\"avia-bullet\"><\/span><span class=\"avia-menu-text\">Impressum<\/span><span class=\"avia-menu-fx\"><span class=\"avia-arrow-wrap\"><span class=\"avia-arrow\"><\/span><\/span><\/span><\/a><\/li>\n<li role=\"menuitem\" id=\"menu-item-11111\" class=\"menu-item menu-item-type-post_type menu-item-object-page menu-item-privacy-policy menu-item-top-level menu-item-top-level-7\"><a href=\"https:\/\/www.abanico.de\/abanico\/informationen\/datenschutzerklaerung\/\" itemprop=\"url\" tabindex=\"0\"><span class=\"avia-bullet\"><\/span><span class=\"avia-menu-text\">Datenschutzerkl\u00e4rung<\/span><span class=\"avia-menu-fx\"><span class=\"avia-arrow-wrap\"><span class=\"avia-arrow\"><\/span><\/span><\/span><\/a><\/li>\n<li role=\"menuitem\" id=\"menu-item-11106\" class=\"menu-item menu-item-type-post_type menu-item-object-page menu-item-home menu-item-top-level menu-item-top-level-8\"><a href=\"https:\/\/www.abanico.de\/abanico\/\" itemprop=\"url\" tabindex=\"0\"><span class=\"avia-bullet\"><\/span><span class=\"avia-menu-text\">Abanico<\/span><span class=\"avia-menu-fx\"><span class=\"avia-arrow-wrap\"><span class=\"avia-arrow\"><\/span><\/span><\/span><\/a><\/li>\n<li role=\"menuitem\" id=\"menu-item-11020\" class=\"menu-item menu-item-type-custom menu-item-object-custom menu-item-top-level menu-item-top-level-9\"><a href=\"#pll_switcher\" itemprop=\"url\" tabindex=\"0\"><span class=\"avia-bullet\"><\/span><span class=\"avia-menu-text\">Sprachen<\/span><span class=\"avia-menu-fx\"><span class=\"avia-arrow-wrap\"><span class=\"avia-arrow\"><\/span><\/span><\/span><\/a><\/li>\n<\/ul><\/div><\/div><div class='sticky_placeholder'><\/div>\n\n<style type=\"text\/css\" data-created_by=\"avia_inline_auto\" id=\"style-css-av-jix5oqdh-212b460b4ce04a887a748a104eb34575\">\n.avia-section.av-jix5oqdh-212b460b4ce04a887a748a104eb34575{\nbackground-color:#000000;\nbackground-repeat:no-repeat;\nbackground-image:url(https:\/\/www.abanico.de\/abanico\/wp-content\/uploads\/2021\/07\/Header-Arnis.png);\nbackground-position:50% 0%;\nbackground-attachment:scroll;\n}\n.avia-section.av-jix5oqdh-212b460b4ce04a887a748a104eb34575 .av-section-color-overlay{\nopacity:0.2;\n}\n#top .avia-section.av-jix5oqdh-212b460b4ce04a887a748a104eb34575 .scroll-down-link{\ncolor:#d10000;\n}\n.avia-section.av-jix5oqdh-212b460b4ce04a887a748a104eb34575 .av-extra-border-element .av-extra-border-inner{\nbackground-color:#000000;\n}\n<\/style>\n<div id='av_section_1'  class='avia-section av-jix5oqdh-212b460b4ce04a887a748a104eb34575 main_color avia-section-large avia-shadow  avia-builder-el-1  el_after_av_submenu  el_before_av_section  avia-full-contain avia-bg-style-scroll av-section-color-overlay-active av-arrow-down-section av-minimum-height av-minimum-height-25  container_wrap sidebar_right'  data-section-bg-repeat='contain' data-av_minimum_height_pc='25'><div class='av-section-color-overlay-wrap'><div class=\"av-section-color-overlay\"><\/div><a href='#next-section' title='' class='scroll-down-link av-custom-scroll-down-color' aria-hidden='true' data-av_icon='\ue877' data-av_iconfont='entypo-fontello'><\/a><div class='container av-section-cont-open' ><div class='template-page content  av-content-small alpha units'><div class='post-entry post-entry-type-page post-entry-11040'><div class='entry-content-wrapper clearfix'>\n\n\n<\/div><\/div><\/div><!-- close content main div --><\/div><div class='av-extra-border-element border-extra-arrow-down'><div class='av-extra-border-outer'><div class='av-extra-border-inner'><\/div><\/div><\/div><\/div><\/div>\n<style type=\"text\/css\" data-created_by=\"avia_inline_auto\" id=\"style-css-av-jix5n6uv-2cb17b6cdbe57874ea4e16363d8764b1\">\n.avia-section.av-jix5n6uv-2cb17b6cdbe57874ea4e16363d8764b1{\nbackground-color:#dcdcdc;\n}\n.avia-section.av-jix5n6uv-2cb17b6cdbe57874ea4e16363d8764b1 .av-extra-border-element .av-extra-border-inner{\nbackground-color:#dcdcdc;\n}\n<\/style>\n<div id='av_section_2'  class='avia-section av-jix5n6uv-2cb17b6cdbe57874ea4e16363d8764b1 main_color avia-section-huge avia-no-border-styling  avia-builder-el-3  el_after_av_section  el_before_av_section  avia-bg-style-scroll av-arrow-down-section container_wrap sidebar_right'  ><div class='container av-section-cont-open' ><div class='template-page content  av-content-small alpha units'><div class='post-entry post-entry-type-page post-entry-11040'><div class='entry-content-wrapper clearfix'>\n\n<style type=\"text\/css\" data-created_by=\"avia_inline_auto\" id=\"style-css-av-2eisv6-6e0988c57de096135145147607138e54\">\n.flex_column.av-2eisv6-6e0988c57de096135145147607138e54{\nborder-radius:0px 0px 0px 0px;\n-webkit-border-radius:0px 0px 0px 0px;\n-moz-border-radius:0px 0px 0px 0px;\n}\n<\/style>\n<div class='flex_column av-2eisv6-6e0988c57de096135145147607138e54 av_one_full  avia-builder-el-4  avia-builder-el-no-sibling  first flex_column_div  av-animated-generic pop-up av-zero-column-padding '   ><style type=\"text\/css\" data-created_by=\"avia_inline_auto\" id=\"style-css-av-jo8xh9ie-8103d8e7c9dc4eabe5387eb8ae141880\">\n#top .av_textblock_section.av-jo8xh9ie-8103d8e7c9dc4eabe5387eb8ae141880 .avia_textblock{\nfont-size:18px;\ncolor:#000000;\n}\n<\/style>\n<section  class='av_textblock_section av-jo8xh9ie-8103d8e7c9dc4eabe5387eb8ae141880'  itemscope=\"itemscope\" itemtype=\"https:\/\/schema.org\/CreativeWork\" ><div class='avia_textblock av_inherit_color'  itemprop=\"text\" ><ul>\n<li>GM Datu Dieter Kn\u00fcttel begann sein Arnis-Training im Jahr 1978. Sein erster FMA Lehrer war Jackson Cui Brocka, dessen Lehrer Ernesto und Roberto Presas waren.<\/li>\n<li>1983 reiste er f\u00fcr einen drei monatigen Trainingsaufenthalt auf die Philippinen, um dort mit den folgenden Modern Arnis Gro\u00dfmeistern zu trainieren: Ernesto Presas, Roberto Presas, Cristino Vasquez, Rene Tongson, Rodel Dagooc, Willie Annang, Roland Dantes und anderen, wie z.B. Eulogio, Momoy, Cacoy und Dionisio Canete.<\/li>\n<li>Seit 1984 l\u00e4dt er und der DAV (nicht nur) philippinische Gro\u00dfmeister regelm\u00e4\u00dfig zu Lehrg\u00e4ngen nach Deutschland ein. GM Datu Dieter ist Diplom-Sportlehrer und war 1985 Mitbegr\u00fcnder des DAV.<\/li>\n<li>Seit der Gr\u00fcndung ist er DAV-Bundestrainer und war Europ\u00e4ischer Modern Arnis Repr\u00e4sentant von Gro\u00dfmeister Remy Presas von 1996 bis zu dessen Tod im Jahr 2001.<\/li>\n<li>1996 erhielt er den Titel DATU (als 4. von 6 Personen und einziger Europ\u00e4er) und den 6. Dan von Gro\u00dfmeister Remy Presas.<\/li>\n<li>Im M\u00e4rz 2003 erhielt er in Manila von einem Gremium aus vier 8. Danen und einem 9. Dan den Lakan Pito, den 7. Dan Modern Arnis verliehen.<\/li>\n<li>Am 25. Juli 2008 erhielt er in IloIlo (Philippinen) den 8. Dan Modern Arnis mit der gleichzeitigen Ernennung zu Gro\u00dfmeister.<\/li>\n<li>Am 20. Marz 2014 erhielt er in Subic (Philippinen) den 9. Dan Modern Arnis den philippinischen Modern Arnis Gro\u00dfmeistern.<\/li>\n<li>2014 erhielt er den LAKAN SIYAM (9. Dan) vom Modern Arnis Council und FMA Council der Philippinen w\u00e4hrend des 7th FMA World Festivals Subic (Philippinen).<\/li>\n<li>Im September 2016 wurde ihm von GM Roberto Presas, 10. Dan, als einziger nicht Filipino der 10. Dan Modern Arnis verliehen.<\/li>\n<\/ul>\n<p>GM Datu Dieter war Pr\u00fcfungsvorsitzender bei \u00fcber 500 Dan Pr\u00fcfungen im DAV, der nach internationaler Meinung (USA, Philippinen) einer der gr\u00f6\u00dften und am besten organisierten nationalen Modern Arnis Verb\u00e4nde der Welt ist.<br \/>\nSeit 1985 waren bisher fast 7000 Personen Mitglied im DAV und die Sommerlager und Speziallehrg\u00e4nge (Best of the West, 25 Jahre DAV) sind mit teilweise \u00fcber 200 Teilnehmer\/innen immer sehr gut besucht.<\/p>\n<p>Seit 1980 hat GM Datu Dieter etwa 800 Wochenend-Lehrg\u00e4nge gegeben, davon ca. 100 im Ausland und zwar in den folgenden L\u00e4ndern:<br \/>\nD\u00e4nemark, Schweden, Norwegen, Niederlande, Frankreich, England, Spanien, \u00d6sterreich, Schweiz, Tschechische Republik, Israel, Ukraine, Russland, USA, Australien und auf den Philippinen.<\/p>\n<p>Heute ist eines seiner Hauptziele, einen guten Kontakt zu allen Modern Arnis Verb\u00e4nden der Welt zu unterhalten, weshalb er 2002 zusammen mit Alfred Plath das FMA Festival in Deutschland gegr\u00fcndet hat und 2006 auf den Philippinen Gr\u00fcndungsmitglied der \u201eWorldwide Family of Modern Arnis\u201c, WFMA, war.<\/p>\n<\/div><\/section><br \/>\n\n<style type=\"text\/css\" data-created_by=\"avia_inline_auto\" id=\"style-css-av-jo94gs8o-66f63cb8e6f94657c8b03e18930bcfce\">\n#top .hr.av-jo94gs8o-66f63cb8e6f94657c8b03e18930bcfce{\nmargin-top:30px;\nmargin-bottom:30px;\n}\n.hr.av-jo94gs8o-66f63cb8e6f94657c8b03e18930bcfce .hr-inner{\nwidth:30%;\nborder-color:#d10000;\nmax-width:45%;\n}\n.hr.av-jo94gs8o-66f63cb8e6f94657c8b03e18930bcfce .av-seperator-icon{\ncolor:#d10000;\n}\n<\/style>\n<div  class='hr av-jo94gs8o-66f63cb8e6f94657c8b03e18930bcfce hr-custom  avia-builder-el-6  el_after_av_textblock  avia-builder-el-last  hr-center hr-icon-yes'><span class='hr-inner inner-border-av-border-thin'><span class=\"hr-inner-style\"><\/span><\/span><span class='av-seperator-icon' aria-hidden='true' data-av_icon='\ue87b' data-av_iconfont='entypo-fontello'><\/span><span class='hr-inner inner-border-av-border-thin'><span class=\"hr-inner-style\"><\/span><\/span><\/div><\/p><\/div>\n\n<\/div><\/div><\/div><!-- close content main div --><\/div><div class='av-extra-border-element border-extra-arrow-down'><div class='av-extra-border-outer'><div class='av-extra-border-inner'><\/div><\/div><\/div><\/div>\n<style type=\"text\/css\" data-created_by=\"avia_inline_auto\" id=\"style-css-av-5dh3z6-6ac14557cd7c874c35f35d222d9e00ad\">\n.avia-section.av-5dh3z6-6ac14557cd7c874c35f35d222d9e00ad{\nbackground-color:#000000;\n}\n<\/style>\n<div id='av_section_3'  class='avia-section av-5dh3z6-6ac14557cd7c874c35f35d222d9e00ad main_color avia-section-huge avia-no-border-styling  avia-builder-el-7  el_after_av_section  avia-builder-el-last  avia-bg-style-scroll container_wrap sidebar_right'  ><div class='container av-section-cont-open' ><div class='template-page content  av-content-small alpha units'><div class='post-entry post-entry-type-page post-entry-11040'><div class='entry-content-wrapper clearfix'>\n\n<style type=\"text\/css\" data-created_by=\"avia_inline_auto\" id=\"style-css-av-4eatk2-e7d5a2799775181b7dfb151c8a22264b\">\n.flex_column.av-4eatk2-e7d5a2799775181b7dfb151c8a22264b{\nborder-radius:0px 0px 0px 0px;\n-webkit-border-radius:0px 0px 0px 0px;\n-moz-border-radius:0px 0px 0px 0px;\n}\n<\/style>\n<div class='flex_column av-4eatk2-e7d5a2799775181b7dfb151c8a22264b av_one_half  avia-builder-el-8  el_before_av_one_half  avia-builder-el-first  first flex_column_div av-zero-column-padding '   ><section  class='av_textblock_section av-jo90hvm5-ab6bee4c92b107f79693f625e6a349f9'  itemscope=\"itemscope\" itemtype=\"https:\/\/schema.org\/CreativeWork\" ><div class='avia_textblock'  itemprop=\"text\" ><h3><span style=\"color: #ffff00;\">GM Datu Dieter Kn\u00fcttel<\/span><\/h3>\n<p>GM Datu Dieter Kn\u00fcttel ist Tr\u00e4ger des 10. Dan und Gro\u00dfmeister des Modern Arnis. Er ist Diplom-Sportlehrer und Bundestrainer des <a href=\"http:\/\/www.modern-arnis.de\">Deutschen Arnis Verbandes e.V. (DAV)<\/a>. Mit seiner Firma \u201e<a href=\"http:\/\/www.abanico.de\/shop\/\">ABANICO<\/a>\u201c produziert er Kampfkunst Lehrvideos, DVDs und downloadbare Medien.<\/p>\n<p><small>@2017 Dieter Kn\u00fcttel<\/small><\/p>\n<\/div><\/section><\/div>\n<style type=\"text\/css\" data-created_by=\"avia_inline_auto\" id=\"style-css-av-4eatk2-44a50b267df83e4b0920978137ca2286\">\n.flex_column.av-4eatk2-44a50b267df83e4b0920978137ca2286{\nborder-radius:0px 0px 0px 0px;\n-webkit-border-radius:0px 0px 0px 0px;\n-moz-border-radius:0px 0px 0px 0px;\n}\n<\/style>\n<div class='flex_column av-4eatk2-44a50b267df83e4b0920978137ca2286 av_one_half  avia-builder-el-10  el_after_av_one_half  el_before_av_one_half  flex_column_div av-zero-column-padding '   ><section  class='av_textblock_section av-2r4jqq-45ee2b01df1f15fea017d0c6f43ace55'  itemscope=\"itemscope\" itemtype=\"https:\/\/schema.org\/CreativeWork\" ><div class='avia_textblock'  itemprop=\"text\" ><h3><span style=\"color: #ffff00;\">Kontakt<\/span><\/h3>\n<p><strong>Adresse<\/strong><br \/>\nKnyphausenstr. 2b<br \/>\n44287 Dortmund<\/p>\n<p><strong>Kontakt<\/strong><br \/>\nTel.: + 49 (0)231 &#8211; 494 80 60<br \/>\nEmail: <a href=\"mailto:dk@abanico.de\">E-Mail<\/a><\/p>\n<\/div><\/section><\/div>\n<style type=\"text\/css\" data-created_by=\"avia_inline_auto\" id=\"style-css-av-4eatk2-e7d5a2799775181b7dfb151c8a22264b\">\n.flex_column.av-4eatk2-e7d5a2799775181b7dfb151c8a22264b{\nborder-radius:0px 0px 0px 0px;\n-webkit-border-radius:0px 0px 0px 0px;\n-moz-border-radius:0px 0px 0px 0px;\n}\n<\/style>\n<div class='flex_column av-4eatk2-e7d5a2799775181b7dfb151c8a22264b av_one_half  avia-builder-el-12  el_after_av_one_half  el_before_av_one_half  first flex_column_div av-zero-column-padding column-top-margin'   ><style type=\"text\/css\" data-created_by=\"avia_inline_auto\" id=\"style-css-av-jo90bz99-a46fe9b3f2a331db7c5716f1d2a5f9c9\">\n.avia-image-container.av-jo90bz99-a46fe9b3f2a331db7c5716f1d2a5f9c9 .av-image-caption-overlay-center{\ncolor:#ffffff;\n}\n<\/style>\n<div  class='avia-image-container av-jo90bz99-a46fe9b3f2a331db7c5716f1d2a5f9c9 av-styling- av-hover-grow avia-align-center  avia-builder-el-13  avia-builder-el-no-sibling '  itemprop=\"image\" itemscope=\"itemscope\" itemtype=\"https:\/\/schema.org\/ImageObject\" ><div class=\"avia-image-container-inner\"><div class=\"avia-image-overlay-wrap\"><img decoding=\"async\" class='wp-image-4240 avia-img-lazy-loading-not-4240 avia_image' src=\"https:\/\/www.abanico.de\/abanico\/wp-content\/uploads\/2018\/11\/Verbandslogos.png\" alt='' title='Verbandslogos'  height=\"105\" width=\"201\"  itemprop=\"thumbnailUrl\" srcset=\"https:\/\/www.abanico.de\/abanico\/wp-content\/uploads\/2018\/11\/Verbandslogos.png 201w, https:\/\/www.abanico.de\/abanico\/wp-content\/uploads\/2018\/11\/Verbandslogos-200x105.png 200w\" sizes=\"(max-width: 201px) 100vw, 201px\" \/><\/div><\/div><\/div><\/div>\n<style type=\"text\/css\" data-created_by=\"avia_inline_auto\" id=\"style-css-av-2gdo9u-930bbac8a04c09fb83df72fdf1f90575\">\n.flex_column.av-2gdo9u-930bbac8a04c09fb83df72fdf1f90575{\nborder-radius:0px 0px 0px 0px;\n-webkit-border-radius:0px 0px 0px 0px;\n-moz-border-radius:0px 0px 0px 0px;\n}\n<\/style>\n<div class='flex_column av-2gdo9u-930bbac8a04c09fb83df72fdf1f90575 av_one_half  avia-builder-el-14  el_after_av_one_half  el_before_av_codeblock  flex_column_div av-zero-column-padding column-top-margin'   ><\/div>\n<\/div><\/div><\/div><!-- close content main div --><\/div><\/div><div id='after_section_3'  class='main_color av_default_container_wrap container_wrap sidebar_right'  ><div class='container av-section-cont-open' ><div class='template-page content  av-content-small alpha units'><div class='post-entry post-entry-type-page post-entry-11040'><div class='entry-content-wrapper clearfix'>\n","protected":false},"excerpt":{"rendered":"","protected":false},"author":1,"featured_media":0,"parent":6826,"menu_order":102,"comment_status":"closed","ping_status":"closed","template":"","meta":{"footnotes":""},"tags":[9664],"class_list":["post-11040","page","type-page","status-publish","hentry","tag-biografie"],"_links":{"self":[{"href":"https:\/\/www.abanico.de\/abanico\/wp-json\/wp\/v2\/pages\/11040","targetHints":{"allow":["GET"]}}],"collection":[{"href":"https:\/\/www.abanico.de\/abanico\/wp-json\/wp\/v2\/pages"}],"about":[{"href":"https:\/\/www.abanico.de\/abanico\/wp-json\/wp\/v2\/types\/page"}],"author":[{"embeddable":true,"href":"https:\/\/www.abanico.de\/abanico\/wp-json\/wp\/v2\/users\/1"}],"replies":[{"embeddable":true,"href":"https:\/\/www.abanico.de\/abanico\/wp-json\/wp\/v2\/comments?post=11040"}],"version-history":[{"count":5,"href":"https:\/\/www.abanico.de\/abanico\/wp-json\/wp\/v2\/pages\/11040\/revisions"}],"predecessor-version":[{"id":11118,"href":"https:\/\/www.abanico.de\/abanico\/wp-json\/wp\/v2\/pages\/11040\/revisions\/11118"}],"up":[{"embeddable":true,"href":"https:\/\/www.abanico.de\/abanico\/wp-json\/wp\/v2\/pages\/6826"}],"wp:attachment":[{"href":"https:\/\/www.abanico.de\/abanico\/wp-json\/wp\/v2\/media?parent=11040"}],"wp:term":[{"taxonomy":"post_tag","embeddable":true,"href":"https:\/\/www.abanico.de\/abanico\/wp-json\/wp\/v2\/tags?post=11040"}],"curies":[{"name":"wp","href":"https:\/\/api.w.org\/{rel}","templated":true}]}}